{"id":69351,"date":"2023-09-17T15:21:40","date_gmt":"2023-09-17T13:21:40","guid":{"rendered":"https:\/\/poppers-online.ch\/?post_type=product&#038;p=69351"},"modified":"2024-10-15T23:45:39","modified_gmt":"2024-10-15T21:45:39","slug":"boy-19-teen-twink-masturbator-cyrus-stark","status":"publish","type":"product","link":"https:\/\/poppers-online.ch\/fr\/produit\/boy-19-teen-twink-masturbator-cyrus-stark\/","title":{"rendered":"Boy 19! Teen Twink Masturbator &#8211; Cyrus Stark"},"content":{"rendered":"","protected":false},"excerpt":{"rendered":"<p>Ne te laisse pas tromper par son doux visage et ses yeux bleus. Cyrus Stark aime les choses sauvages. En bas ou en haut, tout fonctionne pour lui ! Merci \u00e0 Boy 19 ! Maintenant, tu peux avoir sa bouche affam\u00e9e quand tu veux. Ce masturbateur a \u00e9t\u00e9 moul\u00e9 en d\u00e9tail par la star du porno elle-m\u00eame, tu reconna\u00eetras ses l\u00e8vres sexy d\u00e8s que tu les verras !<\/p>\n<p>Le Stroker de Cyrus Stark est fabriqu\u00e9 en TPR sans phtalate et dispose d&rsquo;un tunnel structur\u00e9 pour de v\u00e9ritables sensations de fellation. Le masturbateur est lisse et souple, ce qui te permet de le presser avec la main pendant l&rsquo;action pour obtenir une stimulation plus forte. .<\/p>\n<p>Le cou \u00e9troit est aussi d\u00e9licieux qu&rsquo;il peut l&rsquo;\u00eatre. Nous recommandons d&rsquo;utiliser un lubrifiant \u00e0 base d&rsquo;eau pour profiter pleinement de l&rsquo;exp\u00e9rience. Apr\u00e8s utilisation, nettoie soigneusement ton masturbateur \u00e0 l&rsquo;eau ti\u00e8de et au savon doux. Laisse-le s\u00e9cher \u00e0 l&rsquo;air libre et applique du Toy Cleaner.<\/p>\n<p>D\u00e9tails du produit :<\/p>\n<ul>\n<li>moul\u00e9 par Cyrus Stark lui-m\u00eame<\/li>\n<li>tunnel int\u00e9rieur structur\u00e9 pour des sensations semblables \u00e0 la fellation<\/li>\n<li>compatible avec un lubrifiant \u00e0 base d&rsquo;eau<\/li>\n<li>TPR sans phtalates<\/li>\n<\/ul>\n<ul>\n<li><strong>longueur totale:<\/strong> env. 15 cm<\/li>\n<li><strong>diam\u00e8tre:<\/strong> env. 5 &#8211; 6 cm<\/li>\n<li><strong>mati\u00e8re:<\/strong> TPR<\/li>\n<li><strong>couleur:<\/strong> peau claire<\/li>\n<\/ul>\n","protected":false},"featured_media":69365,"comment_status":"open","ping_status":"closed","template":"","meta":{"_acf_changed":false,"iawp_total_views":14,"_glsr_average":0,"_glsr_ranking":0,"_glsr_reviews":0},"product_brand":[],"product_cat":[2094,171],"product_tag":[1217],"class_list":{"0":"post-69351","1":"product","2":"type-product","3":"status-publish","4":"has-post-thumbnail","6":"product_cat-masturbateur","7":"product_cat-sex-toys","8":"product_tag-boy-19-teen-twink-masturbator-cyrus-stark-fr","10":"first","11":"instock","12":"sale","13":"taxable","14":"shipping-taxable","15":"purchasable","16":"product-type-simple"},"acf":[],"_links":{"self":[{"href":"https:\/\/poppers-online.ch\/fr\/wp-json\/wp\/v2\/product\/69351","targetHints":{"allow":["GET"]}}],"collection":[{"href":"https:\/\/poppers-online.ch\/fr\/wp-json\/wp\/v2\/product"}],"about":[{"href":"https:\/\/poppers-online.ch\/fr\/wp-json\/wp\/v2\/types\/product"}],"replies":[{"embeddable":true,"href":"https:\/\/poppers-online.ch\/fr\/wp-json\/wp\/v2\/comments?post=69351"}],"wp:featuredmedia":[{"embeddable":true,"href":"https:\/\/poppers-online.ch\/fr\/wp-json\/wp\/v2\/media\/69365"}],"wp:attachment":[{"href":"https:\/\/poppers-online.ch\/fr\/wp-json\/wp\/v2\/media?parent=69351"}],"wp:term":[{"taxonomy":"product_brand","embeddable":true,"href":"https:\/\/poppers-online.ch\/fr\/wp-json\/wp\/v2\/product_brand?post=69351"},{"taxonomy":"product_cat","embeddable":true,"href":"https:\/\/poppers-online.ch\/fr\/wp-json\/wp\/v2\/product_cat?post=69351"},{"taxonomy":"product_tag","embeddable":true,"href":"https:\/\/poppers-online.ch\/fr\/wp-json\/wp\/v2\/product_tag?post=69351"}],"curies":[{"name":"wp","href":"https:\/\/api.w.org\/{rel}","templated":true}]}}