{"id":68158,"date":"2023-09-03T21:44:37","date_gmt":"2023-09-03T19:44:37","guid":{"rendered":"https:\/\/poppers-online.ch\/?post_type=product&#038;p=68158"},"modified":"2025-08-18T10:48:00","modified_gmt":"2025-08-18T08:48:00","slug":"lady-poppers-24ml","status":"publish","type":"product","link":"https:\/\/poppers-online.ch\/fr\/produit\/lady-poppers-24ml\/","title":{"rendered":"LADY Poppers 24ml"},"content":{"rendered":"","protected":false},"excerpt":{"rendered":"<p><span style=\"font-weight: 400;\"><strong>LADY Poppers 24ml <\/strong>est sur le march\u00e9 depuis 2023 et contient l&rsquo;ancien v\u00e9ritable nitrite de pentyle.<br \/>LADY Poppers s&rsquo;adresse, comme son nom l&rsquo;indique, \u00e0 toutes les femmes qui veulent se d\u00e9tendre lors de rapports sexuels vaginaux ou anaux. Avec une <strong>intensit\u00e9 de 4<\/strong>, le poppers est moyennement fort et se d\u00e9ploie en douceur dans tout le corps. LADY Poppers est \u00e9galement disponible en flacon de 10\u202fml.   <\/span><\/p>\n","protected":false},"featured_media":68150,"comment_status":"open","ping_status":"closed","template":"","meta":{"_acf_changed":false,"iawp_total_views":7,"_glsr_average":0,"_glsr_ranking":0,"_glsr_reviews":0},"product_brand":[],"product_cat":[77],"product_tag":[1212],"class_list":{"0":"post-68158","1":"product","2":"type-product","3":"status-publish","4":"has-post-thumbnail","6":"product_cat-grands-flacons","7":"product_tag-lady-poppers-24ml-fr","8":"pa_flaschenform-ovale","9":"pa_gewindegroesse-small","10":"pa_inhalt-24ml","11":"pa_inhaltsstoffe-nitrite-de-pentyle","12":"pa_marke-edition-oxy","13":"pa_staerke-89","15":"first","16":"instock","17":"taxable","18":"shipping-taxable","19":"purchasable","20":"product-type-simple"},"acf":[],"_links":{"self":[{"href":"https:\/\/poppers-online.ch\/fr\/wp-json\/wp\/v2\/product\/68158","targetHints":{"allow":["GET"]}}],"collection":[{"href":"https:\/\/poppers-online.ch\/fr\/wp-json\/wp\/v2\/product"}],"about":[{"href":"https:\/\/poppers-online.ch\/fr\/wp-json\/wp\/v2\/types\/product"}],"replies":[{"embeddable":true,"href":"https:\/\/poppers-online.ch\/fr\/wp-json\/wp\/v2\/comments?post=68158"}],"wp:featuredmedia":[{"embeddable":true,"href":"https:\/\/poppers-online.ch\/fr\/wp-json\/wp\/v2\/media\/68150"}],"wp:attachment":[{"href":"https:\/\/poppers-online.ch\/fr\/wp-json\/wp\/v2\/media?parent=68158"}],"wp:term":[{"taxonomy":"product_brand","embeddable":true,"href":"https:\/\/poppers-online.ch\/fr\/wp-json\/wp\/v2\/product_brand?post=68158"},{"taxonomy":"product_cat","embeddable":true,"href":"https:\/\/poppers-online.ch\/fr\/wp-json\/wp\/v2\/product_cat?post=68158"},{"taxonomy":"product_tag","embeddable":true,"href":"https:\/\/poppers-online.ch\/fr\/wp-json\/wp\/v2\/product_tag?post=68158"}],"curies":[{"name":"wp","href":"https:\/\/api.w.org\/{rel}","templated":true}]}}