{"id":68129,"date":"2023-09-03T20:23:25","date_gmt":"2023-09-03T18:23:25","guid":{"rendered":"https:\/\/poppers-online.ch\/?post_type=product&#038;p=68129"},"modified":"2026-03-11T14:59:50","modified_gmt":"2026-03-11T13:59:50","slug":"amnesia-420-poppers-24ml","status":"publish","type":"product","link":"https:\/\/poppers-online.ch\/fr\/produit\/amnesia-420-poppers-24ml\/","title":{"rendered":"AMNESIA 420 Poppers 24ml"},"content":{"rendered":"","protected":false},"excerpt":{"rendered":"<p><span style=\"font-weight: 400;\"><strong>AMNESIA 420 Poppers 24ml<\/strong> est sur le march\u00e9 depuis 2023 et contient l&rsquo;ancien v\u00e9ritable nitrite de pentyle. Ce poppers porte bien le symbole 420 et une feuille de chanvre sur l&rsquo;\u00e9tiquette, mais la flacon ne contient pas de produit \u00e0 base de chanvre. Les poppers ne sont pas des drogues ni des stup\u00e9fiants. Mais ce poppers te fait aussi oublier tout ce qui t&rsquo;entoure pour que tu puisses baiser comme s&rsquo;il n&rsquo;y avait pas de lendemain. AMNESIA 420 Poppers est \u00e9galement disponible en flacon de 10 ml.<\/span><\/p>\n","protected":false},"featured_media":130066,"comment_status":"open","ping_status":"closed","template":"","meta":{"_acf_changed":false,"iawp_total_views":9,"_glsr_average":0,"_glsr_ranking":0,"_glsr_reviews":0},"product_brand":[],"product_cat":[77],"product_tag":[1204],"class_list":{"0":"post-68129","1":"product","2":"type-product","3":"status-publish","4":"has-post-thumbnail","6":"product_cat-grands-flacons","7":"product_tag-amnesia-420-poppers-24ml-fr","8":"pa_flaschenform-ovale","9":"pa_gewindegroesse-small","10":"pa_inhalt-24ml","11":"pa_inhaltsstoffe-nitrite-de-pentyle","12":"pa_marke-edition-oxy","13":"pa_staerke-90","15":"first","16":"instock","17":"taxable","18":"shipping-taxable","19":"purchasable","20":"product-type-simple"},"acf":[],"_links":{"self":[{"href":"https:\/\/poppers-online.ch\/fr\/wp-json\/wp\/v2\/product\/68129","targetHints":{"allow":["GET"]}}],"collection":[{"href":"https:\/\/poppers-online.ch\/fr\/wp-json\/wp\/v2\/product"}],"about":[{"href":"https:\/\/poppers-online.ch\/fr\/wp-json\/wp\/v2\/types\/product"}],"replies":[{"embeddable":true,"href":"https:\/\/poppers-online.ch\/fr\/wp-json\/wp\/v2\/comments?post=68129"}],"wp:featuredmedia":[{"embeddable":true,"href":"https:\/\/poppers-online.ch\/fr\/wp-json\/wp\/v2\/media\/130066"}],"wp:attachment":[{"href":"https:\/\/poppers-online.ch\/fr\/wp-json\/wp\/v2\/media?parent=68129"}],"wp:term":[{"taxonomy":"product_brand","embeddable":true,"href":"https:\/\/poppers-online.ch\/fr\/wp-json\/wp\/v2\/product_brand?post=68129"},{"taxonomy":"product_cat","embeddable":true,"href":"https:\/\/poppers-online.ch\/fr\/wp-json\/wp\/v2\/product_cat?post=68129"},{"taxonomy":"product_tag","embeddable":true,"href":"https:\/\/poppers-online.ch\/fr\/wp-json\/wp\/v2\/product_tag?post=68129"}],"curies":[{"name":"wp","href":"https:\/\/api.w.org\/{rel}","templated":true}]}}