{"id":68105,"date":"2023-09-03T20:01:22","date_gmt":"2023-09-03T18:01:22","guid":{"rendered":"https:\/\/poppers-online.ch\/?post_type=product&#038;p=68105"},"modified":"2026-03-02T13:15:23","modified_gmt":"2026-03-02T12:15:23","slug":"zuerich-poppers-24ml","status":"publish","type":"product","link":"https:\/\/poppers-online.ch\/fr\/produit\/zuerich-poppers-24ml\/","title":{"rendered":"Poppers de Zurich 24ml"},"content":{"rendered":"","protected":false},"excerpt":{"rendered":"<p><span style=\"font-weight: 400\"><strong>Le Z\u00fcrich Poppers 24ml <\/strong>est sur le march\u00e9 depuis 2023 et contient l\u2019ancien vrai nitrite de pentyle. Apr\u00e8s le Poppers d\u2019Amsterdam et le Poppers de Berlin, voici enfin le Poppers de Zurich.  Zurich n\u2019est pas seulement synonyme de <\/span><span style=\"font-weight: 400\">Zwingli, de Pestalozzi, du Sechsel\u00e4uten et du Knabenschiessen. <\/span><span style=\"font-weight: 400\">Zurich est la m\u00e9tropole gay de Suisse et est consid\u00e9r\u00e9e comme la ville la plus gay-friendly de Suisse. C\u2019est pourquoi nous avons d\u00e9di\u00e9 le Z\u00fcrich Poppers de <strong>intensit\u00e9 6<\/strong> \u00e0 cette ville que nous aimons par-dessus tout. Zurich, continue \u00e0 \u00eatre aussi ouverte envers nous tous.<\/span><\/p>\n","protected":false},"featured_media":68096,"comment_status":"open","ping_status":"closed","template":"","meta":{"_acf_changed":false,"iawp_total_views":121,"_glsr_average":0,"_glsr_ranking":0,"_glsr_reviews":0},"product_brand":[],"product_cat":[77],"product_tag":[1197],"class_list":{"0":"post-68105","1":"product","2":"type-product","3":"status-publish","4":"has-post-thumbnail","6":"product_cat-grands-flacons","7":"product_tag-zuerich-poppers-24ml-fr","8":"pa_flaschenform-ovale","9":"pa_gewindegroesse-small","10":"pa_inhalt-24ml","11":"pa_inhaltsstoffe-nitrite-de-pentyle","12":"pa_marke-edition-oxy","13":"pa_staerke-91","15":"first","16":"instock","17":"taxable","18":"shipping-taxable","19":"purchasable","20":"product-type-simple"},"acf":[],"_links":{"self":[{"href":"https:\/\/poppers-online.ch\/fr\/wp-json\/wp\/v2\/product\/68105","targetHints":{"allow":["GET"]}}],"collection":[{"href":"https:\/\/poppers-online.ch\/fr\/wp-json\/wp\/v2\/product"}],"about":[{"href":"https:\/\/poppers-online.ch\/fr\/wp-json\/wp\/v2\/types\/product"}],"replies":[{"embeddable":true,"href":"https:\/\/poppers-online.ch\/fr\/wp-json\/wp\/v2\/comments?post=68105"}],"wp:featuredmedia":[{"embeddable":true,"href":"https:\/\/poppers-online.ch\/fr\/wp-json\/wp\/v2\/media\/68096"}],"wp:attachment":[{"href":"https:\/\/poppers-online.ch\/fr\/wp-json\/wp\/v2\/media?parent=68105"}],"wp:term":[{"taxonomy":"product_brand","embeddable":true,"href":"https:\/\/poppers-online.ch\/fr\/wp-json\/wp\/v2\/product_brand?post=68105"},{"taxonomy":"product_cat","embeddable":true,"href":"https:\/\/poppers-online.ch\/fr\/wp-json\/wp\/v2\/product_cat?post=68105"},{"taxonomy":"product_tag","embeddable":true,"href":"https:\/\/poppers-online.ch\/fr\/wp-json\/wp\/v2\/product_tag?post=68105"}],"curies":[{"name":"wp","href":"https:\/\/api.w.org\/{rel}","templated":true}]}}