{"id":68071,"date":"2023-09-03T19:29:57","date_gmt":"2023-09-03T17:29:57","guid":{"rendered":"https:\/\/poppers-online.ch\/?post_type=product&#038;p=68071"},"modified":"2025-10-23T12:45:31","modified_gmt":"2025-10-23T10:45:31","slug":"cbd-poppers-extreme-24ml","status":"publish","type":"product","link":"https:\/\/poppers-online.ch\/fr\/produit\/cbd-poppers-extreme-24ml\/","title":{"rendered":"CBD Poppers Extreme 24ml"},"content":{"rendered":"","protected":false},"excerpt":{"rendered":"<p><span style=\"font-weight: 400\"><strong>CBD Poppers extreme 24ml <\/strong>est sur le march\u00e9 depuis 2023 et contient l\u2019ancien v\u00e9ritable nitrite de pentyle. Pour tous les amateurs d\u2019herbe et de chanvre : ce poppers s\u2019appelle CBD Poppers, mais il ne contient pas d\u2019huile de CBD ni de chanvre. L\u2019<strong>intensit\u00e9 de 5<\/strong> garantit toutefois que le CBD Poppers se marie tr\u00e8s bien avec la consommation de produits \u00e0 base de chanvre de toutes sortes. Fais attention \u00e0 la consommation mixte. Les effets du cannabis et du poppers se renforcent mutuellement. CBD Poppers extreme est \u00e9galement disponible en flacon de 10\u202fml.  <\/span><a href=\"https:\/\/drgay.ch\/sex-and-drugs\/substanzen\/mischkonsum\"><span style=\"font-weight: 400\">https:\/\/drgay.ch\/sex-and-drugs\/substanzen\/mischkonsum<\/span><\/a><span style=\"font-weight: 400\">). CBD Poppers extreme est \u00e9galement disponible en bouteille de 10 ml.<\/span><span style=\"font-weight: 400\">.<\/span><\/p>\n","protected":false},"featured_media":68075,"comment_status":"open","ping_status":"closed","template":"","meta":{"_acf_changed":false,"iawp_total_views":3,"_glsr_average":0,"_glsr_ranking":0,"_glsr_reviews":0},"product_brand":[],"product_cat":[77],"product_tag":[1189],"class_list":{"0":"post-68071","1":"product","2":"type-product","3":"status-publish","4":"has-post-thumbnail","6":"product_cat-grands-flacons","7":"product_tag-cbd-poppers-extreme-24ml-fr","8":"pa_flaschenform-ovale","9":"pa_gewindegroesse-small","10":"pa_inhalt-24ml","11":"pa_inhaltsstoffe-nitrite-de-pentyle","12":"pa_marke-edition-oxy","13":"pa_staerke-90","15":"first","16":"instock","17":"taxable","18":"shipping-taxable","19":"purchasable","20":"product-type-simple"},"acf":[],"_links":{"self":[{"href":"https:\/\/poppers-online.ch\/fr\/wp-json\/wp\/v2\/product\/68071","targetHints":{"allow":["GET"]}}],"collection":[{"href":"https:\/\/poppers-online.ch\/fr\/wp-json\/wp\/v2\/product"}],"about":[{"href":"https:\/\/poppers-online.ch\/fr\/wp-json\/wp\/v2\/types\/product"}],"replies":[{"embeddable":true,"href":"https:\/\/poppers-online.ch\/fr\/wp-json\/wp\/v2\/comments?post=68071"}],"wp:featuredmedia":[{"embeddable":true,"href":"https:\/\/poppers-online.ch\/fr\/wp-json\/wp\/v2\/media\/68075"}],"wp:attachment":[{"href":"https:\/\/poppers-online.ch\/fr\/wp-json\/wp\/v2\/media?parent=68071"}],"wp:term":[{"taxonomy":"product_brand","embeddable":true,"href":"https:\/\/poppers-online.ch\/fr\/wp-json\/wp\/v2\/product_brand?post=68071"},{"taxonomy":"product_cat","embeddable":true,"href":"https:\/\/poppers-online.ch\/fr\/wp-json\/wp\/v2\/product_cat?post=68071"},{"taxonomy":"product_tag","embeddable":true,"href":"https:\/\/poppers-online.ch\/fr\/wp-json\/wp\/v2\/product_tag?post=68071"}],"curies":[{"name":"wp","href":"https:\/\/api.w.org\/{rel}","templated":true}]}}