{"id":68065,"date":"2023-09-03T19:17:48","date_gmt":"2023-09-03T17:17:49","guid":{"rendered":"https:\/\/poppers-online.ch\/?post_type=product&#038;p=68065"},"modified":"2024-10-15T23:50:55","modified_gmt":"2024-10-15T21:50:55","slug":"basic-bitch-for-beginners-poppers-24ml","status":"publish","type":"product","link":"https:\/\/poppers-online.ch\/fr\/produit\/basic-bitch-for-beginners-poppers-24ml\/","title":{"rendered":"BASIC BITCH FOR BEGINNERS Poppers 24ml"},"content":{"rendered":"","protected":false},"excerpt":{"rendered":"<p>Le <strong>BASIC BITCH FOR BEGINNERS Poppers 24ml<\/strong> est sur le march\u00e9 depuis 2023 et contient l&rsquo;ancien vrai pentyl nitrite. Ce poppers est destin\u00e9 aux hommes et aux femmes qui veulent s&rsquo;initier au monde du poppers. Ce poppers l\u00e8ve tes inhibitions et fait de toi une simple salope au lit ou en soir\u00e9e. Si tu n&rsquo;as jamais consomm\u00e9 de poppers, consulte nos conseils dans la section FAQ de ce site. Le poppers BASIC BITCH FOR BEGINNERS est \u00e9galement disponible en flacon de 10 ml.<\/p>\n","protected":false},"featured_media":68055,"comment_status":"open","ping_status":"closed","template":"","meta":{"_acf_changed":false,"iawp_total_views":25,"_glsr_average":0,"_glsr_ranking":0,"_glsr_reviews":0},"product_brand":[],"product_cat":[77],"product_tag":[1185],"class_list":{"0":"post-68065","1":"product","2":"type-product","3":"status-publish","4":"has-post-thumbnail","6":"product_cat-grands-flacons","7":"product_tag-basic-bitch-for-beginners-poppers-24ml-fr","8":"pa_flaschenform-ovale","9":"pa_gewindegroesse-small","10":"pa_inhalt-24ml","11":"pa_inhaltsstoffe-nitrite-de-pentyle","12":"pa_marke-edition-oxy","13":"pa_staerke-89","15":"first","16":"instock","17":"taxable","18":"shipping-taxable","19":"purchasable","20":"product-type-simple"},"acf":[],"_links":{"self":[{"href":"https:\/\/poppers-online.ch\/fr\/wp-json\/wp\/v2\/product\/68065","targetHints":{"allow":["GET"]}}],"collection":[{"href":"https:\/\/poppers-online.ch\/fr\/wp-json\/wp\/v2\/product"}],"about":[{"href":"https:\/\/poppers-online.ch\/fr\/wp-json\/wp\/v2\/types\/product"}],"replies":[{"embeddable":true,"href":"https:\/\/poppers-online.ch\/fr\/wp-json\/wp\/v2\/comments?post=68065"}],"wp:featuredmedia":[{"embeddable":true,"href":"https:\/\/poppers-online.ch\/fr\/wp-json\/wp\/v2\/media\/68055"}],"wp:attachment":[{"href":"https:\/\/poppers-online.ch\/fr\/wp-json\/wp\/v2\/media?parent=68065"}],"wp:term":[{"taxonomy":"product_brand","embeddable":true,"href":"https:\/\/poppers-online.ch\/fr\/wp-json\/wp\/v2\/product_brand?post=68065"},{"taxonomy":"product_cat","embeddable":true,"href":"https:\/\/poppers-online.ch\/fr\/wp-json\/wp\/v2\/product_cat?post=68065"},{"taxonomy":"product_tag","embeddable":true,"href":"https:\/\/poppers-online.ch\/fr\/wp-json\/wp\/v2\/product_tag?post=68065"}],"curies":[{"name":"wp","href":"https:\/\/api.w.org\/{rel}","templated":true}]}}