{"id":67975,"date":"2023-09-03T15:44:34","date_gmt":"2023-09-03T13:44:34","guid":{"rendered":"https:\/\/poppers-online.ch\/?post_type=product&#038;p=67975"},"modified":"2025-08-18T10:46:07","modified_gmt":"2025-08-18T08:46:07","slug":"glory-hole-poppers-10ml","status":"publish","type":"product","link":"https:\/\/poppers-online.ch\/fr\/produit\/glory-hole-poppers-10ml\/","title":{"rendered":"GLORY HOLE Poppers 10ml"},"content":{"rendered":"","protected":false},"excerpt":{"rendered":"<p><span style=\"font-weight: 400\"><strong>GLORY HOLE Poppers 10ml<\/strong> est sur le march\u00e9 depuis 2023 et contient l&rsquo;ancien vrai pentyl nitrite. Ce poppers est destin\u00e9 \u00e0 tous les fans d&rsquo;oral dont la bouche n&rsquo;en a jamais assez. Gr\u00e2ce \u00e0 l\u2019<strong>intensit\u00e9 6<\/strong> de ce flacon, tu en veux toujours plus, que tu sois fan de Gloryhole ou expert en mati\u00e8re d\u2019hygi\u00e8ne buccale. GLORY HOLE Poppers est \u00e9galement disponible en flacon de 24\u202fml. <\/span><\/p>\n","protected":false},"featured_media":67979,"comment_status":"open","ping_status":"closed","template":"","meta":{"_acf_changed":false,"iawp_total_views":13,"_glsr_average":0,"_glsr_ranking":0,"_glsr_reviews":0},"product_brand":[],"product_cat":[78],"product_tag":[1165],"class_list":{"0":"post-67975","1":"product","2":"type-product","3":"status-publish","4":"has-post-thumbnail","6":"product_cat-petits-flacons","7":"product_tag-glory-hole-poppers-10ml-fr","8":"pa_flaschenform-rond-petit","9":"pa_gewindegroesse-small","10":"pa_inhalt-10ml","11":"pa_inhaltsstoffe-nitrite-de-pentyle","12":"pa_marke-edition-oxy","13":"pa_staerke-91","15":"first","16":"instock","17":"taxable","18":"shipping-taxable","19":"purchasable","20":"product-type-simple"},"acf":[],"_links":{"self":[{"href":"https:\/\/poppers-online.ch\/fr\/wp-json\/wp\/v2\/product\/67975","targetHints":{"allow":["GET"]}}],"collection":[{"href":"https:\/\/poppers-online.ch\/fr\/wp-json\/wp\/v2\/product"}],"about":[{"href":"https:\/\/poppers-online.ch\/fr\/wp-json\/wp\/v2\/types\/product"}],"replies":[{"embeddable":true,"href":"https:\/\/poppers-online.ch\/fr\/wp-json\/wp\/v2\/comments?post=67975"}],"wp:featuredmedia":[{"embeddable":true,"href":"https:\/\/poppers-online.ch\/fr\/wp-json\/wp\/v2\/media\/67979"}],"wp:attachment":[{"href":"https:\/\/poppers-online.ch\/fr\/wp-json\/wp\/v2\/media?parent=67975"}],"wp:term":[{"taxonomy":"product_brand","embeddable":true,"href":"https:\/\/poppers-online.ch\/fr\/wp-json\/wp\/v2\/product_brand?post=67975"},{"taxonomy":"product_cat","embeddable":true,"href":"https:\/\/poppers-online.ch\/fr\/wp-json\/wp\/v2\/product_cat?post=67975"},{"taxonomy":"product_tag","embeddable":true,"href":"https:\/\/poppers-online.ch\/fr\/wp-json\/wp\/v2\/product_tag?post=67975"}],"curies":[{"name":"wp","href":"https:\/\/api.w.org\/{rel}","templated":true}]}}