{"id":67948,"date":"2023-09-03T15:16:01","date_gmt":"2023-09-03T13:16:01","guid":{"rendered":"https:\/\/poppers-online.ch\/?post_type=product&#038;p=67948"},"modified":"2026-04-06T09:16:26","modified_gmt":"2026-04-06T07:16:26","slug":"bdsm-ultra-poppers-10ml","status":"publish","type":"product","link":"https:\/\/poppers-online.ch\/fr\/produit\/bdsm-ultra-poppers-10ml\/","title":{"rendered":"BDSM ULTRA Poppers 10ml"},"content":{"rendered":"","protected":false},"excerpt":{"rendered":"<p><span style=\"font-weight: 400\">Le <strong>BDSM ULTRA Poppers 10ml<\/strong> est sur le march\u00e9 depuis 2023 et contient l\u2019ancien vrai pentyl nitrite. Ce poppers avanc\u00e9 ne doit en aucun cas manquer lors de ta prochaine session BDSM. Gr\u00e2ce \u00e0 l\u2019<g id=\"gid_1\">intensit\u00e9 6 de<\/g> ce flacon, toi et chaque esclave soumis en aurez pour votre argent. Le poppers BDSM ULTRA est ultra dur, ultra fort et ultra durable. Il est \u00e9galement disponible en flacon de 24 ml.    <\/span><\/p>\n","protected":false},"featured_media":67952,"comment_status":"open","ping_status":"closed","template":"","meta":{"_acf_changed":false,"iawp_total_views":24,"_glsr_average":0,"_glsr_ranking":0,"_glsr_reviews":0},"product_brand":[],"product_cat":[78],"product_tag":[1157],"class_list":{"0":"post-67948","1":"product","2":"type-product","3":"status-publish","4":"has-post-thumbnail","6":"product_cat-petits-flacons","7":"product_tag-bdsm-ultra-poppers-10ml-fr","8":"pa_flaschenform-rond-petit","9":"pa_gewindegroesse-small","10":"pa_inhalt-10ml","11":"pa_inhaltsstoffe-nitrite-de-pentyle","12":"pa_marke-edition-oxy","13":"pa_staerke-91","15":"first","16":"instock","17":"taxable","18":"shipping-taxable","19":"purchasable","20":"product-type-simple"},"acf":[],"_links":{"self":[{"href":"https:\/\/poppers-online.ch\/fr\/wp-json\/wp\/v2\/product\/67948","targetHints":{"allow":["GET"]}}],"collection":[{"href":"https:\/\/poppers-online.ch\/fr\/wp-json\/wp\/v2\/product"}],"about":[{"href":"https:\/\/poppers-online.ch\/fr\/wp-json\/wp\/v2\/types\/product"}],"replies":[{"embeddable":true,"href":"https:\/\/poppers-online.ch\/fr\/wp-json\/wp\/v2\/comments?post=67948"}],"wp:featuredmedia":[{"embeddable":true,"href":"https:\/\/poppers-online.ch\/fr\/wp-json\/wp\/v2\/media\/67952"}],"wp:attachment":[{"href":"https:\/\/poppers-online.ch\/fr\/wp-json\/wp\/v2\/media?parent=67948"}],"wp:term":[{"taxonomy":"product_brand","embeddable":true,"href":"https:\/\/poppers-online.ch\/fr\/wp-json\/wp\/v2\/product_brand?post=67948"},{"taxonomy":"product_cat","embeddable":true,"href":"https:\/\/poppers-online.ch\/fr\/wp-json\/wp\/v2\/product_cat?post=67948"},{"taxonomy":"product_tag","embeddable":true,"href":"https:\/\/poppers-online.ch\/fr\/wp-json\/wp\/v2\/product_tag?post=67948"}],"curies":[{"name":"wp","href":"https:\/\/api.w.org\/{rel}","templated":true}]}}