{"id":67790,"date":"2023-09-02T20:03:28","date_gmt":"2023-09-02T18:03:28","guid":{"rendered":"https:\/\/poppers-online.ch\/?post_type=product&#038;p=67790"},"modified":"2025-08-25T14:40:36","modified_gmt":"2025-08-25T12:40:36","slug":"pervert-subboy-poppers-10ml","status":"publish","type":"product","link":"https:\/\/poppers-online.ch\/fr\/produit\/pervert-subboy-poppers-10ml\/","title":{"rendered":"PERVERT SUBBOY Poppers 10ml"},"content":{"rendered":"","protected":false},"excerpt":{"rendered":"<p><span style=\"font-weight: 400\"><strong>PERVERT SUBBOY Poppers 10ml <\/strong>est sur le march\u00e9 depuis 2023 et contient l&rsquo;ancien vrai nitrite de pentyle. Ce poppers ne doit en aucun cas manquer lors de votre prochaine session DOM et SUB. Gr\u00e2ce \u00e0 l\u2019<strong>intensit\u00e9 6<\/strong> de ce flacon, n\u2019importe quel gar\u00e7on normal devient un SUBBOY soumis et d\u00e9vou\u00e9. PERVERT SUBBOY Poppers est \u00e9galement disponible dans un flacon de 24ml.    <\/span><\/p>\n","protected":false},"featured_media":67794,"comment_status":"open","ping_status":"closed","template":"","meta":{"_acf_changed":false,"iawp_total_views":21,"_glsr_average":0,"_glsr_ranking":0,"_glsr_reviews":0},"product_brand":[],"product_cat":[78],"product_tag":[1122],"class_list":{"0":"post-67790","1":"product","2":"type-product","3":"status-publish","4":"has-post-thumbnail","6":"product_cat-petits-flacons","7":"product_tag-booster-poppers-10ml-fr","8":"pa_flaschenform-rond-petit","9":"pa_gewindegroesse-small","10":"pa_inhalt-10ml","11":"pa_inhaltsstoffe-nitrite-de-pentyle","12":"pa_marke-edition-oxy","13":"pa_staerke-91","15":"first","16":"instock","17":"taxable","18":"shipping-taxable","19":"purchasable","20":"product-type-simple"},"acf":[],"_links":{"self":[{"href":"https:\/\/poppers-online.ch\/fr\/wp-json\/wp\/v2\/product\/67790","targetHints":{"allow":["GET"]}}],"collection":[{"href":"https:\/\/poppers-online.ch\/fr\/wp-json\/wp\/v2\/product"}],"about":[{"href":"https:\/\/poppers-online.ch\/fr\/wp-json\/wp\/v2\/types\/product"}],"replies":[{"embeddable":true,"href":"https:\/\/poppers-online.ch\/fr\/wp-json\/wp\/v2\/comments?post=67790"}],"wp:featuredmedia":[{"embeddable":true,"href":"https:\/\/poppers-online.ch\/fr\/wp-json\/wp\/v2\/media\/67794"}],"wp:attachment":[{"href":"https:\/\/poppers-online.ch\/fr\/wp-json\/wp\/v2\/media?parent=67790"}],"wp:term":[{"taxonomy":"product_brand","embeddable":true,"href":"https:\/\/poppers-online.ch\/fr\/wp-json\/wp\/v2\/product_brand?post=67790"},{"taxonomy":"product_cat","embeddable":true,"href":"https:\/\/poppers-online.ch\/fr\/wp-json\/wp\/v2\/product_cat?post=67790"},{"taxonomy":"product_tag","embeddable":true,"href":"https:\/\/poppers-online.ch\/fr\/wp-json\/wp\/v2\/product_tag?post=67790"}],"curies":[{"name":"wp","href":"https:\/\/api.w.org\/{rel}","templated":true}]}}