{"id":67085,"date":"2023-08-27T23:02:37","date_gmt":"2023-08-27T21:02:37","guid":{"rendered":"https:\/\/poppers-online.ch\/?post_type=product&#038;p=67085"},"modified":"2025-08-18T10:55:38","modified_gmt":"2025-08-18T08:55:38","slug":"sox-snffr-lover-poppers-combo","status":"publish","type":"product","link":"https:\/\/poppers-online.ch\/fr\/produit\/sox-snffr-lover-poppers-combo\/","title":{"rendered":"Sox SNFFR Lover Poppers Combo"},"content":{"rendered":"","protected":false},"excerpt":{"rendered":"<p><strong>Le combo Sox SNFFR Lover Poppers<\/strong> comprend : <strong>1x SOX SNFFR Premium Poppers 10ml, 1x SOX SNFFR Premium Poppers 24ml et 1x paire de chaussettes Sk8erboy FCK YOU<\/strong> de taille 39-42 ou 43-46.<\/p>\n<p><span style=\"font-weight: 400\">Les <strong>Poppers Premium SOX SNFFR 10 et 24ml<\/strong> sont sur le march\u00e9 depuis 2023 et contiennent l&rsquo;ancien v\u00e9ritable nitrite de pentyle. Ce poppers ne doit en aucun cas manquer lors de votre prochaine session de Sox et de sneakers. Gr\u00e2ce \u00e0 l\u2019<strong>intensit\u00e9 6<\/strong> de ces flacons, toi et tous les skateurs et sneakers boys serez en pleine forme.   <\/span><\/p>\n<p>Les <strong>chaussettes Sk8erboy FCK YOU <\/strong>sont un v\u00e9ritable atout pour cruiser. Avec \u00ab\u00a0FCK YOU = F*ck You\u00a0\u00bb, vous indiquez clairement ce que vous voulez. Si vous \u00eates ma\u00eetre, top ou actif, ces chaussettes sont faites pour vous. Lors de la prochaine f\u00eate f\u00e9tiche, du d\u00e9fil\u00e9 CSD ou dans un bar de cruising, vous n&rsquo;avez pas besoin d&rsquo;attendre longtemps, les chaussettes prennent la parole pour vous. Votre esclave en chaussettes va adorer se faire enfoncer ces pi\u00e8ces excitantes dans le visage. Un R et un L pour la droite et la gauche vous aident \u00e0 ce que le <strong>FCK YOU<\/strong> soit toujours visible. La chaussette gauche a \u00e9galement une petite poche int\u00e9rieure pour les pr\u00e9servatifs, le lubrifiant ou l&rsquo;argent. Ainsi, rien ne se perd pendant la f\u00eate.       <\/p>\n","protected":false},"featured_media":67103,"comment_status":"open","ping_status":"closed","template":"","meta":{"_acf_changed":false,"iawp_total_views":8,"_glsr_average":0,"_glsr_ranking":0,"_glsr_reviews":0},"product_brand":[],"product_cat":[76,77,78],"product_tag":[790,1106],"class_list":{"0":"post-67085","1":"product","2":"type-product","3":"status-publish","4":"has-post-thumbnail","6":"product_cat-paquets-economiques","7":"product_cat-grands-flacons","8":"product_cat-petits-flacons","9":"product_tag-poppers-fr","10":"product_tag-sox-snffr-lover-poppers-combo-fr","11":"pa_flaschenform-rond-petit","12":"pa_flaschenform-ovale","13":"pa_gewindegroesse-small","14":"pa_inhalt-combo","15":"pa_inhalt-24ml","16":"pa_inhalt-10ml","17":"pa_inhaltsstoffe-nitrite-de-pentyle","18":"pa_marke-edition-oxy","19":"pa_staerke-91","21":"first","22":"instock","23":"sale","24":"taxable","25":"shipping-taxable","26":"purchasable","27":"product-type-simple"},"acf":[],"_links":{"self":[{"href":"https:\/\/poppers-online.ch\/fr\/wp-json\/wp\/v2\/product\/67085","targetHints":{"allow":["GET"]}}],"collection":[{"href":"https:\/\/poppers-online.ch\/fr\/wp-json\/wp\/v2\/product"}],"about":[{"href":"https:\/\/poppers-online.ch\/fr\/wp-json\/wp\/v2\/types\/product"}],"replies":[{"embeddable":true,"href":"https:\/\/poppers-online.ch\/fr\/wp-json\/wp\/v2\/comments?post=67085"}],"wp:featuredmedia":[{"embeddable":true,"href":"https:\/\/poppers-online.ch\/fr\/wp-json\/wp\/v2\/media\/67103"}],"wp:attachment":[{"href":"https:\/\/poppers-online.ch\/fr\/wp-json\/wp\/v2\/media?parent=67085"}],"wp:term":[{"taxonomy":"product_brand","embeddable":true,"href":"https:\/\/poppers-online.ch\/fr\/wp-json\/wp\/v2\/product_brand?post=67085"},{"taxonomy":"product_cat","embeddable":true,"href":"https:\/\/poppers-online.ch\/fr\/wp-json\/wp\/v2\/product_cat?post=67085"},{"taxonomy":"product_tag","embeddable":true,"href":"https:\/\/poppers-online.ch\/fr\/wp-json\/wp\/v2\/product_tag?post=67085"}],"curies":[{"name":"wp","href":"https:\/\/api.w.org\/{rel}","templated":true}]}}