{"id":67014,"date":"2023-08-27T19:17:04","date_gmt":"2023-08-27T17:17:05","guid":{"rendered":"https:\/\/poppers-online.ch\/?post_type=product&#038;p=67014"},"modified":"2024-10-15T23:55:29","modified_gmt":"2024-10-15T21:55:29","slug":"poppers-depot-de-garde-pour-2-flacons-rouge","status":"publish","type":"product","link":"https:\/\/poppers-online.ch\/fr\/produit\/poppers-depot-de-garde-pour-2-flacons-rouge\/","title":{"rendered":"Poppers Rangement-D\u00e9p\u00f4t pour 2 flacons rouge"},"content":{"rendered":"","protected":false},"excerpt":{"rendered":"<p>Le d\u00e9p\u00f4t r\u00e9volutionnaire pour poppers r\u00e9sout un probl\u00e8me bien connu : les flacons tra\u00eenent jusqu&rsquo;\u00e0 la prochaine utilisation, sont rang\u00e9es dans un tiroir ou dans une armoire f\u00e9tiche. Avec le d\u00e9p\u00f4t de stockage de poppers, les flacons sont garanties de rester debout et de ne pas tomber pendant le stockage. De plus, ce produit pratique pour le rangement donne aux poppers une place fixe et s\u00fbre dans ton tiroir, sur ton bureau, dans ton armoire f\u00e9tiche ou sur ta table de nuit. Cr\u00e9e de l&rsquo;ordre et donne \u00e0 tes flacons une place s\u00fbre et fixe.<\/p>\n<p>Cette variante offre de la place pour<strong> 1 petite flacons ronde<\/strong> ou <strong>1 XTRM Booster Cap<\/strong> et <strong>une flacon ovale de Shelbora ou d&rsquo;Oxymoron.<\/strong> Cet article comprend le d\u00e9p\u00f4t et pas les flacons.<\/p>\n","protected":false},"featured_media":67022,"comment_status":"open","ping_status":"closed","template":"","meta":{"_acf_changed":false,"iawp_total_views":2,"_glsr_average":0,"_glsr_ranking":0,"_glsr_reviews":0},"product_brand":[],"product_cat":[149,1297],"product_tag":[1364],"class_list":{"0":"post-67014","1":"product","2":"type-product","3":"status-publish","4":"has-post-thumbnail","6":"product_cat-accessoires-poppers","7":"product_cat-deopts-de-rangement","8":"product_tag-poppers-rangement-depot-pour-2-flacons-rouge-fr","9":"pa_depot-platzzahl-pour-2-flacons","11":"first","12":"instock","13":"taxable","14":"shipping-taxable","15":"purchasable","16":"product-type-simple"},"acf":[],"_links":{"self":[{"href":"https:\/\/poppers-online.ch\/fr\/wp-json\/wp\/v2\/product\/67014","targetHints":{"allow":["GET"]}}],"collection":[{"href":"https:\/\/poppers-online.ch\/fr\/wp-json\/wp\/v2\/product"}],"about":[{"href":"https:\/\/poppers-online.ch\/fr\/wp-json\/wp\/v2\/types\/product"}],"replies":[{"embeddable":true,"href":"https:\/\/poppers-online.ch\/fr\/wp-json\/wp\/v2\/comments?post=67014"}],"wp:featuredmedia":[{"embeddable":true,"href":"https:\/\/poppers-online.ch\/fr\/wp-json\/wp\/v2\/media\/67022"}],"wp:attachment":[{"href":"https:\/\/poppers-online.ch\/fr\/wp-json\/wp\/v2\/media?parent=67014"}],"wp:term":[{"taxonomy":"product_brand","embeddable":true,"href":"https:\/\/poppers-online.ch\/fr\/wp-json\/wp\/v2\/product_brand?post=67014"},{"taxonomy":"product_cat","embeddable":true,"href":"https:\/\/poppers-online.ch\/fr\/wp-json\/wp\/v2\/product_cat?post=67014"},{"taxonomy":"product_tag","embeddable":true,"href":"https:\/\/poppers-online.ch\/fr\/wp-json\/wp\/v2\/product_tag?post=67014"}],"curies":[{"name":"wp","href":"https:\/\/api.w.org\/{rel}","templated":true}]}}