{"id":65637,"date":"2023-08-15T20:27:39","date_gmt":"2023-08-15T18:27:39","guid":{"rendered":"https:\/\/poppers-online.ch\/?post_type=product&#038;p=65637"},"modified":"2024-10-15T23:55:34","modified_gmt":"2024-10-15T21:55:34","slug":"poppers-flip-top-cap-wyffr-ultimate-red-small","status":"publish","type":"product","link":"https:\/\/poppers-online.ch\/fr\/produit\/poppers-flip-top-cap-wyffr-ultimate-red-small\/","title":{"rendered":"Poppers Flip Top Cap WYFFR Ultimate &#8211; RED Small"},"content":{"rendered":"","protected":false},"excerpt":{"rendered":"<p>Le <strong>Flip Top Cap<\/strong> des \u00c9tats-Unis a \u00e9t\u00e9 perfectionn\u00e9 avec beaucoup de passion et nous sommes enfin l&rsquo;une des rares boutiques en ligne de Poppers en Europe \u00e0 pouvoir proposer cette innovation dans notre assortiment. Le flip top cap pr\u00e9sente deux grands avantages. Gr\u00e2ce \u00e0 cet embout, tu peux facilement ouvrir le flacon de poppers d&rsquo;une seule main et le refermer d&rsquo;une seule main. Cela est particuli\u00e8rement utile lorsque l&rsquo;autre main est occup\u00e9e. Pourquoi donc avoir besoin de deux mains pour ouvrir une flacon alors qu&rsquo;il est possible de le faire tr\u00e8s facilement d&rsquo;une seule main ?<\/p>\n<p>Le deuxi\u00e8me avantage de ce Flip Top Cap est que tu peux laisser l&#8217;embout en place en permanence, jusqu&rsquo;\u00e0 ce que le biberon soit vide, quelle que soit la position dans laquelle tu stockes le biberon. La fermeture en caoutchouc amovible s\u00e9curise l&#8217;embout pendant le stockage. Comme certaines flacons de poppers doivent depuis quelque temps \u00eatre livr\u00e9es avec un bouchon de s\u00e9curit\u00e9 pour les enfants, ce flip top cap te permet d&rsquo;ouvrir les flacons tr\u00e8s facilement.<\/p>\n<p>Le <strong>Flip Top Cap RED Small<\/strong> s&rsquo;adapte \u00e0 tous les flacons avec un pas de vis Small, c&rsquo;est-\u00e0-dire <strong>tous les flacons des fabricants Oxymoron, Shelbora et Lockerroom 10ml, 15ml et 30ml.<\/strong> Tu trouveras la taille du filetage Small ou Large dans notre boutique, dans les informations relatives \u00e0 chaque flacon de poppers.<\/p>\n","protected":false},"featured_media":65641,"comment_status":"open","ping_status":"closed","template":"","meta":{"_acf_changed":false,"iawp_total_views":31,"_glsr_average":0,"_glsr_ranking":0,"_glsr_reviews":0},"product_brand":[],"product_cat":[149,1294],"product_tag":[1041],"class_list":{"0":"post-65637","1":"product","2":"type-product","3":"status-publish","4":"has-post-thumbnail","6":"product_cat-accessoires-poppers","7":"product_cat-aroma-toppers","8":"product_tag-poppers-flip-top-cap-wyffr-ultimate-red-small-fr","9":"pa_aroma-topper-gewindegroesse-pour-taille-de-filetage-small","11":"first","12":"instock","13":"taxable","14":"shipping-taxable","15":"purchasable","16":"product-type-simple"},"acf":[],"_links":{"self":[{"href":"https:\/\/poppers-online.ch\/fr\/wp-json\/wp\/v2\/product\/65637","targetHints":{"allow":["GET"]}}],"collection":[{"href":"https:\/\/poppers-online.ch\/fr\/wp-json\/wp\/v2\/product"}],"about":[{"href":"https:\/\/poppers-online.ch\/fr\/wp-json\/wp\/v2\/types\/product"}],"replies":[{"embeddable":true,"href":"https:\/\/poppers-online.ch\/fr\/wp-json\/wp\/v2\/comments?post=65637"}],"wp:featuredmedia":[{"embeddable":true,"href":"https:\/\/poppers-online.ch\/fr\/wp-json\/wp\/v2\/media\/65641"}],"wp:attachment":[{"href":"https:\/\/poppers-online.ch\/fr\/wp-json\/wp\/v2\/media?parent=65637"}],"wp:term":[{"taxonomy":"product_brand","embeddable":true,"href":"https:\/\/poppers-online.ch\/fr\/wp-json\/wp\/v2\/product_brand?post=65637"},{"taxonomy":"product_cat","embeddable":true,"href":"https:\/\/poppers-online.ch\/fr\/wp-json\/wp\/v2\/product_cat?post=65637"},{"taxonomy":"product_tag","embeddable":true,"href":"https:\/\/poppers-online.ch\/fr\/wp-json\/wp\/v2\/product_tag?post=65637"}],"curies":[{"name":"wp","href":"https:\/\/api.w.org\/{rel}","templated":true}]}}