{"id":65559,"date":"2023-08-15T17:46:51","date_gmt":"2023-08-15T15:46:51","guid":{"rendered":"https:\/\/poppers-online.ch\/?post_type=product&#038;p=65559"},"modified":"2025-10-23T12:45:02","modified_gmt":"2025-10-23T10:45:02","slug":"blue-night-poppers-combo-3x-30ml","status":"publish","type":"product","link":"https:\/\/poppers-online.ch\/fr\/produit\/blue-night-poppers-combo-3x-30ml\/","title":{"rendered":"Blue Night Poppers Combo 3x 30ml"},"content":{"rendered":"","protected":false},"excerpt":{"rendered":"<p><strong>Blue Night Poppers Combo 3x 30ml <\/strong>se compose de : Highrise 30ml, Jungle Juice Platinum 30ml et Blue Boy 30ml ! Ce M\u00e9ga Combo \u00e0 prix attractif est l&rsquo;offre ultime pour ton coup de boost suppl\u00e9mentaire ! Les poppers <a href=\"https:\/\/poppers-online.ch\/fr\/produit\/highrise-30ml\/\">Highrise<\/a>, <a href=\"https:\/\/poppers-online.ch\/fr\/produit\/jungle-juice-platinum-30ml\/\">Jungle Juice Platinum<\/a> et <a href=\"https:\/\/poppers-online.ch\/fr\/produit\/blue-boy-30ml\/\">Blue Boy<\/a> sont \u00e0 base de nitrite d&rsquo;hexyle et t&rsquo;enthousiasmeront, toi et tes amis.  Blue Night Combo !<\/p>\n<p>&nbsp;<\/p>\n<p><strong>Poppers Highrise 30ml <\/strong>du fabricant canadien Lockerroom. Le poppers parfait pour les citadins. Ne te contente pas d&rsquo;aller au septi\u00e8me ciel \u00e0 New York avec ce poppers urbain \u00e0 base de nitrite d&rsquo;hexyle.   Profite de l&rsquo;heure bleue et de nombreuses heures passionnantes par la suite. Un succ\u00e8s depuis de nombreuses ann\u00e9es !<\/p>\n<p><strong>Jungle Juice Platinum 30ml<\/strong> du fabricant Lockerroom du Canada. Le poppers classique avec une excellente intensit\u00e9 \u00e0 base de nitrite d&rsquo;hexyle.<\/p>\n<p>&nbsp;<\/p>\n<p><strong>Blue Boy 30ml<\/strong> <strong>Poppers<\/strong> du fabricant Lockerroom du Canada. Puissant et intense \u00e0 base de nitrite d&rsquo;hexyle.<\/p>\n","protected":false},"featured_media":137056,"comment_status":"open","ping_status":"closed","template":"","meta":{"_acf_changed":false,"iawp_total_views":13,"_glsr_average":0,"_glsr_ranking":0,"_glsr_reviews":0},"product_brand":[],"product_cat":[1046,76,77],"product_tag":[],"class_list":{"0":"post-65559","1":"product","2":"type-product","3":"status-publish","4":"has-post-thumbnail","6":"product_cat-poppers","7":"product_cat-paquets-economiques","8":"product_cat-grands-flacons","9":"pa_flaschenform-rond-grand","10":"pa_gewindegroesse-small","11":"pa_inhalt-combo","12":"pa_inhalt-30ml","13":"pa_marke-jungle-juice-poppers","14":"pa_marke-lockerroom-poppers","15":"pa_staerke-90","17":"first","18":"instock","19":"sale","20":"taxable","21":"shipping-taxable","22":"purchasable","23":"product-type-simple"},"acf":[],"_links":{"self":[{"href":"https:\/\/poppers-online.ch\/fr\/wp-json\/wp\/v2\/product\/65559","targetHints":{"allow":["GET"]}}],"collection":[{"href":"https:\/\/poppers-online.ch\/fr\/wp-json\/wp\/v2\/product"}],"about":[{"href":"https:\/\/poppers-online.ch\/fr\/wp-json\/wp\/v2\/types\/product"}],"replies":[{"embeddable":true,"href":"https:\/\/poppers-online.ch\/fr\/wp-json\/wp\/v2\/comments?post=65559"}],"wp:featuredmedia":[{"embeddable":true,"href":"https:\/\/poppers-online.ch\/fr\/wp-json\/wp\/v2\/media\/137056"}],"wp:attachment":[{"href":"https:\/\/poppers-online.ch\/fr\/wp-json\/wp\/v2\/media?parent=65559"}],"wp:term":[{"taxonomy":"product_brand","embeddable":true,"href":"https:\/\/poppers-online.ch\/fr\/wp-json\/wp\/v2\/product_brand?post=65559"},{"taxonomy":"product_cat","embeddable":true,"href":"https:\/\/poppers-online.ch\/fr\/wp-json\/wp\/v2\/product_cat?post=65559"},{"taxonomy":"product_tag","embeddable":true,"href":"https:\/\/poppers-online.ch\/fr\/wp-json\/wp\/v2\/product_tag?post=65559"}],"curies":[{"name":"wp","href":"https:\/\/api.w.org\/{rel}","templated":true}]}}