{"id":65440,"date":"2023-08-14T20:37:00","date_gmt":"2023-08-14T18:37:01","guid":{"rendered":"https:\/\/poppers-online.ch\/?post_type=product&#038;p=65440"},"modified":"2024-10-15T23:55:38","modified_gmt":"2024-10-15T21:55:38","slug":"love-party-poppers-combo-3-x-25ml","status":"publish","type":"product","link":"https:\/\/poppers-online.ch\/fr\/produit\/love-party-poppers-combo-3-x-25ml\/","title":{"rendered":"Combo de poppers Love Party 3 x 25ml"},"content":{"rendered":"","protected":false},"excerpt":{"rendered":"<p><strong>Love Party Poppers Combo 3 x 25ml <\/strong>se compose de <a href=\"https:\/\/poppers-online.ch\/produkt\/lit-poppers-25ml\/\">LIT Poppers 25ml<\/a>, <a href=\"https:\/\/poppers-online.ch\/produkt\/flux-poppers-25ml\/\">FLUX Poppers 25ml<\/a> et <a href=\"https:\/\/poppers-online.ch\/produkt\/fck-poppers-25ml\/\">F!CK Poppers 25ml<\/a>. Le Mega Combo <strong>\u00ab\u00a0Love Party<\/strong>\u00a0\u00bb \u00e0 un prix attractif est l&rsquo;offre ultime pour ton coup de pouce suppl\u00e9mentaire en poppers !<\/p>\n<p><a href=\"https:\/\/poppers-online.ch\/produkt\/lit-poppers-25ml\/\"><strong>LIT Poppers 25ml <\/strong><\/a>est sur le march\u00e9 depuis 2023 et contient du nitrite de pentyle de force 4. LIT signifie \u00ab\u00a0super\u00a0\u00bb ou \u00ab\u00a0marteau\u00a0\u00bb dans le langage des jeunes en Allemagne, en Autriche et en Suisse. D\u00e9couvre le plaisir ultime seul, \u00e0 deux ou lors de soir\u00e9es avec le LIT Poppers. R\u00e9veille en toi la passion ardente avec LIT Poppers et d\u00e9cha\u00eene en toi l&rsquo;ultime excitation. Simplement LIT.<\/p>\n<p><a href=\"https:\/\/poppers-online.ch\/produkt\/fck-poppers-25ml\/\"><strong>F!ck Poppers 25ml<\/strong> <\/a>est sur le march\u00e9 depuis 2023 et contient du nitrite de pentyle de force 5. F!ck signifie Fick ou Fuck, tout comme FCK ou F*CK. F!ck Poppers ne doit en aucun cas manquer lors de ta prochaine session de baise ou de fuck. Avec notre F!ck Poppers, montre clairement \u00e0 ton partenaire que tu as envie d&rsquo;une s\u00e9ance de baise bien chaude.<\/p>\n<p><a href=\"https:\/\/poppers-online.ch\/produkt\/flux-poppers-25ml\/\"><strong>Flux Poppers 25ml <\/strong><\/a>est sur le march\u00e9 depuis 2023 et contient du nitrite de pentyle de force 5. Flux Poppers est un Party Poppers. Emporte donc le Flux Poppers avec toi lors d&rsquo;un festival, d&rsquo;un concert ou dans ton club. Vis l&rsquo;extase et l&rsquo;absence d&rsquo;inhibition lors d&rsquo;un festival, d&rsquo;un concert ou sur la piste de danse d&rsquo;un club. Profite encore plus intens\u00e9ment des sons de la musique, des rayons laser et de la lumi\u00e8re avec le Flux Poppers. D&rsquo;ailleurs, tu peux aussi utiliser les Flux Poppers pour faire l&rsquo;amour apr\u00e8s le club, le festival ou le concert.<\/p>\n","protected":false},"featured_media":65444,"comment_status":"open","ping_status":"closed","template":"","meta":{"_acf_changed":false,"iawp_total_views":7,"_glsr_average":0,"_glsr_ranking":0,"_glsr_reviews":0},"product_brand":[],"product_cat":[1046,76,77],"product_tag":[1011],"class_list":{"0":"post-65440","1":"product","2":"type-product","3":"status-publish","4":"has-post-thumbnail","6":"product_cat-poppers","7":"product_cat-paquets-economiques","8":"product_cat-grands-flacons","9":"product_tag-love-party-poppers-combo-3-x-25ml-fr","10":"pa_flaschenform-ovale","11":"pa_gewindegroesse-small","12":"pa_inhalt-combo","13":"pa_inhalt-25ml","14":"pa_inhaltsstoffe-nitrite-de-pentyle","15":"pa_staerke-90","17":"first","18":"instock","19":"sale","20":"taxable","21":"shipping-taxable","22":"purchasable","23":"product-type-simple"},"acf":[],"_links":{"self":[{"href":"https:\/\/poppers-online.ch\/fr\/wp-json\/wp\/v2\/product\/65440","targetHints":{"allow":["GET"]}}],"collection":[{"href":"https:\/\/poppers-online.ch\/fr\/wp-json\/wp\/v2\/product"}],"about":[{"href":"https:\/\/poppers-online.ch\/fr\/wp-json\/wp\/v2\/types\/product"}],"replies":[{"embeddable":true,"href":"https:\/\/poppers-online.ch\/fr\/wp-json\/wp\/v2\/comments?post=65440"}],"wp:featuredmedia":[{"embeddable":true,"href":"https:\/\/poppers-online.ch\/fr\/wp-json\/wp\/v2\/media\/65444"}],"wp:attachment":[{"href":"https:\/\/poppers-online.ch\/fr\/wp-json\/wp\/v2\/media?parent=65440"}],"wp:term":[{"taxonomy":"product_brand","embeddable":true,"href":"https:\/\/poppers-online.ch\/fr\/wp-json\/wp\/v2\/product_brand?post=65440"},{"taxonomy":"product_cat","embeddable":true,"href":"https:\/\/poppers-online.ch\/fr\/wp-json\/wp\/v2\/product_cat?post=65440"},{"taxonomy":"product_tag","embeddable":true,"href":"https:\/\/poppers-online.ch\/fr\/wp-json\/wp\/v2\/product_tag?post=65440"}],"curies":[{"name":"wp","href":"https:\/\/api.w.org\/{rel}","templated":true}]}}