{"id":65188,"date":"2023-08-12T11:38:37","date_gmt":"2023-08-12T09:38:38","guid":{"rendered":"https:\/\/poppers-online.ch\/?post_type=product&#038;p=65188"},"modified":"2024-10-15T23:55:41","modified_gmt":"2024-10-15T21:55:41","slug":"paw-poppers-25ml","status":"publish","type":"product","link":"https:\/\/poppers-online.ch\/fr\/produit\/paw-poppers-25ml\/","title":{"rendered":"Paw Poppers 25ml"},"content":{"rendered":"","protected":false},"excerpt":{"rendered":"<p><strong>Paw Poppers 25ml<\/strong> est sur le march\u00e9 depuis 2023 et contient du nitrite de pentyle de force 5. La patte d&rsquo;ours est populaire dans les s\u00e9ances de puppy avanc\u00e9es, o\u00f9 le sexe anal et le BDSM sont pratiqu\u00e9s. Teste Paw Poppers avec ta meute et laisse un commentaire sur le produit dans notre boutique.<\/p>\n","protected":false},"featured_media":65192,"comment_status":"open","ping_status":"closed","template":"","meta":{"_acf_changed":false,"iawp_total_views":4,"_glsr_average":0,"_glsr_ranking":0,"_glsr_reviews":0},"product_brand":[],"product_cat":[77],"product_tag":[],"class_list":{"0":"post-65188","1":"product","2":"type-product","3":"status-publish","4":"has-post-thumbnail","6":"product_cat-grands-flacons","7":"pa_flaschenform-ovale","8":"pa_gewindegroesse-small","9":"pa_inhalt-25ml","10":"pa_inhaltsstoffe-nitrite-de-pentyle","11":"pa_staerke-90","13":"first","14":"instock","15":"taxable","16":"shipping-taxable","17":"purchasable","18":"product-type-simple"},"acf":[],"_links":{"self":[{"href":"https:\/\/poppers-online.ch\/fr\/wp-json\/wp\/v2\/product\/65188","targetHints":{"allow":["GET"]}}],"collection":[{"href":"https:\/\/poppers-online.ch\/fr\/wp-json\/wp\/v2\/product"}],"about":[{"href":"https:\/\/poppers-online.ch\/fr\/wp-json\/wp\/v2\/types\/product"}],"replies":[{"embeddable":true,"href":"https:\/\/poppers-online.ch\/fr\/wp-json\/wp\/v2\/comments?post=65188"}],"wp:featuredmedia":[{"embeddable":true,"href":"https:\/\/poppers-online.ch\/fr\/wp-json\/wp\/v2\/media\/65192"}],"wp:attachment":[{"href":"https:\/\/poppers-online.ch\/fr\/wp-json\/wp\/v2\/media?parent=65188"}],"wp:term":[{"taxonomy":"product_brand","embeddable":true,"href":"https:\/\/poppers-online.ch\/fr\/wp-json\/wp\/v2\/product_brand?post=65188"},{"taxonomy":"product_cat","embeddable":true,"href":"https:\/\/poppers-online.ch\/fr\/wp-json\/wp\/v2\/product_cat?post=65188"},{"taxonomy":"product_tag","embeddable":true,"href":"https:\/\/poppers-online.ch\/fr\/wp-json\/wp\/v2\/product_tag?post=65188"}],"curies":[{"name":"wp","href":"https:\/\/api.w.org\/{rel}","templated":true}]}}