{"id":65176,"date":"2023-08-12T11:11:20","date_gmt":"2023-08-12T09:11:20","guid":{"rendered":"https:\/\/poppers-online.ch\/?post_type=product&#038;p=65176"},"modified":"2024-10-15T23:55:42","modified_gmt":"2024-10-15T21:55:42","slug":"bear-poppers-25ml","status":"publish","type":"product","link":"https:\/\/poppers-online.ch\/fr\/produit\/bear-poppers-25ml\/","title":{"rendered":"Bear Poppers 25ml"},"content":{"rendered":"","protected":false},"excerpt":{"rendered":"<p><strong>Bear Poppers 25ml<\/strong> est sur le march\u00e9 depuis 2023 et contient du nitrite de pentyle de force 4. Ce poppers s&rsquo;adresse \u00e0 tous les ours et poppersbators et \u00e0 ceux qui veulent le devenir. Avec le Bear Poppers, il n&rsquo;y a pas de limites aux jeux coquins en solo, \u00e0 deux, en ligne ou en groupe. D&rsquo;ailleurs, nous vendons aussi des sex toys passionnants dans cette boutique.<\/p>\n","protected":false},"featured_media":65180,"comment_status":"open","ping_status":"closed","template":"","meta":{"_acf_changed":false,"iawp_total_views":10,"_glsr_average":0,"_glsr_ranking":0,"_glsr_reviews":0},"product_brand":[],"product_cat":[77],"product_tag":[1000],"class_list":{"0":"post-65176","1":"product","2":"type-product","3":"status-publish","4":"has-post-thumbnail","6":"product_cat-grands-flacons","7":"product_tag-bear-poppers-25ml-fr","8":"pa_flaschenform-ovale","9":"pa_gewindegroesse-small","10":"pa_inhalt-25ml","11":"pa_inhaltsstoffe-nitrite-de-pentyle","12":"pa_staerke-89","14":"first","15":"instock","16":"taxable","17":"shipping-taxable","18":"purchasable","19":"product-type-simple"},"acf":[],"_links":{"self":[{"href":"https:\/\/poppers-online.ch\/fr\/wp-json\/wp\/v2\/product\/65176","targetHints":{"allow":["GET"]}}],"collection":[{"href":"https:\/\/poppers-online.ch\/fr\/wp-json\/wp\/v2\/product"}],"about":[{"href":"https:\/\/poppers-online.ch\/fr\/wp-json\/wp\/v2\/types\/product"}],"replies":[{"embeddable":true,"href":"https:\/\/poppers-online.ch\/fr\/wp-json\/wp\/v2\/comments?post=65176"}],"wp:featuredmedia":[{"embeddable":true,"href":"https:\/\/poppers-online.ch\/fr\/wp-json\/wp\/v2\/media\/65180"}],"wp:attachment":[{"href":"https:\/\/poppers-online.ch\/fr\/wp-json\/wp\/v2\/media?parent=65176"}],"wp:term":[{"taxonomy":"product_brand","embeddable":true,"href":"https:\/\/poppers-online.ch\/fr\/wp-json\/wp\/v2\/product_brand?post=65176"},{"taxonomy":"product_cat","embeddable":true,"href":"https:\/\/poppers-online.ch\/fr\/wp-json\/wp\/v2\/product_cat?post=65176"},{"taxonomy":"product_tag","embeddable":true,"href":"https:\/\/poppers-online.ch\/fr\/wp-json\/wp\/v2\/product_tag?post=65176"}],"curies":[{"name":"wp","href":"https:\/\/api.w.org\/{rel}","templated":true}]}}