{"id":65152,"date":"2023-08-12T10:38:58","date_gmt":"2023-08-12T08:38:58","guid":{"rendered":"https:\/\/poppers-online.ch\/?post_type=product&#038;p=65152"},"modified":"2026-01-20T02:05:31","modified_gmt":"2026-01-20T01:05:31","slug":"man-of-steel-poppers-25ml","status":"publish","type":"product","link":"https:\/\/poppers-online.ch\/fr\/produit\/man-of-steel-poppers-25ml\/","title":{"rendered":"Man of Steel Poppers 25ml"},"content":{"rendered":"","protected":false},"excerpt":{"rendered":"<p><strong>Man of Steel Poppers 25ml<\/strong> est sur le march\u00e9 depuis 2023 et contient du nitrite de pentyle de force 6. Man of Steel Poppers fait partie des poppers les plus puissants et convient pour des sessions particuli\u00e8rement d\u00e9lirantes, par exemple pour l&rsquo;utilisation de godemich\u00e9s monstrueux ou pour des sessions de fist d\u00e9lirantes. Man of Steel Poppers est puissant et particuli\u00e8rement durable. Teste les poppers Man of Steel et ajoute cette flacon \u00e0 ton panier d\u00e8s aujourd&rsquo;hui.<\/p>\n","protected":false},"featured_media":65156,"comment_status":"open","ping_status":"closed","template":"","meta":{"_acf_changed":false,"iawp_total_views":14,"_glsr_average":0,"_glsr_ranking":0,"_glsr_reviews":0},"product_brand":[],"product_cat":[77],"product_tag":[992],"class_list":{"0":"post-65152","1":"product","2":"type-product","3":"status-publish","4":"has-post-thumbnail","6":"product_cat-grands-flacons","7":"product_tag-man-of-steel-poppers-25ml-fr","8":"pa_flaschenform-ovale","9":"pa_gewindegroesse-small","10":"pa_inhalt-25ml","11":"pa_inhaltsstoffe-nitrite-de-pentyle","12":"pa_staerke-91","14":"first","15":"instock","16":"taxable","17":"shipping-taxable","18":"purchasable","19":"product-type-simple"},"acf":[],"_links":{"self":[{"href":"https:\/\/poppers-online.ch\/fr\/wp-json\/wp\/v2\/product\/65152","targetHints":{"allow":["GET"]}}],"collection":[{"href":"https:\/\/poppers-online.ch\/fr\/wp-json\/wp\/v2\/product"}],"about":[{"href":"https:\/\/poppers-online.ch\/fr\/wp-json\/wp\/v2\/types\/product"}],"replies":[{"embeddable":true,"href":"https:\/\/poppers-online.ch\/fr\/wp-json\/wp\/v2\/comments?post=65152"}],"wp:featuredmedia":[{"embeddable":true,"href":"https:\/\/poppers-online.ch\/fr\/wp-json\/wp\/v2\/media\/65156"}],"wp:attachment":[{"href":"https:\/\/poppers-online.ch\/fr\/wp-json\/wp\/v2\/media?parent=65152"}],"wp:term":[{"taxonomy":"product_brand","embeddable":true,"href":"https:\/\/poppers-online.ch\/fr\/wp-json\/wp\/v2\/product_brand?post=65152"},{"taxonomy":"product_cat","embeddable":true,"href":"https:\/\/poppers-online.ch\/fr\/wp-json\/wp\/v2\/product_cat?post=65152"},{"taxonomy":"product_tag","embeddable":true,"href":"https:\/\/poppers-online.ch\/fr\/wp-json\/wp\/v2\/product_tag?post=65152"}],"curies":[{"name":"wp","href":"https:\/\/api.w.org\/{rel}","templated":true}]}}