{"id":65112,"date":"2023-08-11T23:40:49","date_gmt":"2023-08-11T21:40:49","guid":{"rendered":"https:\/\/poppers-online.ch\/?post_type=product&#038;p=65112"},"modified":"2024-10-16T00:00:27","modified_gmt":"2024-10-15T22:00:27","slug":"flux-poppers-25ml","status":"publish","type":"product","link":"https:\/\/poppers-online.ch\/fr\/produit\/flux-poppers-25ml\/","title":{"rendered":"Flux Poppers 25ml"},"content":{"rendered":"","protected":false},"excerpt":{"rendered":"<p><strong>Flux Poppers 25ml<\/strong> est sur le march\u00e9 depuis 2023 et contient du nitrite de pentyle de force 5. Flux Poppers est un poppers festif. Emporte donc le Flux Poppers au festival, au concert ou dans ton club. Vivez l&rsquo;extase et l&rsquo;absence d&rsquo;inhibition au festival, au concert ou au club sur la piste de danse. Profite encore plus intens\u00e9ment des sons de la musique, des rayons laser et de la lumi\u00e8re avec le Flux Poppers. D&rsquo;ailleurs, tu peux aussi utiliser le Flux Poppers pour faire l&rsquo;amour apr\u00e8s le club, le festival ou le concert.<\/p>\n","protected":false},"featured_media":65116,"comment_status":"open","ping_status":"closed","template":"","meta":{"_acf_changed":false,"iawp_total_views":2,"_glsr_average":0,"_glsr_ranking":0,"_glsr_reviews":0},"product_brand":[],"product_cat":[77],"product_tag":[984],"class_list":{"0":"post-65112","1":"product","2":"type-product","3":"status-publish","4":"has-post-thumbnail","6":"product_cat-grands-flacons","7":"product_tag-flux-poppers-25ml-fr","8":"pa_flaschenform-ovale","9":"pa_gewindegroesse-small","10":"pa_inhalt-25ml","11":"pa_inhaltsstoffe-nitrite-de-pentyle","12":"pa_staerke-90","14":"first","15":"instock","16":"taxable","17":"shipping-taxable","18":"purchasable","19":"product-type-simple"},"acf":[],"_links":{"self":[{"href":"https:\/\/poppers-online.ch\/fr\/wp-json\/wp\/v2\/product\/65112","targetHints":{"allow":["GET"]}}],"collection":[{"href":"https:\/\/poppers-online.ch\/fr\/wp-json\/wp\/v2\/product"}],"about":[{"href":"https:\/\/poppers-online.ch\/fr\/wp-json\/wp\/v2\/types\/product"}],"replies":[{"embeddable":true,"href":"https:\/\/poppers-online.ch\/fr\/wp-json\/wp\/v2\/comments?post=65112"}],"wp:featuredmedia":[{"embeddable":true,"href":"https:\/\/poppers-online.ch\/fr\/wp-json\/wp\/v2\/media\/65116"}],"wp:attachment":[{"href":"https:\/\/poppers-online.ch\/fr\/wp-json\/wp\/v2\/media?parent=65112"}],"wp:term":[{"taxonomy":"product_brand","embeddable":true,"href":"https:\/\/poppers-online.ch\/fr\/wp-json\/wp\/v2\/product_brand?post=65112"},{"taxonomy":"product_cat","embeddable":true,"href":"https:\/\/poppers-online.ch\/fr\/wp-json\/wp\/v2\/product_cat?post=65112"},{"taxonomy":"product_tag","embeddable":true,"href":"https:\/\/poppers-online.ch\/fr\/wp-json\/wp\/v2\/product_tag?post=65112"}],"curies":[{"name":"wp","href":"https:\/\/api.w.org\/{rel}","templated":true}]}}