{"id":65084,"date":"2023-08-11T22:52:43","date_gmt":"2023-08-11T20:52:43","guid":{"rendered":"https:\/\/poppers-online.ch\/?post_type=product&#038;p=65084"},"modified":"2026-01-20T02:05:45","modified_gmt":"2026-01-20T01:05:45","slug":"black-stallion-poppers-25ml","status":"publish","type":"product","link":"https:\/\/poppers-online.ch\/fr\/produit\/black-stallion-poppers-25ml\/","title":{"rendered":"Black Stallion Poppers 25ml"},"content":{"rendered":"","protected":false},"excerpt":{"rendered":"<p>Black Stallion Poppers 25ml est sur le march\u00e9 depuis 2023 et contient du nitrite de pentyle de force 4. R\u00e9veille l&rsquo;\u00e9talon en toi avec ce poppers de longue dur\u00e9e. Sens-toi sauvage, libre et indompt\u00e9 et ressens la force de l&rsquo;\u00e9talon noir sauvage, pour que la prochaine fois, ce soit sauvage au lit.<\/p>\n","protected":false},"featured_media":65096,"comment_status":"open","ping_status":"closed","template":"","meta":{"_acf_changed":false,"iawp_total_views":17,"_glsr_average":0,"_glsr_ranking":0,"_glsr_reviews":0},"product_brand":[],"product_cat":[77],"product_tag":[],"class_list":{"0":"post-65084","1":"product","2":"type-product","3":"status-publish","4":"has-post-thumbnail","6":"product_cat-grands-flacons","7":"pa_flaschenform-ovale","8":"pa_gewindegroesse-small","9":"pa_inhalt-25ml","10":"pa_inhaltsstoffe-nitrite-de-pentyle","11":"pa_staerke-89","13":"first","14":"instock","15":"sale","16":"taxable","17":"shipping-taxable","18":"purchasable","19":"product-type-simple"},"acf":[],"_links":{"self":[{"href":"https:\/\/poppers-online.ch\/fr\/wp-json\/wp\/v2\/product\/65084","targetHints":{"allow":["GET"]}}],"collection":[{"href":"https:\/\/poppers-online.ch\/fr\/wp-json\/wp\/v2\/product"}],"about":[{"href":"https:\/\/poppers-online.ch\/fr\/wp-json\/wp\/v2\/types\/product"}],"replies":[{"embeddable":true,"href":"https:\/\/poppers-online.ch\/fr\/wp-json\/wp\/v2\/comments?post=65084"}],"wp:featuredmedia":[{"embeddable":true,"href":"https:\/\/poppers-online.ch\/fr\/wp-json\/wp\/v2\/media\/65096"}],"wp:attachment":[{"href":"https:\/\/poppers-online.ch\/fr\/wp-json\/wp\/v2\/media?parent=65084"}],"wp:term":[{"taxonomy":"product_brand","embeddable":true,"href":"https:\/\/poppers-online.ch\/fr\/wp-json\/wp\/v2\/product_brand?post=65084"},{"taxonomy":"product_cat","embeddable":true,"href":"https:\/\/poppers-online.ch\/fr\/wp-json\/wp\/v2\/product_cat?post=65084"},{"taxonomy":"product_tag","embeddable":true,"href":"https:\/\/poppers-online.ch\/fr\/wp-json\/wp\/v2\/product_tag?post=65084"}],"curies":[{"name":"wp","href":"https:\/\/api.w.org\/{rel}","templated":true}]}}