{"id":64346,"date":"2023-08-04T20:00:58","date_gmt":"2023-08-04T18:00:58","guid":{"rendered":"https:\/\/poppers-online.ch\/?post_type=product&#038;p=64346"},"modified":"2024-10-16T00:00:30","modified_gmt":"2024-10-15T22:00:30","slug":"tenga-premium-soft-case-cup-masturbateur","status":"publish","type":"product","link":"https:\/\/poppers-online.ch\/fr\/produit\/tenga-premium-soft-case-cup-masturbateur\/","title":{"rendered":"Masturbateur Tenga Premium Soft Case Cup"},"content":{"rendered":"","protected":false},"excerpt":{"rendered":"<p>TENGA a mis \u00e0 niveau ses produits d\u00e9j\u00e0 \u00e9crasants avec les coupes Premium, dont l&rsquo;enveloppe int\u00e9rieure est 1,5 fois plus \u00e9paisse que la s\u00e9lection standard. Ce masturbateur Tenga Premium Soft Case Cup a \u00e9t\u00e9 fabriqu\u00e9 dans l&rsquo;optique d&rsquo;une compression plus satisfaisante.<\/p>\n<p>Gr\u00e2ce \u00e0 la flexibilit\u00e9 du mat\u00e9riau, tu peux adapter la pression \u00e0 tes besoins en le comprimant. En synergie avec la fonction d&rsquo;aspiration, tu plonges dans le plaisir \u00e0 l&rsquo;\u00e9tat pur. Le bol de masturbation de premi\u00e8re classe est pr\u00e9lubrifi\u00e9 et poss\u00e8de le m\u00e9canisme d&rsquo;insertion classique Smooth Pad, qui offre une \u00e9tanch\u00e9it\u00e9 \u00e0 l&rsquo;air g\u00e9missante. Il applique \u00e9galement du lubrifiant dans le processus, pour une exp\u00e9rience magique et humide.<\/p>\n<p>Ce masturbateur Tenga Premium Soft Case Cup est destin\u00e9 \u00e0 un usage unique, mais si tu utilises un pr\u00e9servatif, tu peux tirer plus d&rsquo;une s\u00e9ance torride de ce masturbateur de premi\u00e8re classe.<\/p>\n","protected":false},"featured_media":64351,"comment_status":"open","ping_status":"closed","template":"","meta":{"_acf_changed":false,"iawp_total_views":9,"_glsr_average":0,"_glsr_ranking":0,"_glsr_reviews":0},"product_brand":[],"product_cat":[2094,171],"product_tag":[647,646,954],"class_list":{"0":"post-64346","1":"product","2":"type-product","3":"status-publish","4":"has-post-thumbnail","6":"product_cat-masturbateur","7":"product_cat-sex-toys","8":"product_tag-masturbateur","9":"product_tag-tenga-fr","10":"product_tag-tenga-premium-soft-case-cup-masturbator-fr","12":"first","13":"instock","14":"taxable","15":"shipping-taxable","16":"purchasable","17":"product-type-simple"},"acf":[],"_links":{"self":[{"href":"https:\/\/poppers-online.ch\/fr\/wp-json\/wp\/v2\/product\/64346","targetHints":{"allow":["GET"]}}],"collection":[{"href":"https:\/\/poppers-online.ch\/fr\/wp-json\/wp\/v2\/product"}],"about":[{"href":"https:\/\/poppers-online.ch\/fr\/wp-json\/wp\/v2\/types\/product"}],"replies":[{"embeddable":true,"href":"https:\/\/poppers-online.ch\/fr\/wp-json\/wp\/v2\/comments?post=64346"}],"wp:featuredmedia":[{"embeddable":true,"href":"https:\/\/poppers-online.ch\/fr\/wp-json\/wp\/v2\/media\/64351"}],"wp:attachment":[{"href":"https:\/\/poppers-online.ch\/fr\/wp-json\/wp\/v2\/media?parent=64346"}],"wp:term":[{"taxonomy":"product_brand","embeddable":true,"href":"https:\/\/poppers-online.ch\/fr\/wp-json\/wp\/v2\/product_brand?post=64346"},{"taxonomy":"product_cat","embeddable":true,"href":"https:\/\/poppers-online.ch\/fr\/wp-json\/wp\/v2\/product_cat?post=64346"},{"taxonomy":"product_tag","embeddable":true,"href":"https:\/\/poppers-online.ch\/fr\/wp-json\/wp\/v2\/product_tag?post=64346"}],"curies":[{"name":"wp","href":"https:\/\/api.w.org\/{rel}","templated":true}]}}