{"id":64337,"date":"2023-08-04T19:48:44","date_gmt":"2023-08-04T17:48:44","guid":{"rendered":"https:\/\/poppers-online.ch\/?post_type=product&#038;p=64337"},"modified":"2026-03-22T11:10:46","modified_gmt":"2026-03-22T10:10:46","slug":"bull-power-delay-gel-30ml","status":"publish","type":"product","link":"https:\/\/poppers-online.ch\/fr\/produit\/bull-power-delay-gel-30ml\/","title":{"rendered":"Bull Power Delay Gel 30ml"},"content":{"rendered":"","protected":false},"excerpt":{"rendered":"<div>Bull Power Delay Gel 30ml repousse plus longtemps le moment d&rsquo;\u00eatre \u00ab\u00a0pr\u00eat\u00a0\u00bb. L&rsquo;\u00e9jaculation pr\u00e9coce est une chose qui d\u00e9range plus de 60% des hommes, sans oublier leurs partenaires. Cela rend le sexe trop bref. Utilise le gel Bull Power Delay pour un contact intime prolong\u00e9, sans avoir peur de jouir pr\u00e9matur\u00e9ment. Bull Power Delay Gel 30ml peut retarder l&rsquo;\u00e9jaculation jusqu&rsquo;\u00e0 30 minutes ! Il a \u00e9galement un effet l\u00e9g\u00e8rement rafra\u00eechissant et soignant.<\/div>\n<div><\/div>\n<div>Contenu : 30 ml<\/div>\n","protected":false},"featured_media":137229,"comment_status":"open","ping_status":"closed","template":"","meta":{"_acf_changed":false,"iawp_total_views":43,"_glsr_average":0,"_glsr_ranking":0,"_glsr_reviews":0},"product_brand":[],"product_cat":[2079,166],"product_tag":[950],"class_list":{"0":"post-64337","1":"product","2":"type-product","3":"status-publish","4":"has-post-thumbnail","6":"product_cat-retardant-ejaculation","7":"product_cat-droguerie","8":"product_tag-bull-power-delay-gel-30ml-fr","10":"first","11":"instock","12":"taxable","13":"shipping-taxable","14":"purchasable","15":"product-type-simple"},"acf":[],"_links":{"self":[{"href":"https:\/\/poppers-online.ch\/fr\/wp-json\/wp\/v2\/product\/64337","targetHints":{"allow":["GET"]}}],"collection":[{"href":"https:\/\/poppers-online.ch\/fr\/wp-json\/wp\/v2\/product"}],"about":[{"href":"https:\/\/poppers-online.ch\/fr\/wp-json\/wp\/v2\/types\/product"}],"replies":[{"embeddable":true,"href":"https:\/\/poppers-online.ch\/fr\/wp-json\/wp\/v2\/comments?post=64337"}],"wp:featuredmedia":[{"embeddable":true,"href":"https:\/\/poppers-online.ch\/fr\/wp-json\/wp\/v2\/media\/137229"}],"wp:attachment":[{"href":"https:\/\/poppers-online.ch\/fr\/wp-json\/wp\/v2\/media?parent=64337"}],"wp:term":[{"taxonomy":"product_brand","embeddable":true,"href":"https:\/\/poppers-online.ch\/fr\/wp-json\/wp\/v2\/product_brand?post=64337"},{"taxonomy":"product_cat","embeddable":true,"href":"https:\/\/poppers-online.ch\/fr\/wp-json\/wp\/v2\/product_cat?post=64337"},{"taxonomy":"product_tag","embeddable":true,"href":"https:\/\/poppers-online.ch\/fr\/wp-json\/wp\/v2\/product_tag?post=64337"}],"curies":[{"name":"wp","href":"https:\/\/api.w.org\/{rel}","templated":true}]}}