{"id":64203,"date":"2023-08-03T22:04:32","date_gmt":"2023-08-03T20:04:32","guid":{"rendered":"https:\/\/poppers-online.ch\/?post_type=product&#038;p=64203"},"modified":"2026-03-13T02:06:08","modified_gmt":"2026-03-13T01:06:08","slug":"colt-hefty-probe-inflatable-butt-plug","status":"publish","type":"product","link":"https:\/\/poppers-online.ch\/fr\/produit\/colt-hefty-probe-inflatable-butt-plug\/","title":{"rendered":"COLT Hefty Probe Bouchon gonflable"},"content":{"rendered":"","protected":false},"excerpt":{"rendered":"<div>Plus c&rsquo;est grand, mieux c&rsquo;est. Avec le<strong> COLT Hefty Probe Bouchon gonflable<\/strong>, tu peux facilement d\u00e9terminer toi-m\u00eame ta taille sp\u00e9ciale. Le godemich\u00e9 gonflable souple peut \u00eatre rapidement mis \u00e0 la taille souhait\u00e9e \u00e0 l&rsquo;aide de la balle-pompe et est dot\u00e9 d&rsquo;une valve de d\u00e9gagement rapide pour plus de s\u00e9curit\u00e9.<\/div>\n<ul>\n<li><strong>longueur:<\/strong> environ 16,5 cm<\/li>\n<li><strong>diam\u00e8tre:<\/strong> environ 5 cm<\/li>\n<li><strong>Mat\u00e9riau:<\/strong> PVC\/ABS<\/li>\n<li><strong>Couleur:<\/strong> Noir<\/li>\n<\/ul>\n","protected":false},"featured_media":64207,"comment_status":"open","ping_status":"closed","template":"","meta":{"_acf_changed":false,"iawp_total_views":40,"_glsr_average":0,"_glsr_ranking":0,"_glsr_reviews":0},"product_brand":[],"product_cat":[2085,171],"product_tag":[934],"class_list":{"0":"post-64203","1":"product","2":"type-product","3":"status-publish","4":"has-post-thumbnail","6":"product_cat-anal-play","7":"product_cat-sex-toys","8":"product_tag-colt-hefty-probe-inflatable-butt-plug-fr","10":"first","11":"outofstock","12":"taxable","13":"shipping-taxable","14":"purchasable","15":"product-type-simple"},"acf":[],"_links":{"self":[{"href":"https:\/\/poppers-online.ch\/fr\/wp-json\/wp\/v2\/product\/64203","targetHints":{"allow":["GET"]}}],"collection":[{"href":"https:\/\/poppers-online.ch\/fr\/wp-json\/wp\/v2\/product"}],"about":[{"href":"https:\/\/poppers-online.ch\/fr\/wp-json\/wp\/v2\/types\/product"}],"replies":[{"embeddable":true,"href":"https:\/\/poppers-online.ch\/fr\/wp-json\/wp\/v2\/comments?post=64203"}],"wp:featuredmedia":[{"embeddable":true,"href":"https:\/\/poppers-online.ch\/fr\/wp-json\/wp\/v2\/media\/64207"}],"wp:attachment":[{"href":"https:\/\/poppers-online.ch\/fr\/wp-json\/wp\/v2\/media?parent=64203"}],"wp:term":[{"taxonomy":"product_brand","embeddable":true,"href":"https:\/\/poppers-online.ch\/fr\/wp-json\/wp\/v2\/product_brand?post=64203"},{"taxonomy":"product_cat","embeddable":true,"href":"https:\/\/poppers-online.ch\/fr\/wp-json\/wp\/v2\/product_cat?post=64203"},{"taxonomy":"product_tag","embeddable":true,"href":"https:\/\/poppers-online.ch\/fr\/wp-json\/wp\/v2\/product_tag?post=64203"}],"curies":[{"name":"wp","href":"https:\/\/api.w.org\/{rel}","templated":true}]}}