{"id":64164,"date":"2023-08-03T20:17:28","date_gmt":"2023-08-03T18:17:28","guid":{"rendered":"https:\/\/poppers-online.ch\/?post_type=product&#038;p=64164"},"modified":"2025-12-10T02:05:32","modified_gmt":"2025-12-10T01:05:32","slug":"all-black-dildo-ab05","status":"publish","type":"product","link":"https:\/\/poppers-online.ch\/fr\/produit\/all-black-dildo-ab05\/","title":{"rendered":"Godemich\u00e9 All Black AB05"},"content":{"rendered":"","protected":false},"excerpt":{"rendered":"<p>Ce godemich\u00e9 All Black AB05 noir en forme de p\u00e9nis est la garantie d&rsquo;exp\u00e9riences sexuelles tr\u00e8s particuli\u00e8res. Sa mati\u00e8re lisse et son gland prononc\u00e9 facilitent une p\u00e9n\u00e9tration agr\u00e9able et magnifique. Le grand scrotum, que l&rsquo;on peut r\u00e9ellement sentir, sert \u00e9galement de pied. All Black AB 05 est propos\u00e9 comme un jouet sexuel absolument s\u00fbr. Il ne contient aucune substance toxique comme le cadmium, le plomb ou m\u00eame le phtalate.<\/p>\n<ul>\n<li><strong>longueur:<\/strong> environ 19,5 cm<\/li>\n<li><strong>diam\u00e8tre:<\/strong> environ 4,7 cm<\/li>\n<li><strong>Mat\u00e9riau:<\/strong> PVC<\/li>\n<li><strong>Couleur:<\/strong> Noir<\/li>\n<\/ul>\n<p>D\u00e9couvre aussi le gode <a href=\"https:\/\/poppers-online.ch\/produkt\/all-black-dildo-24-monster-dildo\/\">All Black 24 Monster Dildo<\/a>.<\/p>\n<div class=\"elementor-column elementor-col-33 elementor-top-column elementor-element elementor-element-7745932\" data-id=\"7745932\" data-element_type=\"column\" data-settings=\"{\">\n<div class=\"elementor-widget-wrap elementor-element-populated\">\n<div class=\"elementor-element elementor-element-2f7d5db yes elementor-widget elementor-widget-woocommerce-product-images\" data-id=\"2f7d5db\" data-element_type=\"widget\" data-widget_type=\"woocommerce-product-images.default\">\n<div class=\"elementor-widget-container\">\n<div class=\"woocommerce-product-gallery woocommerce-product-gallery--with-images woocommerce-product-gallery--columns-4 images\" data-columns=\"4\">\n<div class=\"woocommerce-product-gallery__wrapper\">\n<div class=\"woocommerce-product-gallery__image\" data-thumb=\"https:\/\/poppers-online.ch\/wp-content\/uploads\/All-Black-Dildo-24-PO1-100x100.png\" data-thumb-alt=\"All Black Dildo 24 Monster Dildo\"><\/div>\n<\/div>\n<\/div>\n<\/div>\n<\/div>\n<\/div>\n<\/div>\n<div class=\"elementor-column elementor-col-66 elementor-top-column elementor-element elementor-element-dfb53d7\" data-id=\"dfb53d7\" data-element_type=\"column\" data-settings=\"{\">\n<div class=\"elementor-widget-wrap elementor-element-populated\">\n<div class=\"elementor-element elementor-element-fbfbb0c elementor-widget elementor-widget-woocommerce-product-title elementor-page-title elementor-widget-heading\" data-id=\"fbfbb0c\" data-element_type=\"widget\" data-widget_type=\"woocommerce-product-title.default\">\n<div class=\"elementor-widget-container\">\n<h1 class=\"product_title entry-title elementor-heading-title elementor-size-default\"><\/h1>\n<\/div>\n<\/div>\n<\/div>\n<\/div>\n","protected":false},"featured_media":64168,"comment_status":"open","ping_status":"closed","template":"","meta":{"_acf_changed":false,"iawp_total_views":7,"_glsr_average":0,"_glsr_ranking":0,"_glsr_reviews":0},"product_brand":[],"product_cat":[2085,171],"product_tag":[688,926],"class_list":{"0":"post-64164","1":"product","2":"type-product","3":"status-publish","4":"has-post-thumbnail","6":"product_cat-anal-play","7":"product_cat-sex-toys","8":"product_tag-all-black-fr","9":"product_tag-all-black-dildo-ab05-fr","11":"first","12":"outofstock","13":"taxable","14":"shipping-taxable","15":"purchasable","16":"product-type-simple"},"acf":[],"_links":{"self":[{"href":"https:\/\/poppers-online.ch\/fr\/wp-json\/wp\/v2\/product\/64164","targetHints":{"allow":["GET"]}}],"collection":[{"href":"https:\/\/poppers-online.ch\/fr\/wp-json\/wp\/v2\/product"}],"about":[{"href":"https:\/\/poppers-online.ch\/fr\/wp-json\/wp\/v2\/types\/product"}],"replies":[{"embeddable":true,"href":"https:\/\/poppers-online.ch\/fr\/wp-json\/wp\/v2\/comments?post=64164"}],"wp:featuredmedia":[{"embeddable":true,"href":"https:\/\/poppers-online.ch\/fr\/wp-json\/wp\/v2\/media\/64168"}],"wp:attachment":[{"href":"https:\/\/poppers-online.ch\/fr\/wp-json\/wp\/v2\/media?parent=64164"}],"wp:term":[{"taxonomy":"product_brand","embeddable":true,"href":"https:\/\/poppers-online.ch\/fr\/wp-json\/wp\/v2\/product_brand?post=64164"},{"taxonomy":"product_cat","embeddable":true,"href":"https:\/\/poppers-online.ch\/fr\/wp-json\/wp\/v2\/product_cat?post=64164"},{"taxonomy":"product_tag","embeddable":true,"href":"https:\/\/poppers-online.ch\/fr\/wp-json\/wp\/v2\/product_tag?post=64164"}],"curies":[{"name":"wp","href":"https:\/\/api.w.org\/{rel}","templated":true}]}}