{"id":63448,"date":"2023-07-27T17:31:07","date_gmt":"2023-07-27T15:31:07","guid":{"rendered":"https:\/\/poppers-online.ch\/?post_type=product&#038;p=63448"},"modified":"2024-10-16T00:00:38","modified_gmt":"2024-10-15T22:00:38","slug":"10-speed-quest-prostata-massager","status":"publish","type":"product","link":"https:\/\/poppers-online.ch\/fr\/produit\/10-speed-quest-prostata-massager\/","title":{"rendered":"10 Speed Quest Massager de la prostate"},"content":{"rendered":"","protected":false},"excerpt":{"rendered":"<p>D\u00e9couvre de nouveaux plaisirs sensuels avec le 10 Speed Quest Prostata Massager, le puissant masseur de prostate en bleu avec <strong>10 niveaux de vibration et de pulsation excitants.<\/strong> De la taille d&rsquo;un majeur, le Quest en bleu minuit est un puissant masseur de prostate de petit diam\u00e8tre. Il offre un contr\u00f4le total qui donne confiance en soi pour en faire plus, sur le chemin d&rsquo;un nouveau plaisir \u00e9rotique. Le <strong>vibromasseur anal<\/strong> \u00e9troit est id\u00e9al pour tous ceux qui souhaitent essayer <strong>la stimulation de la prostate<\/strong> ou l&rsquo;explorer plus intens\u00e9ment. Enflamme tes sens pour de nouvelles exp\u00e9riences sexuelles ! Tu peux t&#8217;emmener toi-m\u00eame ou ton partenaire vers de nouveaux sommets \u00e9rotiques gr\u00e2ce \u00e0 <strong>10 r\u00e9glages de vibration et de pulsation excitants.<\/strong><\/p>\n<p>Le 10 Speed Quest Prostata Massager est compact, styl\u00e9 et a \u00e9t\u00e9 con\u00e7u en tenant compte de l&rsquo;aventure exigeante : pour une stimulation <strong>douce<\/strong> au d\u00e9but et une stimulation <strong>intense<\/strong> pour les plus avanc\u00e9s ! Gr\u00e2ce \u00e0 sa r\u00e9sistance \u00e0 l&rsquo;eau \u00e0 100%, il n&rsquo;y a pas de limites \u00e0 ton imagination dans la chambre, la salle de bain ou la douche. Sa surface lisse et rev\u00eatue se nettoie facilement \u00e0 l&rsquo;eau chaude et au savon doux avant et apr\u00e8s utilisation. Bien entendu, ce vibromasseur puissant peut aussi \u00eatre utilis\u00e9 alternativement pour d&rsquo;autres zones \u00e9rog\u00e8nes, en solo ou dans le cadre de pr\u00e9liminaires. Sois pr\u00eat pour une nouvelle aventure sexuelle excitante ! Avec 10 Speed Quest Prostata Massager comme compagnon de voyage expert.<\/p>\n<ul>\n<li>Convient \u00e9galement aux d\u00e9butants<\/li>\n<li>10 niveaux de vibration et de pulsation puissants<\/li>\n<li>Con\u00e7u pour donner de la joie<\/li>\n<li>Facile \u00e0 nettoyer<\/li>\n<li>100% r\u00e9sistant \u00e0 l&rsquo;eau et enti\u00e8rement submersible<\/li>\n<li>pile incluse, imm\u00e9diatement utilisable<\/li>\n<\/ul>\n<ul>\n<li><strong>longueur totale:<\/strong> environ 11 cm<\/li>\n<li><strong>Longueur d&rsquo;insertion:<\/strong> environ 8,2 cm<\/li>\n<li><strong>diam\u00e8tre du masseur:<\/strong> environ 2,3 cm<\/li>\n<li><strong>Pile:<\/strong> 1x Size AAA 1,5V (incluse)<\/li>\n<\/ul>\n","protected":false},"featured_media":63452,"comment_status":"open","ping_status":"closed","template":"","meta":{"_acf_changed":false,"iawp_total_views":13,"_glsr_average":0,"_glsr_ranking":0,"_glsr_reviews":0},"product_brand":[],"product_cat":[2085,171],"product_tag":[919],"class_list":{"0":"post-63448","1":"product","2":"type-product","3":"status-publish","4":"has-post-thumbnail","6":"product_cat-anal-play","7":"product_cat-sex-toys","8":"product_tag-10-speed-quest-massager-de-la-prostate","10":"first","11":"instock","12":"taxable","13":"shipping-taxable","14":"purchasable","15":"product-type-simple"},"acf":[],"_links":{"self":[{"href":"https:\/\/poppers-online.ch\/fr\/wp-json\/wp\/v2\/product\/63448","targetHints":{"allow":["GET"]}}],"collection":[{"href":"https:\/\/poppers-online.ch\/fr\/wp-json\/wp\/v2\/product"}],"about":[{"href":"https:\/\/poppers-online.ch\/fr\/wp-json\/wp\/v2\/types\/product"}],"replies":[{"embeddable":true,"href":"https:\/\/poppers-online.ch\/fr\/wp-json\/wp\/v2\/comments?post=63448"}],"wp:featuredmedia":[{"embeddable":true,"href":"https:\/\/poppers-online.ch\/fr\/wp-json\/wp\/v2\/media\/63452"}],"wp:attachment":[{"href":"https:\/\/poppers-online.ch\/fr\/wp-json\/wp\/v2\/media?parent=63448"}],"wp:term":[{"taxonomy":"product_brand","embeddable":true,"href":"https:\/\/poppers-online.ch\/fr\/wp-json\/wp\/v2\/product_brand?post=63448"},{"taxonomy":"product_cat","embeddable":true,"href":"https:\/\/poppers-online.ch\/fr\/wp-json\/wp\/v2\/product_cat?post=63448"},{"taxonomy":"product_tag","embeddable":true,"href":"https:\/\/poppers-online.ch\/fr\/wp-json\/wp\/v2\/product_tag?post=63448"}],"curies":[{"name":"wp","href":"https:\/\/api.w.org\/{rel}","templated":true}]}}