{"id":63444,"date":"2023-07-27T17:09:18","date_gmt":"2023-07-27T15:09:18","guid":{"rendered":"https:\/\/poppers-online.ch\/?post_type=product&#038;p=63444"},"modified":"2024-10-16T00:00:39","modified_gmt":"2024-10-15T22:00:39","slug":"mister-b-double-f-neon-fist-and-play-lube-500-ml","status":"publish","type":"product","link":"https:\/\/poppers-online.ch\/fr\/produit\/mister-b-double-f-neon-fist-and-play-lube-500-ml\/","title":{"rendered":"Mister B Double-F Neon Fist and Play Lube 500 ml"},"content":{"rendered":"","protected":false},"excerpt":{"rendered":"<p>Tu es un amateur de jeux extr\u00eames, y compris le fisting ? Et tu es \u00e0 la recherche d&rsquo;un lubrifiant \u00e0 base d&rsquo;eau qui soit super efficace et amusant ? Ce Mister B Double-F Neon Fist and Play Lube 500 ml t&rsquo;aide non seulement \u00e0 fister, mais aussi \u00e0 utiliser des jouets plus grands gr\u00e2ce \u00e0 sa consistance riche et brille en plus en jaune fluo sous une lumi\u00e8re bleue ou noire ! Profite de ces sensations fortes et surprends ton partenaire !<\/p>\n<p><strong>Mister B Double-F Neon Fist and Play Lube 500 ml <\/strong>est la marque parfaite pour le fisting et les gros jouets !<\/p>\n<p>Il est \u00e9tonnamment souple et a un effet super durable. Il est \u00e9galement un excellent compagnon sous la douche et tu peux t&rsquo;en servir pour profiter d&rsquo;un massage sensuel de tout le corps.<\/p>\n<p>Tu vas \u00e0 une f\u00eate et tu sais \u00e0 l&rsquo;avance qu&rsquo;il y aura des lumi\u00e8res noires ou bleues ? Pr\u00e9pare-toi \u00e0 ce que le Double-F Neon sur ton corps r\u00e9v\u00e8le tes pr\u00e9f\u00e9rences secr\u00e8tes !<\/p>\n<ul>\n<li>Non toxique<\/li>\n<li>sans go\u00fbt<\/li>\n<li>inodore<\/li>\n<li>non gras<\/li>\n<li>compatible avec le latex et les pr\u00e9servatifs<\/li>\n<li>500 ml<\/li>\n<\/ul>\n","protected":false},"featured_media":63437,"comment_status":"open","ping_status":"closed","template":"","meta":{"_acf_changed":false,"iawp_total_views":4,"_glsr_average":0,"_glsr_ranking":0,"_glsr_reviews":0},"product_brand":[],"product_cat":[2067,166],"product_tag":[1018,900],"class_list":{"0":"post-63444","1":"product","2":"type-product","3":"status-publish","4":"has-post-thumbnail","6":"product_cat-lubrifiant","7":"product_cat-droguerie","8":"product_tag-mister-b-double-f-neon-fist-and-play-lube-500-ml-fr","9":"product_tag-mister-b-double-f-neon-fist-lube-500-ml-fr","11":"first","12":"instock","13":"taxable","14":"shipping-taxable","15":"purchasable","16":"product-type-simple"},"acf":[],"_links":{"self":[{"href":"https:\/\/poppers-online.ch\/fr\/wp-json\/wp\/v2\/product\/63444","targetHints":{"allow":["GET"]}}],"collection":[{"href":"https:\/\/poppers-online.ch\/fr\/wp-json\/wp\/v2\/product"}],"about":[{"href":"https:\/\/poppers-online.ch\/fr\/wp-json\/wp\/v2\/types\/product"}],"replies":[{"embeddable":true,"href":"https:\/\/poppers-online.ch\/fr\/wp-json\/wp\/v2\/comments?post=63444"}],"wp:featuredmedia":[{"embeddable":true,"href":"https:\/\/poppers-online.ch\/fr\/wp-json\/wp\/v2\/media\/63437"}],"wp:attachment":[{"href":"https:\/\/poppers-online.ch\/fr\/wp-json\/wp\/v2\/media?parent=63444"}],"wp:term":[{"taxonomy":"product_brand","embeddable":true,"href":"https:\/\/poppers-online.ch\/fr\/wp-json\/wp\/v2\/product_brand?post=63444"},{"taxonomy":"product_cat","embeddable":true,"href":"https:\/\/poppers-online.ch\/fr\/wp-json\/wp\/v2\/product_cat?post=63444"},{"taxonomy":"product_tag","embeddable":true,"href":"https:\/\/poppers-online.ch\/fr\/wp-json\/wp\/v2\/product_tag?post=63444"}],"curies":[{"name":"wp","href":"https:\/\/api.w.org\/{rel}","templated":true}]}}