{"id":62749,"date":"2023-07-21T17:38:39","date_gmt":"2023-07-21T15:38:39","guid":{"rendered":"https:\/\/poppers-online.ch\/?post_type=product&#038;p=62749"},"modified":"2024-10-16T00:00:44","modified_gmt":"2024-10-15T22:00:44","slug":"locker-room-universal-bulb-travel-douche-kit-douche-anale","status":"publish","type":"product","link":"https:\/\/poppers-online.ch\/fr\/produit\/locker-room-universal-bulb-travel-douche-kit-douche-anale\/","title":{"rendered":"Locker Room Universal Bulb Travel Douche Kit Douche anale"},"content":{"rendered":"","protected":false},"excerpt":{"rendered":"<p>Le Locker Room Universal Bulb Travel Douche Kit est un <strong>kit de voyage hygi\u00e9nique de<\/strong> haute qualit\u00e9 pour le plaisir anal, il convient parfaitement aux d\u00e9butants.<\/p>\n<ul>\n<li>Douche de nettoyage parfaite avec grande capacit\u00e9 d&rsquo;eau<\/li>\n<li>Capuchon de voyage \u00e9tanche permettant d&#8217;emporter de l&rsquo;eau ou du lubrifiant jusqu&rsquo;\u00e0 0,45 litre<\/li>\n<li>Compatible avec toutes les buses de vestiaires<\/li>\n<\/ul>\n<p>Nous avons redessin\u00e9 la \u00ab\u00a0lampe de douche\u00a0\u00bb classique afin d&rsquo;augmenter sa capacit\u00e9 (0,45 litre) et d&rsquo;accueillir tous nos jets portables. Il est livr\u00e9 avec notre fameux Road Nozzle, ce qui permet de l&rsquo;utiliser directement apr\u00e8s l&rsquo;avoir d\u00e9ball\u00e9. De plus, un capuchon est inclus, ce qui permet de remplir la lampe avec le liquide de ton choix (par exemple du lubrifiant) et de la ranger dans ton sac \u00e0 dos pour l&rsquo;utiliser rapidement en cours de route.<\/p>\n","protected":false},"featured_media":62755,"comment_status":"open","ping_status":"closed","template":"","meta":{"_acf_changed":false,"iawp_total_views":3,"_glsr_average":0,"_glsr_ranking":0,"_glsr_reviews":0},"product_brand":[],"product_cat":[2064,166],"product_tag":[784],"class_list":{"0":"post-62749","1":"product","2":"type-product","3":"status-publish","4":"has-post-thumbnail","6":"product_cat-douche-anale","7":"product_cat-droguerie","8":"product_tag-locker-room-universal-bulb-travel-douche-kit-douche-anale-fr","10":"first","11":"outofstock","12":"taxable","13":"shipping-taxable","14":"purchasable","15":"product-type-simple"},"acf":[],"_links":{"self":[{"href":"https:\/\/poppers-online.ch\/fr\/wp-json\/wp\/v2\/product\/62749","targetHints":{"allow":["GET"]}}],"collection":[{"href":"https:\/\/poppers-online.ch\/fr\/wp-json\/wp\/v2\/product"}],"about":[{"href":"https:\/\/poppers-online.ch\/fr\/wp-json\/wp\/v2\/types\/product"}],"replies":[{"embeddable":true,"href":"https:\/\/poppers-online.ch\/fr\/wp-json\/wp\/v2\/comments?post=62749"}],"wp:featuredmedia":[{"embeddable":true,"href":"https:\/\/poppers-online.ch\/fr\/wp-json\/wp\/v2\/media\/62755"}],"wp:attachment":[{"href":"https:\/\/poppers-online.ch\/fr\/wp-json\/wp\/v2\/media?parent=62749"}],"wp:term":[{"taxonomy":"product_brand","embeddable":true,"href":"https:\/\/poppers-online.ch\/fr\/wp-json\/wp\/v2\/product_brand?post=62749"},{"taxonomy":"product_cat","embeddable":true,"href":"https:\/\/poppers-online.ch\/fr\/wp-json\/wp\/v2\/product_cat?post=62749"},{"taxonomy":"product_tag","embeddable":true,"href":"https:\/\/poppers-online.ch\/fr\/wp-json\/wp\/v2\/product_tag?post=62749"}],"curies":[{"name":"wp","href":"https:\/\/api.w.org\/{rel}","templated":true}]}}