{"id":62732,"date":"2023-07-21T17:18:08","date_gmt":"2023-07-21T15:18:08","guid":{"rendered":"https:\/\/poppers-online.ch\/?post_type=product&#038;p=62732"},"modified":"2025-08-19T02:05:29","modified_gmt":"2025-08-19T00:05:29","slug":"colt-hand-job-stroker","status":"publish","type":"product","link":"https:\/\/poppers-online.ch\/fr\/produit\/colt-hand-job-stroker\/","title":{"rendered":"Colt Hand Job Stroker"},"content":{"rendered":"","protected":false},"excerpt":{"rendered":"<p>Le <strong>COLT Hand Job Stroker<\/strong> est un excellent masturbateur en silicone pour la main. L&rsquo;int\u00e9rieur est dot\u00e9 de centaines d&rsquo;asp\u00e9rit\u00e9s qui servent de parfaits masseurs de p\u00e9nis. Retourne le COLT Hand Job Stroker de l&rsquo;autre c\u00f4t\u00e9 et profite d&rsquo;une autre fa\u00e7on de te masturber. Les deux c\u00f4t\u00e9s donnent lieu \u00e0 des sensations diff\u00e9rentes gr\u00e2ce \u00e0 son excellente mati\u00e8re en silicone souple. Gr\u00e2ce \u00e0 sa mati\u00e8re extensible, il s&rsquo;adapte parfaitement \u00e0 tous les p\u00e9nis. Profite du plaisir de la masturbation.<br \/>\n<strong>Dimensions<\/strong>: 14 x 4 cm. \u00c9tui en silicone extensible et facile \u00e0 nettoyer. Pour garder le Stroker propre et pr\u00eat \u00e0 l&#8217;emploi, lave-le \u00e0 l&rsquo;eau chaude savonneuse avant et apr\u00e8s chaque utilisation.<\/p>\n","protected":false},"featured_media":62736,"comment_status":"open","ping_status":"closed","template":"","meta":{"_acf_changed":false,"iawp_total_views":2,"_glsr_average":0,"_glsr_ranking":0,"_glsr_reviews":0},"product_brand":[],"product_cat":[2094,171],"product_tag":[773],"class_list":{"0":"post-62732","1":"product","2":"type-product","3":"status-publish","4":"has-post-thumbnail","6":"product_cat-masturbateur","7":"product_cat-sex-toys","8":"product_tag-colt-hand-job-stroker-fr","10":"first","11":"outofstock","12":"taxable","13":"shipping-taxable","14":"purchasable","15":"product-type-simple"},"acf":[],"_links":{"self":[{"href":"https:\/\/poppers-online.ch\/fr\/wp-json\/wp\/v2\/product\/62732","targetHints":{"allow":["GET"]}}],"collection":[{"href":"https:\/\/poppers-online.ch\/fr\/wp-json\/wp\/v2\/product"}],"about":[{"href":"https:\/\/poppers-online.ch\/fr\/wp-json\/wp\/v2\/types\/product"}],"replies":[{"embeddable":true,"href":"https:\/\/poppers-online.ch\/fr\/wp-json\/wp\/v2\/comments?post=62732"}],"wp:featuredmedia":[{"embeddable":true,"href":"https:\/\/poppers-online.ch\/fr\/wp-json\/wp\/v2\/media\/62736"}],"wp:attachment":[{"href":"https:\/\/poppers-online.ch\/fr\/wp-json\/wp\/v2\/media?parent=62732"}],"wp:term":[{"taxonomy":"product_brand","embeddable":true,"href":"https:\/\/poppers-online.ch\/fr\/wp-json\/wp\/v2\/product_brand?post=62732"},{"taxonomy":"product_cat","embeddable":true,"href":"https:\/\/poppers-online.ch\/fr\/wp-json\/wp\/v2\/product_cat?post=62732"},{"taxonomy":"product_tag","embeddable":true,"href":"https:\/\/poppers-online.ch\/fr\/wp-json\/wp\/v2\/product_tag?post=62732"}],"curies":[{"name":"wp","href":"https:\/\/api.w.org\/{rel}","templated":true}]}}