{"id":62724,"date":"2023-07-21T16:49:37","date_gmt":"2023-07-21T14:49:37","guid":{"rendered":"https:\/\/poppers-online.ch\/?post_type=product&#038;p=62724"},"modified":"2024-10-16T00:05:29","modified_gmt":"2024-10-15T22:05:29","slug":"insert-rouge-pour-large-round-poppers-flacons-avec-head-small-pour-banger-station-de-xtrm","status":"publish","type":"product","link":"https:\/\/poppers-online.ch\/fr\/produit\/insert-rouge-pour-large-round-poppers-flacons-avec-head-small-pour-banger-station-de-xtrm\/","title":{"rendered":"Insert Rouge pour Large Round Poppers Flacons avec Head Small pour Banger Station de XTRM"},"content":{"rendered":"","protected":false},"excerpt":{"rendered":"<p>Tu aimes changer de marque de poppers et de taille de flacon ? Tu veux utiliser la Banger Station pour l&rsquo;usage de poppers pour toutes les tailles de flacons sans restriction ? Chaque insert rouge disponible s\u00e9par\u00e9ment pour les quatre formes de flacon diff\u00e9rentes t&rsquo;aide \u00e0 ce que la flacon de poppers soit parfaitement ajust\u00e9e dans la station Banger. Outre la forme de la flacon, il existe \u00e9galement deux tailles de filetage pour les flacons de poppers. C&rsquo;est pourquoi nous te livrons avec chaque insert rouge une t\u00eate de Banger Station \u00e0 visser, afin que la d\u00e9gustation de poppers s&rsquo;adapte \u00e0 coup s\u00fbr \u00e0 la forme de la flacon remplac\u00e9e et \u00e0 la taille du filetage correspondant.<\/p>\n<p>Cet article contient 1x insert Rouge Large Round et 1x t\u00eate Small pour tous les Large Round Flacons de poppers<\/p>\n<p>Instructions pour la transformation : Remplace tout simplement l&rsquo;insert rouge de ta Banger Station. Si n\u00e9cessaire, remplace \u00e9galement la t\u00eate fournie et refixe le tuyau sur la t\u00eate.<\/p>\n<p><strong>Aper\u00e7u des tailles de flacons (important pour les inserts rouges)<\/strong><\/p>\n<ul>\n<li><strong>Small Poppers:<\/strong> toutes les flacons rondes de 10 ml<\/li>\n<li><strong>Large Round Poppers:<\/strong> tous les flacons ronds de 30ml de Lockerroom<\/li>\n<li><strong>Oval Poppers:<\/strong> toutes les flacons ovales de Shelbora et Oxymoron 24\/25\/30ml<\/li>\n<li><strong>Large Square Poppers:<\/strong> tous les flacons carr\u00e9s de Lockerroom 25ml (Retro Line)<\/li>\n<\/ul>\n<p><strong>Aper\u00e7u des tailles de t\u00eates (important en raison du filetage des flacons)<\/strong><\/p>\n<ul>\n<li><strong>Head Small:<\/strong> pour tous les flacons ronds de 10ml et ronds de 30ml de Lockerroom ainsi que pour tous les flacons ovales (24\/25\/30ml) de Shelbora et Oxymoron<\/li>\n<li><strong>Head Large:<\/strong> pour tous les flacons carr\u00e9s de Lockerroom 25ml (ligne r\u00e9tro)<\/li>\n<\/ul>\n","protected":false},"featured_media":45901,"comment_status":"open","ping_status":"closed","template":"","meta":{"_acf_changed":false,"iawp_total_views":1,"_glsr_average":0,"_glsr_ranking":0,"_glsr_reviews":0},"product_brand":[],"product_cat":[149,1300],"product_tag":[453,1353,1357,441,437],"class_list":{"0":"post-62724","1":"product","2":"type-product","3":"status-publish","4":"has-post-thumbnail","6":"product_cat-accessoires-poppers","7":"product_cat-banger-stations","8":"product_tag-banger-station-xtrm-small-poppers-fr","9":"product_tag-insert-rouge-pour-flacons-small-poppers-avec-tete-small-pour-banger-station-de-xtrm","10":"product_tag-insert-rouge-pour-large-round-poppers-flacons-avec-head-small-pour-banger-station-de-xtrm-fr","11":"product_tag-poppers-booster-cap-xtrm-double-large-red-leak-proof-fr","12":"product_tag-poppers-booster-cap-xtrm-double-small-black-leak-proof-fr","13":"pa_banger-station-einsatzform-pour-grands-flacons-ronds","15":"first","16":"instock","17":"taxable","18":"shipping-taxable","19":"purchasable","20":"product-type-simple"},"acf":[],"_links":{"self":[{"href":"https:\/\/poppers-online.ch\/fr\/wp-json\/wp\/v2\/product\/62724","targetHints":{"allow":["GET"]}}],"collection":[{"href":"https:\/\/poppers-online.ch\/fr\/wp-json\/wp\/v2\/product"}],"about":[{"href":"https:\/\/poppers-online.ch\/fr\/wp-json\/wp\/v2\/types\/product"}],"replies":[{"embeddable":true,"href":"https:\/\/poppers-online.ch\/fr\/wp-json\/wp\/v2\/comments?post=62724"}],"wp:featuredmedia":[{"embeddable":true,"href":"https:\/\/poppers-online.ch\/fr\/wp-json\/wp\/v2\/media\/45901"}],"wp:attachment":[{"href":"https:\/\/poppers-online.ch\/fr\/wp-json\/wp\/v2\/media?parent=62724"}],"wp:term":[{"taxonomy":"product_brand","embeddable":true,"href":"https:\/\/poppers-online.ch\/fr\/wp-json\/wp\/v2\/product_brand?post=62724"},{"taxonomy":"product_cat","embeddable":true,"href":"https:\/\/poppers-online.ch\/fr\/wp-json\/wp\/v2\/product_cat?post=62724"},{"taxonomy":"product_tag","embeddable":true,"href":"https:\/\/poppers-online.ch\/fr\/wp-json\/wp\/v2\/product_tag?post=62724"}],"curies":[{"name":"wp","href":"https:\/\/api.w.org\/{rel}","templated":true}]}}