{"id":62397,"date":"2023-07-18T16:41:16","date_gmt":"2023-07-18T14:41:16","guid":{"rendered":"https:\/\/poppers-online.ch\/?post_type=product&#038;p=62397"},"modified":"2026-03-13T02:05:59","modified_gmt":"2026-03-13T01:05:59","slug":"english-pentyl-poppers-24-ml","status":"publish","type":"product","link":"https:\/\/poppers-online.ch\/fr\/produit\/english-pentyl-poppers-24-ml\/","title":{"rendered":"English Pentyl Poppers 24 ml"},"content":{"rendered":"","protected":false},"excerpt":{"rendered":"<p><strong>English Pentyl Poppers 24 ml<\/strong> est bas\u00e9, comme son nom l&rsquo;indique, sur le nitrite de pentyle original. Dans la Queer Capital de UK LONDON, des f\u00eates pour tous les go\u00fbts et toutes les pr\u00e9f\u00e9rences t&rsquo;attendent. Fais venir chez toi le d\u00e9sir irr\u00e9pressible, le style de vie h\u00e9doniste et la libert\u00e9 sexuelle du Royaume-Uni avec l&rsquo;English Pentyl Poppers 24ml dans sa flacon chic \u00e0 l&rsquo;effigie de l&rsquo;Union Jack. Que l&rsquo;on soit gay ou h\u00e9t\u00e9ro, homme ou femme, nous aimons tous les poppers et nous aimons tous le Royaume-Uni !<\/p>\n","protected":false},"featured_media":65608,"comment_status":"open","ping_status":"closed","template":"","meta":{"_acf_changed":false,"iawp_total_views":4,"_glsr_average":0,"_glsr_ranking":0,"_glsr_reviews":0},"product_brand":[],"product_cat":[77],"product_tag":[758],"class_list":{"0":"post-62397","1":"product","2":"type-product","3":"status-publish","4":"has-post-thumbnail","6":"product_cat-grands-flacons","7":"product_tag-english-pentyl-poppers-24ml-fr","8":"pa_flaschenform-ovale","9":"pa_gewindegroesse-small","10":"pa_inhalt-24ml","11":"pa_inhaltsstoffe-nitrite-dalcool-isoamylique","12":"pa_staerke-90","14":"first","15":"instock","16":"taxable","17":"shipping-taxable","18":"purchasable","19":"product-type-simple"},"acf":[],"_links":{"self":[{"href":"https:\/\/poppers-online.ch\/fr\/wp-json\/wp\/v2\/product\/62397","targetHints":{"allow":["GET"]}}],"collection":[{"href":"https:\/\/poppers-online.ch\/fr\/wp-json\/wp\/v2\/product"}],"about":[{"href":"https:\/\/poppers-online.ch\/fr\/wp-json\/wp\/v2\/types\/product"}],"replies":[{"embeddable":true,"href":"https:\/\/poppers-online.ch\/fr\/wp-json\/wp\/v2\/comments?post=62397"}],"wp:featuredmedia":[{"embeddable":true,"href":"https:\/\/poppers-online.ch\/fr\/wp-json\/wp\/v2\/media\/65608"}],"wp:attachment":[{"href":"https:\/\/poppers-online.ch\/fr\/wp-json\/wp\/v2\/media?parent=62397"}],"wp:term":[{"taxonomy":"product_brand","embeddable":true,"href":"https:\/\/poppers-online.ch\/fr\/wp-json\/wp\/v2\/product_brand?post=62397"},{"taxonomy":"product_cat","embeddable":true,"href":"https:\/\/poppers-online.ch\/fr\/wp-json\/wp\/v2\/product_cat?post=62397"},{"taxonomy":"product_tag","embeddable":true,"href":"https:\/\/poppers-online.ch\/fr\/wp-json\/wp\/v2\/product_tag?post=62397"}],"curies":[{"name":"wp","href":"https:\/\/api.w.org\/{rel}","templated":true}]}}