{"id":62379,"date":"2023-07-18T16:16:03","date_gmt":"2023-07-18T14:16:03","guid":{"rendered":"https:\/\/poppers-online.ch\/?post_type=product&#038;p=62379"},"modified":"2025-10-21T16:42:08","modified_gmt":"2025-10-21T14:42:08","slug":"bb-pentyl-poppers-24ml","status":"publish","type":"product","link":"https:\/\/poppers-online.ch\/fr\/produit\/bb-pentyl-poppers-24ml\/","title":{"rendered":"BB Pentyl Poppers 24ml"},"content":{"rendered":"","protected":false},"excerpt":{"rendered":"<p><strong>BB Pentyl Poppers 24ml<\/strong> au style r\u00e9tro. Ce poppers est bas\u00e9, comme son nom l&rsquo;indique, sur le <strong>nitrite de pentyle<\/strong> original. Fort et puissant. Ce nouveau poppers de l&rsquo;entreprise innovante Oxymoron te s\u00e9duira lui aussi imm\u00e9diatement. Sois l&rsquo;un des premiers acheteurs et laisse-nous une \u00e9valuation du produit.<\/p>\n","protected":false},"featured_media":65535,"comment_status":"open","ping_status":"closed","template":"","meta":{"_acf_changed":false,"iawp_total_views":5,"_glsr_average":0,"_glsr_ranking":0,"_glsr_reviews":0},"product_brand":[],"product_cat":[77],"product_tag":[754],"class_list":{"0":"post-62379","1":"product","2":"type-product","3":"status-publish","4":"has-post-thumbnail","6":"product_cat-grands-flacons","7":"product_tag-bb-pentyl-poppers-24ml-fr","8":"pa_flaschenform-anguleux","9":"pa_gewindegroesse-small","10":"pa_inhalt-24ml","11":"pa_inhaltsstoffe-nitrite-dalcool-isoamylique","12":"pa_staerke-90","14":"first","15":"instock","16":"taxable","17":"shipping-taxable","18":"purchasable","19":"product-type-simple"},"acf":[],"_links":{"self":[{"href":"https:\/\/poppers-online.ch\/fr\/wp-json\/wp\/v2\/product\/62379","targetHints":{"allow":["GET"]}}],"collection":[{"href":"https:\/\/poppers-online.ch\/fr\/wp-json\/wp\/v2\/product"}],"about":[{"href":"https:\/\/poppers-online.ch\/fr\/wp-json\/wp\/v2\/types\/product"}],"replies":[{"embeddable":true,"href":"https:\/\/poppers-online.ch\/fr\/wp-json\/wp\/v2\/comments?post=62379"}],"wp:featuredmedia":[{"embeddable":true,"href":"https:\/\/poppers-online.ch\/fr\/wp-json\/wp\/v2\/media\/65535"}],"wp:attachment":[{"href":"https:\/\/poppers-online.ch\/fr\/wp-json\/wp\/v2\/media?parent=62379"}],"wp:term":[{"taxonomy":"product_brand","embeddable":true,"href":"https:\/\/poppers-online.ch\/fr\/wp-json\/wp\/v2\/product_brand?post=62379"},{"taxonomy":"product_cat","embeddable":true,"href":"https:\/\/poppers-online.ch\/fr\/wp-json\/wp\/v2\/product_cat?post=62379"},{"taxonomy":"product_tag","embeddable":true,"href":"https:\/\/poppers-online.ch\/fr\/wp-json\/wp\/v2\/product_tag?post=62379"}],"curies":[{"name":"wp","href":"https:\/\/api.w.org\/{rel}","templated":true}]}}