{"id":62334,"date":"2023-07-18T14:40:33","date_gmt":"2023-07-18T12:40:33","guid":{"rendered":"https:\/\/poppers-online.ch\/?post_type=product&#038;p=62334"},"modified":"2024-10-16T00:05:36","modified_gmt":"2024-10-15T22:05:36","slug":"sport-fucker-flexible-anale-douche-locker-room-pantalon-bleu-15-cm","status":"publish","type":"product","link":"https:\/\/poppers-online.ch\/fr\/produit\/sport-fucker-flexible-anale-douche-locker-room-pantalon-bleu-15-cm\/","title":{"rendered":"Sport Fucker Douche anale flexible Locker Room pantalon bleu 15 cm"},"content":{"rendered":"","protected":false},"excerpt":{"rendered":"<p>Sport Fucker Douche anale flexible Locker Room pantalon bleu 15 cm est une douche anale extra flexible. S&rsquo;adapte \u00e0 tous les tuyaux de douche avec un filetage habituel &#8211; il suffit de d\u00e9visser le pommeau de douche et de visser le pommeau de douche intime. Sport Fucker Douche anale flexible Locker Room pantalon bleu 15 cm s&rsquo;adapte parfaitement aux courbes de ton int\u00e9rieur gr\u00e2ce \u00e0 son \u00e9norme flexibilit\u00e9. Facile \u00e0 nettoyer apr\u00e8s utilisation, passe au lave-vaisselle. Convient pour une utilisation avec des gels lubrifiants.<\/p>\n<ul>\n<li><strong>longueur:<\/strong> 15 cm<\/li>\n<li><strong>diam\u00e8tre:<\/strong> environ 3 cm<\/li>\n<li><strong>couleur:<\/strong> bleu<\/li>\n<li><strong>Mat\u00e9riaux:<\/strong> TPE, TPR, silicone<\/li>\n<\/ul>\n<p>Cette douche anale pratique est \u00e9galement disponible en <a href=\"https:\/\/poppers-online.ch\/produkt\/sport-fucker-flexible-analdusche-locker-room-hose-schwarz-15-cm\/\">version noire<\/a>.<\/p>\n","protected":false},"featured_media":62340,"comment_status":"open","ping_status":"closed","template":"","meta":{"_acf_changed":false,"iawp_total_views":6,"_glsr_average":0,"_glsr_ranking":0,"_glsr_reviews":0},"product_brand":[],"product_cat":[2064,166],"product_tag":[877],"class_list":{"0":"post-62334","1":"product","2":"type-product","3":"status-publish","4":"has-post-thumbnail","6":"product_cat-douche-anale","7":"product_cat-droguerie","8":"product_tag-sport-fucker-douche-anale-flexible-locker-room-pantalon-bleu-15-cm","10":"first","11":"instock","12":"taxable","13":"shipping-taxable","14":"purchasable","15":"product-type-simple"},"acf":[],"_links":{"self":[{"href":"https:\/\/poppers-online.ch\/fr\/wp-json\/wp\/v2\/product\/62334","targetHints":{"allow":["GET"]}}],"collection":[{"href":"https:\/\/poppers-online.ch\/fr\/wp-json\/wp\/v2\/product"}],"about":[{"href":"https:\/\/poppers-online.ch\/fr\/wp-json\/wp\/v2\/types\/product"}],"replies":[{"embeddable":true,"href":"https:\/\/poppers-online.ch\/fr\/wp-json\/wp\/v2\/comments?post=62334"}],"wp:featuredmedia":[{"embeddable":true,"href":"https:\/\/poppers-online.ch\/fr\/wp-json\/wp\/v2\/media\/62340"}],"wp:attachment":[{"href":"https:\/\/poppers-online.ch\/fr\/wp-json\/wp\/v2\/media?parent=62334"}],"wp:term":[{"taxonomy":"product_brand","embeddable":true,"href":"https:\/\/poppers-online.ch\/fr\/wp-json\/wp\/v2\/product_brand?post=62334"},{"taxonomy":"product_cat","embeddable":true,"href":"https:\/\/poppers-online.ch\/fr\/wp-json\/wp\/v2\/product_cat?post=62334"},{"taxonomy":"product_tag","embeddable":true,"href":"https:\/\/poppers-online.ch\/fr\/wp-json\/wp\/v2\/product_tag?post=62334"}],"curies":[{"name":"wp","href":"https:\/\/api.w.org\/{rel}","templated":true}]}}