{"id":62319,"date":"2023-07-18T14:19:18","date_gmt":"2023-07-18T12:19:18","guid":{"rendered":"https:\/\/poppers-online.ch\/?post_type=product&#038;p=62319"},"modified":"2026-03-13T02:06:04","modified_gmt":"2026-03-13T01:06:04","slug":"sport-fucker-flexible-anale-douche-locker-room-pantalon-noir-15-cm","status":"publish","type":"product","link":"https:\/\/poppers-online.ch\/fr\/produit\/sport-fucker-flexible-anale-douche-locker-room-pantalon-noir-15-cm\/","title":{"rendered":"Sport Fucker Douche anale flexible Locker Room pantalon noir 15 cm"},"content":{"rendered":"","protected":false},"excerpt":{"rendered":"<p>La douche anale Sport Fucker Flexible Locker Room Hose noir 15 cm est une douche anale tres flexible. S&rsquo;adapte \u00e0 tous les tuyaux de douche avec un filetage habituel &#8211; il suffit de d\u00e9visser le pommeau de douche et de visser le pommeau de douche intime. Sport Fucker Douche anale flexible Locker Room pantalon noir 15 cm s&rsquo;adapte parfaitement aux courbes de ton int\u00e9rieur gr\u00e2ce \u00e0 son \u00e9norme flexibilit\u00e9. Facile \u00e0 nettoyer apr\u00e8s utilisation, passe au lave-vaisselle. Convient pour une utilisation avec des gels lubrifiants.<\/p>\n<ul>\n<li><strong>longueur:<\/strong> 15 cm<\/li>\n<li><strong>diam\u00e8tre:<\/strong> environ 3 cm<\/li>\n<li><strong>couleur:<\/strong> noir<\/li>\n<li><strong>Mat\u00e9riaux:<\/strong> TPE, TPR, silicone<\/li>\n<\/ul>\n<p>La <a href=\"https:\/\/poppers-online.ch\/produkt\/sport-fucker-flexible-analdusche-locker-room-hose-blau-15-cm\/\">version bleue<\/a>, aux caract\u00e9ristiques identiques, est \u00e9galement disponible dans notre assortiment.<\/p>\n","protected":false},"featured_media":62323,"comment_status":"open","ping_status":"closed","template":"","meta":{"_acf_changed":false,"iawp_total_views":3,"_glsr_average":0,"_glsr_ranking":0,"_glsr_reviews":0},"product_brand":[],"product_cat":[2064,166],"product_tag":[875],"class_list":{"0":"post-62319","1":"product","2":"type-product","3":"status-publish","4":"has-post-thumbnail","6":"product_cat-douche-anale","7":"product_cat-droguerie","8":"product_tag-sport-fucker-douche-anale-flexible-locker-room-pantalon-noir-15-cm-fr","10":"first","11":"instock","12":"taxable","13":"shipping-taxable","14":"purchasable","15":"product-type-simple"},"acf":[],"_links":{"self":[{"href":"https:\/\/poppers-online.ch\/fr\/wp-json\/wp\/v2\/product\/62319","targetHints":{"allow":["GET"]}}],"collection":[{"href":"https:\/\/poppers-online.ch\/fr\/wp-json\/wp\/v2\/product"}],"about":[{"href":"https:\/\/poppers-online.ch\/fr\/wp-json\/wp\/v2\/types\/product"}],"replies":[{"embeddable":true,"href":"https:\/\/poppers-online.ch\/fr\/wp-json\/wp\/v2\/comments?post=62319"}],"wp:featuredmedia":[{"embeddable":true,"href":"https:\/\/poppers-online.ch\/fr\/wp-json\/wp\/v2\/media\/62323"}],"wp:attachment":[{"href":"https:\/\/poppers-online.ch\/fr\/wp-json\/wp\/v2\/media?parent=62319"}],"wp:term":[{"taxonomy":"product_brand","embeddable":true,"href":"https:\/\/poppers-online.ch\/fr\/wp-json\/wp\/v2\/product_brand?post=62319"},{"taxonomy":"product_cat","embeddable":true,"href":"https:\/\/poppers-online.ch\/fr\/wp-json\/wp\/v2\/product_cat?post=62319"},{"taxonomy":"product_tag","embeddable":true,"href":"https:\/\/poppers-online.ch\/fr\/wp-json\/wp\/v2\/product_tag?post=62319"}],"curies":[{"name":"wp","href":"https:\/\/api.w.org\/{rel}","templated":true}]}}