{"id":62308,"date":"2023-07-18T13:54:23","date_gmt":"2023-07-18T11:54:23","guid":{"rendered":"https:\/\/poppers-online.ch\/?post_type=product&#038;p=62308"},"modified":"2024-10-16T00:05:38","modified_gmt":"2024-10-15T22:05:38","slug":"eros-aqua-pride-fun-water-based-lubricant-300-ml","status":"publish","type":"product","link":"https:\/\/poppers-online.ch\/fr\/produit\/eros-aqua-pride-fun-water-based-lubricant-300-ml\/","title":{"rendered":"Eros Aqua &#8211; Pride Fun Lubrifiant \u00e0 base d&rsquo;eau 300 ml"},"content":{"rendered":"","protected":false},"excerpt":{"rendered":"<p>Procure-toi le nouveau flacon en forme de godemich\u00e9 Eros Pride Fun avec 300 ml de lubrifiant \u00e0 base d&rsquo;eau, et prends plus de plaisir dans ton action !<\/p>\n<p>La formule sp\u00e9ciale a \u00e9t\u00e9 d\u00e9velopp\u00e9e pour que le gel reste glissant encore plus longtemps. Il est incolore, sans go\u00fbt, s&rsquo;utilise avec parcimonie pour plus de plaisir lors des rapports sexuels, et se rince tr\u00e8s facilement \u00e0 l&rsquo;eau chaude.<\/p>\n<p>Le flacon en forme de p\u00e9nis peut \u00eatre ins\u00e9r\u00e9 et est compatible avec tous les pr\u00e9servatifs en latex.<\/p>\n<p><strong>D\u00e9tails du produit :<\/strong><br \/>\n\u2713 Qualit\u00e9 sup\u00e9rieure made in Germany<br \/>\n\u2713 Flacon utilisable comme godemich\u00e9<br \/>\n\u2713 Propri\u00e9t\u00e9s de glisse incroyables<br \/>\n\u2713 Incolore et neutre au go\u00fbt<br \/>\n\u2713 Facile \u00e0 laver<\/p>\n<p>longueur totale : environ 23,5 cm<br \/>\nLongueur d&rsquo;insertion : environ 20 cm<br \/>\nDiam\u00e8tre d&rsquo;insertion : environ 5 cm<br \/>\nMat\u00e9riau : PVC<br \/>\nCouleur : peau claire<\/p>\n","protected":false},"featured_media":62314,"comment_status":"open","ping_status":"closed","template":"","meta":{"_acf_changed":false,"iawp_total_views":7,"_glsr_average":0,"_glsr_ranking":0,"_glsr_reviews":0},"product_brand":[],"product_cat":[2067,166],"product_tag":[737],"class_list":{"0":"post-62308","1":"product","2":"type-product","3":"status-publish","4":"has-post-thumbnail","6":"product_cat-lubrifiant","7":"product_cat-droguerie","8":"product_tag-eros-aqua-pride-fun-water-based-lubricant-300-ml-fr","10":"first","11":"instock","12":"taxable","13":"shipping-taxable","14":"purchasable","15":"product-type-simple"},"acf":[],"_links":{"self":[{"href":"https:\/\/poppers-online.ch\/fr\/wp-json\/wp\/v2\/product\/62308","targetHints":{"allow":["GET"]}}],"collection":[{"href":"https:\/\/poppers-online.ch\/fr\/wp-json\/wp\/v2\/product"}],"about":[{"href":"https:\/\/poppers-online.ch\/fr\/wp-json\/wp\/v2\/types\/product"}],"replies":[{"embeddable":true,"href":"https:\/\/poppers-online.ch\/fr\/wp-json\/wp\/v2\/comments?post=62308"}],"wp:featuredmedia":[{"embeddable":true,"href":"https:\/\/poppers-online.ch\/fr\/wp-json\/wp\/v2\/media\/62314"}],"wp:attachment":[{"href":"https:\/\/poppers-online.ch\/fr\/wp-json\/wp\/v2\/media?parent=62308"}],"wp:term":[{"taxonomy":"product_brand","embeddable":true,"href":"https:\/\/poppers-online.ch\/fr\/wp-json\/wp\/v2\/product_brand?post=62308"},{"taxonomy":"product_cat","embeddable":true,"href":"https:\/\/poppers-online.ch\/fr\/wp-json\/wp\/v2\/product_cat?post=62308"},{"taxonomy":"product_tag","embeddable":true,"href":"https:\/\/poppers-online.ch\/fr\/wp-json\/wp\/v2\/product_tag?post=62308"}],"curies":[{"name":"wp","href":"https:\/\/api.w.org\/{rel}","templated":true}]}}