{"id":62276,"date":"2023-07-18T13:13:57","date_gmt":"2023-07-18T11:13:57","guid":{"rendered":"https:\/\/poppers-online.ch\/?post_type=product&#038;p=62276"},"modified":"2026-03-02T02:06:01","modified_gmt":"2026-03-02T01:06:01","slug":"colt-nipple-pro-suckers","status":"publish","type":"product","link":"https:\/\/poppers-online.ch\/fr\/produit\/colt-nipple-pro-suckers\/","title":{"rendered":"Colt Nipple Pro Suckers &#8211; noir"},"content":{"rendered":"","protected":false},"excerpt":{"rendered":"<p>Les <strong>Colt Nipple Pro Suckers<\/strong> sont le superlatif des suceurs de t\u00e9tons avec un \u00e9norme effet d&rsquo;aspiration. Les cylindres ont une ouverture brid\u00e9e qui, gr\u00e2ce \u00e0 sa surface plane et plus grande, garantit une \u00e9tanch\u00e9it\u00e9 \u00e0 100%. Les ventouses pour t\u00e9tons sont simples \u00e0 utiliser et faciles \u00e0 r\u00e9gler en fonction de tes besoins.<\/p>\n<p>Mettre les cylindres en place et faire varier l&rsquo;intensit\u00e9 de l&rsquo;aspiration en tournant les t\u00eates de vis noires. Les Nipple Pro-Suckers extr\u00eamement robustes augmentent la sensibilit\u00e9 de tes mamelons et te procurent des sensations extatiques. Les ventouses peuvent \u00eatre d\u00e9mont\u00e9es pour un nettoyage facile.<\/p>\n<ul>\n<li><strong>longueur:<\/strong> environ 10 cm<\/li>\n<li><strong>diam\u00e8tre:<\/strong> environ 3,5 cm<\/li>\n<li><strong>Couleur:<\/strong> noir, transparent<\/li>\n<li><strong>Mat\u00e9riaux:<\/strong> Plastique AS (cylindres), ABS (boutons, pistons), silicone (joints)<\/li>\n<\/ul>\n","protected":false},"featured_media":62280,"comment_status":"open","ping_status":"closed","template":"","meta":{"_acf_changed":false,"iawp_total_views":6,"_glsr_average":0,"_glsr_ranking":0,"_glsr_reviews":0},"product_brand":[],"product_cat":[2100,171],"product_tag":[882],"class_list":{"0":"post-62276","1":"product","2":"type-product","3":"status-publish","4":"has-post-thumbnail","6":"product_cat-nipple-play","7":"product_cat-sex-toys","8":"product_tag-colt-nipple-pro-suckers-fr","10":"first","11":"outofstock","12":"taxable","13":"shipping-taxable","14":"purchasable","15":"product-type-simple"},"acf":[],"_links":{"self":[{"href":"https:\/\/poppers-online.ch\/fr\/wp-json\/wp\/v2\/product\/62276","targetHints":{"allow":["GET"]}}],"collection":[{"href":"https:\/\/poppers-online.ch\/fr\/wp-json\/wp\/v2\/product"}],"about":[{"href":"https:\/\/poppers-online.ch\/fr\/wp-json\/wp\/v2\/types\/product"}],"replies":[{"embeddable":true,"href":"https:\/\/poppers-online.ch\/fr\/wp-json\/wp\/v2\/comments?post=62276"}],"wp:featuredmedia":[{"embeddable":true,"href":"https:\/\/poppers-online.ch\/fr\/wp-json\/wp\/v2\/media\/62280"}],"wp:attachment":[{"href":"https:\/\/poppers-online.ch\/fr\/wp-json\/wp\/v2\/media?parent=62276"}],"wp:term":[{"taxonomy":"product_brand","embeddable":true,"href":"https:\/\/poppers-online.ch\/fr\/wp-json\/wp\/v2\/product_brand?post=62276"},{"taxonomy":"product_cat","embeddable":true,"href":"https:\/\/poppers-online.ch\/fr\/wp-json\/wp\/v2\/product_cat?post=62276"},{"taxonomy":"product_tag","embeddable":true,"href":"https:\/\/poppers-online.ch\/fr\/wp-json\/wp\/v2\/product_tag?post=62276"}],"curies":[{"name":"wp","href":"https:\/\/api.w.org\/{rel}","templated":true}]}}