{"id":60898,"date":"2023-07-06T20:25:20","date_gmt":"2023-07-06T18:25:20","guid":{"rendered":"https:\/\/poppers-online.ch\/?post_type=product&#038;p=60898"},"modified":"2024-10-16T00:05:40","modified_gmt":"2024-10-15T22:05:40","slug":"boy-19-teen-twink-masturbateur-julian-bell","status":"publish","type":"product","link":"https:\/\/poppers-online.ch\/fr\/produit\/boy-19-teen-twink-masturbateur-julian-bell\/","title":{"rendered":"Boy 19 ! Masturbateur Teen Twink- Julian Bell"},"content":{"rendered":"","protected":false},"excerpt":{"rendered":"<p>Julian Bell aime son travail et joue devant la cam\u00e9ra. Maintenant, tu peux profiter de ses pipes tout en le regardant en action.<\/p>\n<p>Boy 19 ! Masturbateur Teen Twink- Julian Bell d&rsquo;Iconbrands te propose des strokers ultra-r\u00e9alistes, fa\u00e7onn\u00e9s par les stars les plus chaudes de Twink elles-m\u00eames. Bouche ou cul ? Nous te laissons le soin de le faire !<\/p>\n<p>Julian Bell a fait ses d\u00e9buts au cin\u00e9ma \u00e0 l&rsquo;\u00e2ge de 18 ans et n&rsquo;a jamais cess\u00e9 depuis. Il aime le sexe oral et c&rsquo;est pourquoi il a fa\u00e7onn\u00e9 sa bouche pour ses fans afin que tu puisses la remplir \u00e0 tout moment. Ce masturbateur a \u00e9t\u00e9 moul\u00e9 de mani\u00e8re tr\u00e8s d\u00e9taill\u00e9e par la star du porno elle-m\u00eame. Tu reconna\u00eetras ses l\u00e8vres affam\u00e9es d\u00e8s que tu les verras !<\/p>\n<p>Le Stroker de Julian est fabriqu\u00e9 en TPR sans phtalate et dispose d&rsquo;un tunnel structur\u00e9 pour de v\u00e9ritables sensations de fellation. Le masturbateur est lisse et souple, ce qui te permet de le presser avec la main pendant l&rsquo;action pour obtenir une stimulation plus forte.<\/p>\n<p>Le cou \u00e9troit est aussi magnifique qu&rsquo;il peut l&rsquo;\u00eatre. Nous recommandons d&rsquo;utiliser un lubrifiant \u00e0 base d&rsquo;eau pour profiter pleinement de l&rsquo;exp\u00e9rience. Nettoie soigneusement ton masturbateur apr\u00e8s utilisation avec de l&rsquo;eau ti\u00e8de et du savon doux. Laisse-le s\u00e9cher \u00e0 l&rsquo;air libre et applique le Toy Cleaner.<\/p>\n<p><strong>D\u00e9tails du produit:<\/strong><\/p>\n<ul>\n<li>\u00a0fa\u00e7onn\u00e9 par Julian Bell lui-m\u00eame<\/li>\n<li>tunnel int\u00e9rieur structur\u00e9 pour des sensations semblables \u00e0 la fellation<\/li>\n<li>compatible avec les lubrifiants \u00e0 base d&rsquo;eau<\/li>\n<li>TPR sans phtalates<\/li>\n<\/ul>\n<ul>\n<li><strong>longueur totale: e<\/strong>nviron 15 cm<\/li>\n<li><strong>diam\u00e8tre:<\/strong> environ 5 &#8211; 6 cm<\/li>\n<li><strong>Mat\u00e9riau:<\/strong> TPR<\/li>\n<li><strong>Couleur:<\/strong> peau claire<\/li>\n<\/ul>\n","protected":false},"featured_media":60902,"comment_status":"open","ping_status":"closed","template":"","meta":{"_acf_changed":false,"iawp_total_views":5,"_glsr_average":0,"_glsr_ranking":0,"_glsr_reviews":0},"product_brand":[],"product_cat":[2094,171],"product_tag":[656,647],"class_list":{"0":"post-60898","1":"product","2":"type-product","3":"status-publish","4":"has-post-thumbnail","6":"product_cat-masturbateur","7":"product_cat-sex-toys","8":"product_tag-boy-19-masturbateur-teen-twink-julian-bell","9":"product_tag-masturbateur","11":"first","12":"instock","13":"taxable","14":"shipping-taxable","15":"purchasable","16":"product-type-simple"},"acf":[],"_links":{"self":[{"href":"https:\/\/poppers-online.ch\/fr\/wp-json\/wp\/v2\/product\/60898","targetHints":{"allow":["GET"]}}],"collection":[{"href":"https:\/\/poppers-online.ch\/fr\/wp-json\/wp\/v2\/product"}],"about":[{"href":"https:\/\/poppers-online.ch\/fr\/wp-json\/wp\/v2\/types\/product"}],"replies":[{"embeddable":true,"href":"https:\/\/poppers-online.ch\/fr\/wp-json\/wp\/v2\/comments?post=60898"}],"wp:featuredmedia":[{"embeddable":true,"href":"https:\/\/poppers-online.ch\/fr\/wp-json\/wp\/v2\/media\/60902"}],"wp:attachment":[{"href":"https:\/\/poppers-online.ch\/fr\/wp-json\/wp\/v2\/media?parent=60898"}],"wp:term":[{"taxonomy":"product_brand","embeddable":true,"href":"https:\/\/poppers-online.ch\/fr\/wp-json\/wp\/v2\/product_brand?post=60898"},{"taxonomy":"product_cat","embeddable":true,"href":"https:\/\/poppers-online.ch\/fr\/wp-json\/wp\/v2\/product_cat?post=60898"},{"taxonomy":"product_tag","embeddable":true,"href":"https:\/\/poppers-online.ch\/fr\/wp-json\/wp\/v2\/product_tag?post=60898"}],"curies":[{"name":"wp","href":"https:\/\/api.w.org\/{rel}","templated":true}]}}