{"id":60854,"date":"2023-07-06T20:17:11","date_gmt":"2023-07-06T18:17:11","guid":{"rendered":"https:\/\/poppers-online.ch\/?post_type=product&#038;p=60854"},"modified":"2024-11-10T09:02:32","modified_gmt":"2024-11-10T08:02:32","slug":"tenga-original-vacuum-cup-masturbator","status":"publish","type":"product","link":"https:\/\/poppers-online.ch\/fr\/produit\/tenga-original-vacuum-cup-masturbator\/","title":{"rendered":"Tenga &#8211; Masturbateur Original Vacuum Cup"},"content":{"rendered":"","protected":false},"excerpt":{"rendered":"<div>Donne la sensation d&rsquo;une fellation intense. Le Tenga &#8211; Masturbateur Original Vacuum Cup, avec sa forme parfaitement incurv\u00e9e, produit un effet de succion \u00e9poustouflant gr\u00e2ce \u00e0 sa valve sp\u00e9ciale. En fermant la valve avec le doigt, il est possible de r\u00e9gler le vide g\u00e9n\u00e9r\u00e9 et donc la puissance d&rsquo;aspiration. Le bruit de succion typique qui en r\u00e9sulte te donne l&rsquo;impression de vivre une v\u00e9ritable fellation. Avec plusieurs millions d&rsquo;unit\u00e9s vendues, le masturbateur Tenga &#8211; Original Vacuum Cup est le masturbateur le plus vendu dans la r\u00e9gion asiatique.<\/div>\n<ul>\n<li><strong>longueur:<\/strong> 15,5 cm<\/li>\n<li><strong>Couleur:<\/strong> rouge<\/li>\n<\/ul>\n<div>Compatible avec le Tenga Cup Vaccum Controller<\/div>\n","protected":false},"featured_media":60894,"comment_status":"open","ping_status":"closed","template":"","meta":{"_acf_changed":false,"iawp_total_views":30,"_glsr_average":0,"_glsr_ranking":0,"_glsr_reviews":0},"product_brand":[],"product_cat":[2094,171],"product_tag":[647,646,660],"class_list":{"0":"post-60854","1":"product","2":"type-product","3":"status-publish","4":"has-post-thumbnail","6":"product_cat-masturbateur","7":"product_cat-sex-toys","8":"product_tag-masturbateur","9":"product_tag-tenga-fr","10":"product_tag-tenga-masturbateur-original-vacuum-cup","12":"first","13":"instock","14":"taxable","15":"shipping-taxable","16":"purchasable","17":"product-type-simple"},"acf":[],"_links":{"self":[{"href":"https:\/\/poppers-online.ch\/fr\/wp-json\/wp\/v2\/product\/60854","targetHints":{"allow":["GET"]}}],"collection":[{"href":"https:\/\/poppers-online.ch\/fr\/wp-json\/wp\/v2\/product"}],"about":[{"href":"https:\/\/poppers-online.ch\/fr\/wp-json\/wp\/v2\/types\/product"}],"replies":[{"embeddable":true,"href":"https:\/\/poppers-online.ch\/fr\/wp-json\/wp\/v2\/comments?post=60854"}],"wp:featuredmedia":[{"embeddable":true,"href":"https:\/\/poppers-online.ch\/fr\/wp-json\/wp\/v2\/media\/60894"}],"wp:attachment":[{"href":"https:\/\/poppers-online.ch\/fr\/wp-json\/wp\/v2\/media?parent=60854"}],"wp:term":[{"taxonomy":"product_brand","embeddable":true,"href":"https:\/\/poppers-online.ch\/fr\/wp-json\/wp\/v2\/product_brand?post=60854"},{"taxonomy":"product_cat","embeddable":true,"href":"https:\/\/poppers-online.ch\/fr\/wp-json\/wp\/v2\/product_cat?post=60854"},{"taxonomy":"product_tag","embeddable":true,"href":"https:\/\/poppers-online.ch\/fr\/wp-json\/wp\/v2\/product_tag?post=60854"}],"curies":[{"name":"wp","href":"https:\/\/api.w.org\/{rel}","templated":true}]}}