{"id":60838,"date":"2023-07-06T20:07:13","date_gmt":"2023-07-06T18:07:13","guid":{"rendered":"https:\/\/poppers-online.ch\/?post_type=product&#038;p=60838"},"modified":"2024-10-16T00:05:43","modified_gmt":"2024-10-15T22:05:43","slug":"tenga-soft-tube-cup-masturbator-cool-edition","status":"publish","type":"product","link":"https:\/\/poppers-online.ch\/fr\/produit\/tenga-soft-tube-cup-masturbator-cool-edition\/","title":{"rendered":"Tenga &#8211; Soft Tube Cup Masturbator Cool Edition"},"content":{"rendered":"","protected":false},"excerpt":{"rendered":"<div>Profiter de fellations \u00e9troites et rafra\u00eechissantes. Le masturbateur Tenga &#8211; Soft Tube Cup Cool Edition est dot\u00e9 d&rsquo;un lubrifiant menthol\u00e9 et rafra\u00eechissant. Chaque p\u00e9n\u00e9tration s&rsquo;accompagne d\u00e9sormais d&rsquo;une sensation rafra\u00eechissante et excitante. Ce masturbateur te donne un contr\u00f4le total sur la sensation de constriction. En pressant le masturbateur plus ou moins fort, tu te stimules tant\u00f4t fort, tant\u00f4t doucement avec les picots d&rsquo;aspiration et de stimulation plac\u00e9s \u00e0 l&rsquo;int\u00e9rieur. Profite de diff\u00e9rentes variations de fellations excitantes. Une valve sp\u00e9ciale, r\u00e9glable par pression du doigt, assure un effet de succion hautement stimulant.<\/div>\n<div><\/div>\n<div>longueur : environ 15,5 cm<\/div>\n<div>Couleur : Bleu<\/div>\n","protected":false},"featured_media":60842,"comment_status":"open","ping_status":"closed","template":"","meta":{"_acf_changed":false,"iawp_total_views":8,"_glsr_average":0,"_glsr_ranking":0,"_glsr_reviews":0},"product_brand":[],"product_cat":[2094,171],"product_tag":[647,646,645],"class_list":{"0":"post-60838","1":"product","2":"type-product","3":"status-publish","4":"has-post-thumbnail","6":"product_cat-masturbateur","7":"product_cat-sex-toys","8":"product_tag-masturbateur","9":"product_tag-tenga-fr","10":"product_tag-tenga-soft-tube-cup-masturbator-cool-edition-fr","12":"first","13":"instock","14":"taxable","15":"shipping-taxable","16":"purchasable","17":"product-type-simple"},"acf":[],"_links":{"self":[{"href":"https:\/\/poppers-online.ch\/fr\/wp-json\/wp\/v2\/product\/60838","targetHints":{"allow":["GET"]}}],"collection":[{"href":"https:\/\/poppers-online.ch\/fr\/wp-json\/wp\/v2\/product"}],"about":[{"href":"https:\/\/poppers-online.ch\/fr\/wp-json\/wp\/v2\/types\/product"}],"replies":[{"embeddable":true,"href":"https:\/\/poppers-online.ch\/fr\/wp-json\/wp\/v2\/comments?post=60838"}],"wp:featuredmedia":[{"embeddable":true,"href":"https:\/\/poppers-online.ch\/fr\/wp-json\/wp\/v2\/media\/60842"}],"wp:attachment":[{"href":"https:\/\/poppers-online.ch\/fr\/wp-json\/wp\/v2\/media?parent=60838"}],"wp:term":[{"taxonomy":"product_brand","embeddable":true,"href":"https:\/\/poppers-online.ch\/fr\/wp-json\/wp\/v2\/product_brand?post=60838"},{"taxonomy":"product_cat","embeddable":true,"href":"https:\/\/poppers-online.ch\/fr\/wp-json\/wp\/v2\/product_cat?post=60838"},{"taxonomy":"product_tag","embeddable":true,"href":"https:\/\/poppers-online.ch\/fr\/wp-json\/wp\/v2\/product_tag?post=60838"}],"curies":[{"name":"wp","href":"https:\/\/api.w.org\/{rel}","templated":true}]}}