{"id":60817,"date":"2023-07-06T17:39:41","date_gmt":"2023-07-06T15:39:41","guid":{"rendered":"https:\/\/poppers-online.ch\/?post_type=product&#038;p=60817"},"modified":"2024-10-16T00:05:44","modified_gmt":"2024-10-15T22:05:44","slug":"durex-preservatifs-classic-pack-de-10-pieces","status":"publish","type":"product","link":"https:\/\/poppers-online.ch\/fr\/produit\/durex-preservatifs-classic-pack-de-10-pieces\/","title":{"rendered":"Pr\u00e9servatifs Durex Ind\u00e9formables Classic, paquet de 10"},"content":{"rendered":"","protected":false},"excerpt":{"rendered":"<p>Le pack de 10 pr\u00e9servatifs Durex Ind\u00e9formables contient 10 pr\u00e9servatifs ultra-doux, plus fins que les pr\u00e9servatifs en latex Durex classiques. Leur coupe Easy-On assure une tenue id\u00e9ale et des sensations intenses. En m\u00eame temps, ils offrent une protection s\u00fbre et fiable.<\/p>\n<ul>\n<li>Pr\u00e9servatifs ultra-doux en latex de caoutchouc naturel<\/li>\n<li>Coupe Easy-On pour un meilleur ajustement et un d\u00e9roulement plus facile. Avec r\u00e9servoir<\/li>\n<li>Transparent et humidifi\u00e9<\/li>\n<li>Largeur nominale : 56 mm<\/li>\n<li>Test\u00e9 dermatologiquement et 100% \u00e9lectroniquement<\/li>\n<\/ul>\n<p>Les pr\u00e9servatifs Durex Gef\u00fchlsecht Classic, paquet de 10, devraient \u00eatre essay\u00e9s par tous ceux qui recherchent un pr\u00e9servatif ultra-doux pour des moments plus intenses \u00e0 deux. Le proc\u00e9d\u00e9 de fabrication sp\u00e9cial conf\u00e8re aux pr\u00e9servatifs Durex une odeur agr\u00e9able. Ainsi, rien ne d\u00e9tourne l&rsquo;attention du jeu amoureux. Tous les pr\u00e9servatifs Durex peuvent \u00eatre utilis\u00e9s avec les gels lubrifiants Durex.<\/p>\n<p>Durex Ind\u00e9formable est si fin que vous et votre partenaire ressentez vraiment tout ce que vous voulez ressentir pendant l&rsquo;acte sexuel. Laissez-vous emporter par un pr\u00e9servatif qui vous promet une super s\u00e9curit\u00e9 et en m\u00eame temps le plus de sensations. Pour que vous puissiez vous abandonner au sexe de mani\u00e8re d\u00e9tendue et totalement sans filtre. La coupe Easy-on \u00e9prouv\u00e9e de Durex permet d&rsquo;enfiler le pr\u00e9servatif comme si de rien n&rsquo;\u00e9tait et de le maintenir parfaitement en place pendant les \u00e9bats.<\/p>\n<p>Les pr\u00e9servatifs Durex Ind\u00e9formables Classic en paquet de 10 sont fabriqu\u00e9s selon un proc\u00e9d\u00e9 sp\u00e9cial et ont donc une odeur agr\u00e9ablement neutre (ils n&rsquo;ont donc pas l&rsquo;odeur intense de latex connue des autres pr\u00e9servatifs). Avec une largeur de 56 mm, il est un peu plus large, ce que beaucoup d&rsquo;hommes trouvent tr\u00e8s positif.<\/p>\n","protected":false},"featured_media":60825,"comment_status":"open","ping_status":"closed","template":"","meta":{"_acf_changed":false,"iawp_total_views":5,"_glsr_average":0,"_glsr_ranking":0,"_glsr_reviews":0},"product_brand":[],"product_cat":[2073,166],"product_tag":[814,959],"class_list":{"0":"post-60817","1":"product","2":"type-product","3":"status-publish","4":"has-post-thumbnail","6":"product_cat-preservatif","7":"product_cat-droguerie","8":"product_tag-preservatifs","9":"product_tag-preservatifs-durex-indeformables-classic-paquet-de-10","11":"first","12":"instock","13":"taxable","14":"shipping-taxable","15":"purchasable","16":"product-type-simple"},"acf":[],"_links":{"self":[{"href":"https:\/\/poppers-online.ch\/fr\/wp-json\/wp\/v2\/product\/60817","targetHints":{"allow":["GET"]}}],"collection":[{"href":"https:\/\/poppers-online.ch\/fr\/wp-json\/wp\/v2\/product"}],"about":[{"href":"https:\/\/poppers-online.ch\/fr\/wp-json\/wp\/v2\/types\/product"}],"replies":[{"embeddable":true,"href":"https:\/\/poppers-online.ch\/fr\/wp-json\/wp\/v2\/comments?post=60817"}],"wp:featuredmedia":[{"embeddable":true,"href":"https:\/\/poppers-online.ch\/fr\/wp-json\/wp\/v2\/media\/60825"}],"wp:attachment":[{"href":"https:\/\/poppers-online.ch\/fr\/wp-json\/wp\/v2\/media?parent=60817"}],"wp:term":[{"taxonomy":"product_brand","embeddable":true,"href":"https:\/\/poppers-online.ch\/fr\/wp-json\/wp\/v2\/product_brand?post=60817"},{"taxonomy":"product_cat","embeddable":true,"href":"https:\/\/poppers-online.ch\/fr\/wp-json\/wp\/v2\/product_cat?post=60817"},{"taxonomy":"product_tag","embeddable":true,"href":"https:\/\/poppers-online.ch\/fr\/wp-json\/wp\/v2\/product_tag?post=60817"}],"curies":[{"name":"wp","href":"https:\/\/api.w.org\/{rel}","templated":true}]}}