{"id":60789,"date":"2023-07-06T17:20:45","date_gmt":"2023-07-06T15:20:45","guid":{"rendered":"https:\/\/poppers-online.ch\/?post_type=product&#038;p=60789"},"modified":"2024-10-16T00:05:45","modified_gmt":"2024-10-15T22:05:45","slug":"pipedream-king-cock-with-balls-squirti-9-inches-natural","status":"publish","type":"product","link":"https:\/\/poppers-online.ch\/fr\/produit\/pipedream-king-cock-with-balls-squirti-9-inches-natural\/","title":{"rendered":"Pipedream King Cock With Balls &#8211; Squirti 9 pouces nature"},"content":{"rendered":"","protected":false},"excerpt":{"rendered":"<div>Le Pipedream King Cock With Balls &#8211; Squirti 9&Prime; naturel est un gode ultra-r\u00e9aliste, id\u00e9al pour le \u00ab\u00a0cum play\u00a0\u00bb. Le King Cock Squirti Cock \u00e9jacule lorsque les testicules sont press\u00e9s. Dans le pied du jouet se trouve un r\u00e9servoir cach\u00e9 qui peut \u00eatre rempli de sperme artificiel ou de gel lubrifiant Heros 200ml pour un plaisir p\u00e9tillant. La sensation d&rsquo;\u00eatre \u00ab\u00a0rempli\u00a0\u00bb au bon moment est tout simplement indescriptible. Trempe le godemich\u00e9 \u00e9jaculateur dans de l&rsquo;eau chaude avant de l&rsquo;utiliser afin de le r\u00e9chauffer \u00e0 la temp\u00e9rature du corps &#8211; pour une exp\u00e9rience de plaisir accrue et encore plus r\u00e9aliste. Applique une quantit\u00e9 g\u00e9n\u00e9reuse de ton gel lubrifiant pr\u00e9f\u00e9r\u00e9 pour maximiser ton plaisir. Pour le nettoyage, nous recommandons notre Swiss Navy Toy &amp; Body Cleaner.<\/div>\n<div><\/div>\n<div><strong>Dimensions :<\/strong><\/div>\n<div>longueur ins\u00e9rable : 18.4 cm<\/div>\n<div>diam\u00e8tre : 5 cm<\/div>\n<div><\/div>\n<div>Mat\u00e9riau : le mat\u00e9riau de ce godemich\u00e9 \u00e9jaculateur est chaud, doux et ferme au toucher. Les godemich\u00e9s de cette s\u00e9rie sont durables, hypoallerg\u00e9niques et exempts de phtalates ou de latex.<\/div>\n","protected":false},"featured_media":60793,"comment_status":"open","ping_status":"closed","template":"","meta":{"_acf_changed":false,"iawp_total_views":8,"_glsr_average":0,"_glsr_ranking":0,"_glsr_reviews":0},"product_brand":[],"product_cat":[2085,171],"product_tag":[667,665,666],"class_list":{"0":"post-60789","1":"product","2":"type-product","3":"status-publish","4":"has-post-thumbnail","6":"product_cat-anal-play","7":"product_cat-sex-toys","8":"product_tag-godemiche","9":"product_tag-jouet-anal","10":"product_tag-pipedream-king-cock-with-balls-squirti-9-naturel","12":"first","13":"outofstock","14":"taxable","15":"shipping-taxable","16":"purchasable","17":"product-type-simple"},"acf":[],"_links":{"self":[{"href":"https:\/\/poppers-online.ch\/fr\/wp-json\/wp\/v2\/product\/60789","targetHints":{"allow":["GET"]}}],"collection":[{"href":"https:\/\/poppers-online.ch\/fr\/wp-json\/wp\/v2\/product"}],"about":[{"href":"https:\/\/poppers-online.ch\/fr\/wp-json\/wp\/v2\/types\/product"}],"replies":[{"embeddable":true,"href":"https:\/\/poppers-online.ch\/fr\/wp-json\/wp\/v2\/comments?post=60789"}],"wp:featuredmedia":[{"embeddable":true,"href":"https:\/\/poppers-online.ch\/fr\/wp-json\/wp\/v2\/media\/60793"}],"wp:attachment":[{"href":"https:\/\/poppers-online.ch\/fr\/wp-json\/wp\/v2\/media?parent=60789"}],"wp:term":[{"taxonomy":"product_brand","embeddable":true,"href":"https:\/\/poppers-online.ch\/fr\/wp-json\/wp\/v2\/product_brand?post=60789"},{"taxonomy":"product_cat","embeddable":true,"href":"https:\/\/poppers-online.ch\/fr\/wp-json\/wp\/v2\/product_cat?post=60789"},{"taxonomy":"product_tag","embeddable":true,"href":"https:\/\/poppers-online.ch\/fr\/wp-json\/wp\/v2\/product_tag?post=60789"}],"curies":[{"name":"wp","href":"https:\/\/api.w.org\/{rel}","templated":true}]}}