{"id":60781,"date":"2023-07-06T17:11:45","date_gmt":"2023-07-06T15:11:46","guid":{"rendered":"https:\/\/poppers-online.ch\/?post_type=product&#038;p=60781"},"modified":"2024-10-16T00:05:46","modified_gmt":"2024-10-15T22:05:46","slug":"7-speed-rude-boy-prostata-masseur-noir","status":"publish","type":"product","link":"https:\/\/poppers-online.ch\/fr\/produit\/7-speed-rude-boy-prostata-masseur-noir\/","title":{"rendered":"7 Speed Rude Boy Masseur de prostate noir"},"content":{"rendered":"","protected":false},"excerpt":{"rendered":"<div>Nouvelle version du 7 Speed Rude Boy masseur de prostate noir avec le vibromasseur prim\u00e9 7 Speed RO-80mm Bullet ! 7 programmes de vibration allant de fort jusqu&rsquo;au tremblement des genoux, pulsation, pause, lent, rapide &#8211; tous les d\u00e9sirs sont ici stimul\u00e9s. Rude-Boy est un stimulateur de point P double extra intelligent, tr\u00e8s facile \u00e0 utiliser. La circonf\u00e9rence moyenne de Rude-Boy garantit que tu re\u00e7oives une stimulation puissante et profil\u00e9e, ainsi qu&rsquo;un massage intense de la prostate et du p\u00e9rin\u00e9e.<\/div>\n<div><\/div>\n<div>Le design unique mains libres offre une libert\u00e9 de jeu suppl\u00e9mentaire &#8211; soit seul, soit en partageant le plaisir avec ton partenaire, tandis que 7 Speed Rude Boy Masseur de prostate noir garantit une passion explosive.<\/div>\n<div><\/div>\n<ul>\n<li>Propuls\u00e9 par le nouveau vibrateur bullet RO-80mm prim\u00e9 \u00e0 7 vitesses<\/li>\n<li>Stimulation \u00e0 double action de la prostate et du p\u00e9rin\u00e9e<\/li>\n<li>Vibration puissante mais silencieuse<\/li>\n<li>Utilisation simple et mains libres<\/li>\n<li>Fabriqu\u00e9 en silicone m\u00e9dical doux, flexible et bien tol\u00e9r\u00e9 par la peau<\/li>\n<li>100% \u00e9tanche<\/li>\n<li>\u00c9jaculation intense<\/li>\n<li>nettoyage facile et hygi\u00e9nique gr\u00e2ce \u00e0 l&rsquo;unit\u00e9 vibrante amovible<\/li>\n<li>Livr\u00e9 avec une pochette de rangement en satin noir et une pile<\/li>\n<\/ul>\n<div>Longueur du masseur p\u00e9rin\u00e9al : env. 11 cm<\/div>\n<div>Longueur du plug prostatique : env. 12,5 cm<\/div>\n<div>Diam\u00e8tre du plug le plus \u00e9pais : environ 38 mm<\/div>\n<div>Piles : 1x LR-1\/taille N (incluses)<\/div>\n<div>Mat\u00e9riau : silicone<\/div>\n<div>Couleur : Noir<\/div>\n","protected":false},"featured_media":60785,"comment_status":"open","ping_status":"closed","template":"","meta":{"_acf_changed":false,"iawp_total_views":29,"_glsr_average":0,"_glsr_ranking":0,"_glsr_reviews":0},"product_brand":[],"product_cat":[2085,171],"product_tag":[671,665],"class_list":{"0":"post-60781","1":"product","2":"type-product","3":"status-publish","4":"has-post-thumbnail","6":"product_cat-anal-play","7":"product_cat-sex-toys","8":"product_tag-7-speed-rude-boy-masseur-de-prostate-noir","9":"product_tag-jouet-anal","11":"first","12":"instock","13":"taxable","14":"shipping-taxable","15":"purchasable","16":"product-type-simple"},"acf":[],"_links":{"self":[{"href":"https:\/\/poppers-online.ch\/fr\/wp-json\/wp\/v2\/product\/60781","targetHints":{"allow":["GET"]}}],"collection":[{"href":"https:\/\/poppers-online.ch\/fr\/wp-json\/wp\/v2\/product"}],"about":[{"href":"https:\/\/poppers-online.ch\/fr\/wp-json\/wp\/v2\/types\/product"}],"replies":[{"embeddable":true,"href":"https:\/\/poppers-online.ch\/fr\/wp-json\/wp\/v2\/comments?post=60781"}],"wp:featuredmedia":[{"embeddable":true,"href":"https:\/\/poppers-online.ch\/fr\/wp-json\/wp\/v2\/media\/60785"}],"wp:attachment":[{"href":"https:\/\/poppers-online.ch\/fr\/wp-json\/wp\/v2\/media?parent=60781"}],"wp:term":[{"taxonomy":"product_brand","embeddable":true,"href":"https:\/\/poppers-online.ch\/fr\/wp-json\/wp\/v2\/product_brand?post=60781"},{"taxonomy":"product_cat","embeddable":true,"href":"https:\/\/poppers-online.ch\/fr\/wp-json\/wp\/v2\/product_cat?post=60781"},{"taxonomy":"product_tag","embeddable":true,"href":"https:\/\/poppers-online.ch\/fr\/wp-json\/wp\/v2\/product_tag?post=60781"}],"curies":[{"name":"wp","href":"https:\/\/api.w.org\/{rel}","templated":true}]}}