{"id":60713,"date":"2023-07-06T16:48:09","date_gmt":"2023-07-06T14:48:10","guid":{"rendered":"https:\/\/poppers-online.ch\/?post_type=product&#038;p=60713"},"modified":"2024-10-16T00:11:14","modified_gmt":"2024-10-15T22:11:14","slug":"andrew-christian-trophy-boy-alien-tentacle-dildo","status":"publish","type":"product","link":"https:\/\/poppers-online.ch\/fr\/produit\/andrew-christian-trophy-boy-alien-tentacle-dildo\/","title":{"rendered":"Andrew Christian TROPHY BOY Godemich\u00e9 Alien Tentacle"},"content":{"rendered":"","protected":false},"excerpt":{"rendered":"<div>Conduis-moi \u00e0 ton chef ! Le nouveau Andrew Christian TROPHY BOY Godemich\u00e9 Alien Tentacle est vraiment une exp\u00e9rience intergalactique. Si tu as toujours r\u00eav\u00e9 d&rsquo;\u00eatre explor\u00e9 par des extraterrestres, c&rsquo;est le moment ou jamais ! Fabriqu\u00e9 en silicone souple et flexible. Environ 15,2 cm de long, avec une circonf\u00e9rence maximale de 15,9 cm. La taille est parfaite pour les d\u00e9butants et les joueurs confirm\u00e9s qui s&rsquo;int\u00e9ressent aux jeux de monstres. Cet appareil unique est con\u00e7u pour \u00eatre durable et garanti de durer.<\/div>\n","protected":false},"featured_media":60717,"comment_status":"open","ping_status":"closed","template":"","meta":{"_acf_changed":false,"iawp_total_views":5,"_glsr_average":0,"_glsr_ranking":0,"_glsr_reviews":0},"product_brand":[],"product_cat":[2085,171],"product_tag":[682,685],"class_list":{"0":"post-60713","1":"product","2":"type-product","3":"status-publish","4":"has-post-thumbnail","6":"product_cat-anal-play","7":"product_cat-sex-toys","8":"product_tag-andrew-christian-fr","9":"product_tag-andrew-christian-trophy-boy-rainbow-23-5-cm-boy-toy-dildo-fr","11":"first","12":"instock","13":"taxable","14":"shipping-taxable","15":"purchasable","16":"product-type-simple"},"acf":[],"_links":{"self":[{"href":"https:\/\/poppers-online.ch\/fr\/wp-json\/wp\/v2\/product\/60713","targetHints":{"allow":["GET"]}}],"collection":[{"href":"https:\/\/poppers-online.ch\/fr\/wp-json\/wp\/v2\/product"}],"about":[{"href":"https:\/\/poppers-online.ch\/fr\/wp-json\/wp\/v2\/types\/product"}],"replies":[{"embeddable":true,"href":"https:\/\/poppers-online.ch\/fr\/wp-json\/wp\/v2\/comments?post=60713"}],"wp:featuredmedia":[{"embeddable":true,"href":"https:\/\/poppers-online.ch\/fr\/wp-json\/wp\/v2\/media\/60717"}],"wp:attachment":[{"href":"https:\/\/poppers-online.ch\/fr\/wp-json\/wp\/v2\/media?parent=60713"}],"wp:term":[{"taxonomy":"product_brand","embeddable":true,"href":"https:\/\/poppers-online.ch\/fr\/wp-json\/wp\/v2\/product_brand?post=60713"},{"taxonomy":"product_cat","embeddable":true,"href":"https:\/\/poppers-online.ch\/fr\/wp-json\/wp\/v2\/product_cat?post=60713"},{"taxonomy":"product_tag","embeddable":true,"href":"https:\/\/poppers-online.ch\/fr\/wp-json\/wp\/v2\/product_tag?post=60713"}],"curies":[{"name":"wp","href":"https:\/\/api.w.org\/{rel}","templated":true}]}}