{"id":60629,"date":"2023-07-06T16:08:05","date_gmt":"2023-07-06T14:08:05","guid":{"rendered":"https:\/\/poppers-online.ch\/?post_type=product&#038;p=60629"},"modified":"2024-10-16T00:11:16","modified_gmt":"2024-10-15T22:11:16","slug":"andrew-christian-trophy-boy-rainbow-19cm-boy-toy-junior-dildo","status":"publish","type":"product","link":"https:\/\/poppers-online.ch\/fr\/produit\/andrew-christian-trophy-boy-rainbow-19cm-boy-toy-junior-dildo\/","title":{"rendered":"Andrew Christian TROPHY BOY Rainbow 19cm Boy Toy JUNIOR Dildo"},"content":{"rendered":"","protected":false},"excerpt":{"rendered":"<div>L&rsquo;amour est l&rsquo;amour&#8230; peu importe comment tu l&rsquo;obtiens&#8230; alors BE OUT BE LOUD BE PROUD ! Le gode Andrew Christian TROPHY BOY Rainbow 19cm Boy Toy JUNIOR Dildo vient avec 19cm de fiert\u00e9 ! Fabriqu\u00e9 en silicone solide et lisse, il est facile \u00e0 saisir et pr\u00eat \u00e0 faire le travail. Le mat\u00e9riau lisse et r\u00e9sistant se r\u00e9chauffe rapidement avec le corps et est garanti pour une longue dur\u00e9e de vie. Il dispose d&rsquo;un socle \u00e0 ventouse puissant pour un jeu fantastique sans les mains. Les d\u00e9tails moul\u00e9s et la taille offrent des orgasmes puissants et des \u00e9rections dures pour un maximum de plaisir.<\/div>\n","protected":false},"featured_media":60635,"comment_status":"open","ping_status":"closed","template":"","meta":{"_acf_changed":false,"iawp_total_views":3,"_glsr_average":0,"_glsr_ranking":0,"_glsr_reviews":0},"product_brand":[],"product_cat":[2085,171],"product_tag":[688,689],"class_list":{"0":"post-60629","1":"product","2":"type-product","3":"status-publish","4":"has-post-thumbnail","6":"product_cat-anal-play","7":"product_cat-sex-toys","8":"product_tag-all-black-fr","9":"product_tag-godemiche-all-black-ab29","11":"first","12":"instock","13":"taxable","14":"shipping-taxable","15":"purchasable","16":"product-type-simple"},"acf":[],"_links":{"self":[{"href":"https:\/\/poppers-online.ch\/fr\/wp-json\/wp\/v2\/product\/60629","targetHints":{"allow":["GET"]}}],"collection":[{"href":"https:\/\/poppers-online.ch\/fr\/wp-json\/wp\/v2\/product"}],"about":[{"href":"https:\/\/poppers-online.ch\/fr\/wp-json\/wp\/v2\/types\/product"}],"replies":[{"embeddable":true,"href":"https:\/\/poppers-online.ch\/fr\/wp-json\/wp\/v2\/comments?post=60629"}],"wp:featuredmedia":[{"embeddable":true,"href":"https:\/\/poppers-online.ch\/fr\/wp-json\/wp\/v2\/media\/60635"}],"wp:attachment":[{"href":"https:\/\/poppers-online.ch\/fr\/wp-json\/wp\/v2\/media?parent=60629"}],"wp:term":[{"taxonomy":"product_brand","embeddable":true,"href":"https:\/\/poppers-online.ch\/fr\/wp-json\/wp\/v2\/product_brand?post=60629"},{"taxonomy":"product_cat","embeddable":true,"href":"https:\/\/poppers-online.ch\/fr\/wp-json\/wp\/v2\/product_cat?post=60629"},{"taxonomy":"product_tag","embeddable":true,"href":"https:\/\/poppers-online.ch\/fr\/wp-json\/wp\/v2\/product_tag?post=60629"}],"curies":[{"name":"wp","href":"https:\/\/api.w.org\/{rel}","templated":true}]}}