{"id":60599,"date":"2023-07-06T15:59:42","date_gmt":"2023-07-06T13:59:43","guid":{"rendered":"https:\/\/poppers-online.ch\/?post_type=product&#038;p=60599"},"modified":"2025-07-01T02:05:57","modified_gmt":"2025-07-01T00:05:57","slug":"all-black-ab29-dildo","status":"publish","type":"product","link":"https:\/\/poppers-online.ch\/fr\/produit\/all-black-ab29-dildo\/","title":{"rendered":"Godemich\u00e9 All Black AB29"},"content":{"rendered":"","protected":false},"excerpt":{"rendered":"<div>Ne pas l\u00e9siner sur les charmes, c&rsquo;est ce que propose ce godemich\u00e9 All Black AB29 \u00e0 dard g\u00e9ant. En commen\u00e7ant par un gland extr\u00eamement pointu qui s&rsquo;enfonce comme une \u00e9pine, suit une tige de plus en plus \u00e9paisse. Gr\u00e2ce \u00e0 ses rainures transversales, tout au long du godemich\u00e9, chaque insertion et chaque retrait entra\u00eene un flux de stimulation stimulant le plaisir. All Black 29 est un sextoy 100% s\u00fbr et ne contient pas de substances toxiques comme le cadmium, le plomb ou les phtalates.<\/div>\n<div>longueur : environ 26 cm<\/div>\n<div>diam\u00e8tre : environ 6 cm<\/div>\n<div>Mat\u00e9riau : PVC<\/div>\n<div>Couleur : Noir<\/div>\n","protected":false},"featured_media":60603,"comment_status":"open","ping_status":"closed","template":"","meta":{"_acf_changed":false,"iawp_total_views":36,"_glsr_average":0,"_glsr_ranking":0,"_glsr_reviews":0},"product_brand":[],"product_cat":[2085,171],"product_tag":[688,689],"class_list":{"0":"post-60599","1":"product","2":"type-product","3":"status-publish","4":"has-post-thumbnail","6":"product_cat-anal-play","7":"product_cat-sex-toys","8":"product_tag-all-black-fr","9":"product_tag-godemiche-all-black-ab29","11":"first","12":"instock","13":"taxable","14":"shipping-taxable","15":"purchasable","16":"product-type-simple"},"acf":[],"_links":{"self":[{"href":"https:\/\/poppers-online.ch\/fr\/wp-json\/wp\/v2\/product\/60599","targetHints":{"allow":["GET"]}}],"collection":[{"href":"https:\/\/poppers-online.ch\/fr\/wp-json\/wp\/v2\/product"}],"about":[{"href":"https:\/\/poppers-online.ch\/fr\/wp-json\/wp\/v2\/types\/product"}],"replies":[{"embeddable":true,"href":"https:\/\/poppers-online.ch\/fr\/wp-json\/wp\/v2\/comments?post=60599"}],"wp:featuredmedia":[{"embeddable":true,"href":"https:\/\/poppers-online.ch\/fr\/wp-json\/wp\/v2\/media\/60603"}],"wp:attachment":[{"href":"https:\/\/poppers-online.ch\/fr\/wp-json\/wp\/v2\/media?parent=60599"}],"wp:term":[{"taxonomy":"product_brand","embeddable":true,"href":"https:\/\/poppers-online.ch\/fr\/wp-json\/wp\/v2\/product_brand?post=60599"},{"taxonomy":"product_cat","embeddable":true,"href":"https:\/\/poppers-online.ch\/fr\/wp-json\/wp\/v2\/product_cat?post=60599"},{"taxonomy":"product_tag","embeddable":true,"href":"https:\/\/poppers-online.ch\/fr\/wp-json\/wp\/v2\/product_tag?post=60599"}],"curies":[{"name":"wp","href":"https:\/\/api.w.org\/{rel}","templated":true}]}}