{"id":60587,"date":"2023-07-06T15:21:50","date_gmt":"2023-07-06T13:21:50","guid":{"rendered":"https:\/\/poppers-online.ch\/?post_type=product&#038;p=60587"},"modified":"2026-01-31T02:06:09","modified_gmt":"2026-01-31T01:06:09","slug":"all-black-dildo-24-monster-dildo","status":"publish","type":"product","link":"https:\/\/poppers-online.ch\/fr\/produit\/all-black-dildo-24-monster-dildo\/","title":{"rendered":"Gode All Black 24 Monster Dildo"},"content":{"rendered":"","protected":false},"excerpt":{"rendered":"<div>Ce gode All Black 24 Monster Dildo est une splendeur aux formes parfaites et un vrai classique. Un gland magnifique, avec un anneau de gland perceptible, suivi d&rsquo;un corps lisse offre un plaisir absolu. La g\u00e9n\u00e9reuse base du testicule, qui sert \u00e9galement de pied d&rsquo;aspiration, assure une stabilit\u00e9 massive. All Black 24 est un sextoy 100% s\u00fbr et ne contient pas de substances toxiques comme le cadmium, le plomb ou les phtalates.<\/div>\n<div><\/div>\n<div>longueur totale : environ 30 cm<\/div>\n<div>diam\u00e8tre : environ 5,5 cm<\/div>\n<div>Mat\u00e9riau : PVC<\/div>\n<div>Couleur : Noir<\/div>\n<div><\/div>\n<div>D\u00e9couvre aussi le <a href=\"https:\/\/poppers-online.ch\/produkt\/all-black-ab21-fist-dildo\/\">godemich\u00e9 All Black AB21 Fist<\/a> pour encore plus de plaisir.<\/div>\n","protected":false},"featured_media":60591,"comment_status":"open","ping_status":"closed","template":"","meta":{"_acf_changed":false,"iawp_total_views":35,"_glsr_average":0,"_glsr_ranking":0,"_glsr_reviews":0},"product_brand":[],"product_cat":[2085,171],"product_tag":[688,695,665,694],"class_list":{"0":"post-60587","1":"product","2":"type-product","3":"status-publish","4":"has-post-thumbnail","6":"product_cat-anal-play","7":"product_cat-sex-toys","8":"product_tag-all-black-fr","9":"product_tag-gode-all-black-24-monster-dildo","10":"product_tag-jouet-anal","11":"product_tag-prise-anale","13":"first","14":"instock","15":"taxable","16":"shipping-taxable","17":"purchasable","18":"product-type-simple"},"acf":[],"_links":{"self":[{"href":"https:\/\/poppers-online.ch\/fr\/wp-json\/wp\/v2\/product\/60587","targetHints":{"allow":["GET"]}}],"collection":[{"href":"https:\/\/poppers-online.ch\/fr\/wp-json\/wp\/v2\/product"}],"about":[{"href":"https:\/\/poppers-online.ch\/fr\/wp-json\/wp\/v2\/types\/product"}],"replies":[{"embeddable":true,"href":"https:\/\/poppers-online.ch\/fr\/wp-json\/wp\/v2\/comments?post=60587"}],"wp:featuredmedia":[{"embeddable":true,"href":"https:\/\/poppers-online.ch\/fr\/wp-json\/wp\/v2\/media\/60591"}],"wp:attachment":[{"href":"https:\/\/poppers-online.ch\/fr\/wp-json\/wp\/v2\/media?parent=60587"}],"wp:term":[{"taxonomy":"product_brand","embeddable":true,"href":"https:\/\/poppers-online.ch\/fr\/wp-json\/wp\/v2\/product_brand?post=60587"},{"taxonomy":"product_cat","embeddable":true,"href":"https:\/\/poppers-online.ch\/fr\/wp-json\/wp\/v2\/product_cat?post=60587"},{"taxonomy":"product_tag","embeddable":true,"href":"https:\/\/poppers-online.ch\/fr\/wp-json\/wp\/v2\/product_tag?post=60587"}],"curies":[{"name":"wp","href":"https:\/\/api.w.org\/{rel}","templated":true}]}}