{"id":60559,"date":"2023-07-06T15:05:56","date_gmt":"2023-07-06T13:05:56","guid":{"rendered":"https:\/\/poppers-online.ch\/?post_type=product&#038;p=60559"},"modified":"2024-10-16T00:11:19","modified_gmt":"2024-10-15T22:11:19","slug":"all-black-ab21-fist-dildo","status":"publish","type":"product","link":"https:\/\/poppers-online.ch\/fr\/produit\/all-black-ab21-fist-dildo\/","title":{"rendered":"Godemich\u00e9 All Black AB21 Fist"},"content":{"rendered":"","protected":false},"excerpt":{"rendered":"<div>Cette reproduction r\u00e9aliste de la main du godemich\u00e9 All Black AB21 Fist garantit des jeux de baise \u00e0 mains nues \u00e0 couper le souffle. Les doigts en forme de pointe glissent doucement dans ton trou de plaisir. \u00c0 chaque centim\u00e8tre suppl\u00e9mentaire, ton trou d&rsquo;amour s&rsquo;\u00e9tire doucement jusqu&rsquo;\u00e0 ce qu&rsquo;apr\u00e8s environ 11 cm, le dos de la main soit atteint avec son diam\u00e8tre d&rsquo;environ 73 mm. \u00c0 partir d&rsquo;environ 19 cm, la main est compl\u00e8tement introduite et votre orifice de plaisir peut se d\u00e9sengager bri\u00e8vement pour atteindre un diam\u00e8tre de 50 mm. Jusqu&rsquo;\u00e0 l&rsquo;extr\u00e9mit\u00e9 du bras, le diam\u00e8tre s&rsquo;\u00e9l\u00e8ve \u00e0 environ 65 mm. La mati\u00e8re \u00e9lastique est lisse et s&rsquo;ins\u00e8re agr\u00e9ablement avec du lubrifiant. Tout simplement le marteau pour chaque f\u00e9tichiste de la baise manuelle.<\/div>\n<div><\/div>\n<div>poids : env. 960 g<\/div>\n<div>longueur totale : environ 38 cm<\/div>\n<div>diam\u00e8tre : environ 73 mm<\/div>\n<div>Mat\u00e9riau : PVC<\/div>\n<div>Couleur : Noir<\/div>\n","protected":false},"featured_media":60563,"comment_status":"open","ping_status":"closed","template":"","meta":{"_acf_changed":false,"iawp_total_views":20,"_glsr_average":0,"_glsr_ranking":0,"_glsr_reviews":0},"product_brand":[],"product_cat":[2085,171],"product_tag":[688,699,698,665,694],"class_list":{"0":"post-60559","1":"product","2":"type-product","3":"status-publish","4":"has-post-thumbnail","6":"product_cat-anal-play","7":"product_cat-sex-toys","8":"product_tag-all-black-fr","9":"product_tag-fist-toy-fr","10":"product_tag-godemiche-all-black-ab21-fist","11":"product_tag-jouet-anal","12":"product_tag-prise-anale","14":"first","15":"instock","16":"taxable","17":"shipping-taxable","18":"purchasable","19":"product-type-simple"},"acf":[],"_links":{"self":[{"href":"https:\/\/poppers-online.ch\/fr\/wp-json\/wp\/v2\/product\/60559","targetHints":{"allow":["GET"]}}],"collection":[{"href":"https:\/\/poppers-online.ch\/fr\/wp-json\/wp\/v2\/product"}],"about":[{"href":"https:\/\/poppers-online.ch\/fr\/wp-json\/wp\/v2\/types\/product"}],"replies":[{"embeddable":true,"href":"https:\/\/poppers-online.ch\/fr\/wp-json\/wp\/v2\/comments?post=60559"}],"wp:featuredmedia":[{"embeddable":true,"href":"https:\/\/poppers-online.ch\/fr\/wp-json\/wp\/v2\/media\/60563"}],"wp:attachment":[{"href":"https:\/\/poppers-online.ch\/fr\/wp-json\/wp\/v2\/media?parent=60559"}],"wp:term":[{"taxonomy":"product_brand","embeddable":true,"href":"https:\/\/poppers-online.ch\/fr\/wp-json\/wp\/v2\/product_brand?post=60559"},{"taxonomy":"product_cat","embeddable":true,"href":"https:\/\/poppers-online.ch\/fr\/wp-json\/wp\/v2\/product_cat?post=60559"},{"taxonomy":"product_tag","embeddable":true,"href":"https:\/\/poppers-online.ch\/fr\/wp-json\/wp\/v2\/product_tag?post=60559"}],"curies":[{"name":"wp","href":"https:\/\/api.w.org\/{rel}","templated":true}]}}