{"id":60534,"date":"2023-07-06T14:34:43","date_gmt":"2023-07-06T12:34:43","guid":{"rendered":"https:\/\/poppers-online.ch\/?post_type=product&#038;p=60534"},"modified":"2026-01-12T10:00:11","modified_gmt":"2026-01-12T09:00:11","slug":"all-black-ab33-plug","status":"publish","type":"product","link":"https:\/\/poppers-online.ch\/fr\/produit\/all-black-ab33-plug\/","title":{"rendered":"All Black AB33 Plug anal"},"content":{"rendered":"","protected":false},"excerpt":{"rendered":"<div>Une bombe, ce All Black AB33 Anal Plug ! Ce plug noir en forme de grenat est la garantie d&rsquo;orgasmes explosifs. La mati\u00e8re lisse et agr\u00e9able pour la peau permet \u00e0 ce jouet de p\u00e9n\u00e9trer particuli\u00e8rement facilement et tu glisses dans le paradis des sensations. Peu d&rsquo;autres godes sont aussi chauds et excitants au toucher. All Black Plug 33 est propos\u00e9 comme un jouet sexuel absolument s\u00fbr. Il ne contient aucune substance toxique comme le cadmium, le plomb ou m\u00eame le phtalate.<\/div>\n<div><\/div>\n<div>longueur : environ 14 cm<\/div>\n<div>diam\u00e8tre : environ 6,5 cm<\/div>\n<div>Mat\u00e9riau : PVC<\/div>\n<div>Couleur : Noir<\/div>\n<div><\/div>\n<div>D\u00e9couvre aussi le <a href=\"https:\/\/poppers-online.ch\/produkt\/all-black-ab29-dildo\/\">godemich\u00e9 All Black AB29<\/a> du m\u00eame fabricant.<\/div>\n","protected":false},"featured_media":60538,"comment_status":"open","ping_status":"closed","template":"","meta":{"_acf_changed":false,"iawp_total_views":13,"_glsr_average":0,"_glsr_ranking":0,"_glsr_reviews":0},"product_brand":[],"product_cat":[2085,171],"product_tag":[688,702,665,703,694],"class_list":{"0":"post-60534","1":"product","2":"type-product","3":"status-publish","4":"has-post-thumbnail","6":"product_cat-anal-play","7":"product_cat-sex-toys","8":"product_tag-all-black-fr","9":"product_tag-all-black-ab33-plug-anal","10":"product_tag-jouet-anal","11":"product_tag-plug-fr","12":"product_tag-prise-anale","14":"first","15":"instock","16":"taxable","17":"shipping-taxable","18":"purchasable","19":"product-type-simple"},"acf":[],"_links":{"self":[{"href":"https:\/\/poppers-online.ch\/fr\/wp-json\/wp\/v2\/product\/60534","targetHints":{"allow":["GET"]}}],"collection":[{"href":"https:\/\/poppers-online.ch\/fr\/wp-json\/wp\/v2\/product"}],"about":[{"href":"https:\/\/poppers-online.ch\/fr\/wp-json\/wp\/v2\/types\/product"}],"replies":[{"embeddable":true,"href":"https:\/\/poppers-online.ch\/fr\/wp-json\/wp\/v2\/comments?post=60534"}],"wp:featuredmedia":[{"embeddable":true,"href":"https:\/\/poppers-online.ch\/fr\/wp-json\/wp\/v2\/media\/60538"}],"wp:attachment":[{"href":"https:\/\/poppers-online.ch\/fr\/wp-json\/wp\/v2\/media?parent=60534"}],"wp:term":[{"taxonomy":"product_brand","embeddable":true,"href":"https:\/\/poppers-online.ch\/fr\/wp-json\/wp\/v2\/product_brand?post=60534"},{"taxonomy":"product_cat","embeddable":true,"href":"https:\/\/poppers-online.ch\/fr\/wp-json\/wp\/v2\/product_cat?post=60534"},{"taxonomy":"product_tag","embeddable":true,"href":"https:\/\/poppers-online.ch\/fr\/wp-json\/wp\/v2\/product_tag?post=60534"}],"curies":[{"name":"wp","href":"https:\/\/api.w.org\/{rel}","templated":true}]}}