{"id":60492,"date":"2023-07-06T13:56:33","date_gmt":"2023-07-06T11:56:34","guid":{"rendered":"https:\/\/poppers-online.ch\/?post_type=product&#038;p=60492"},"modified":"2024-10-16T00:11:22","modified_gmt":"2024-10-15T22:11:22","slug":"sport-fucker-energy-ring-noir","status":"publish","type":"product","link":"https:\/\/poppers-online.ch\/fr\/produit\/sport-fucker-energy-ring-noir\/","title":{"rendered":"Sport Fucker Energy Ring noir"},"content":{"rendered":"","protected":false},"excerpt":{"rendered":"<div>L&rsquo;anneau Sport Fucker Energy noir est un anneau combin\u00e9 cock-ball stretcher extr\u00eamement extensible, compos\u00e9 de trois anneaux individuels, en caoutchouc TPR super r\u00e9sistant et tr\u00e8s flexible. Peut \u00eatre port\u00e9 de diff\u00e9rentes mani\u00e8res &#8211; voir les illustrations ! Un best-seller absolu dans notre assortiment de jouets, qui t&rsquo;enthousiasmera aussi.<\/div>\n<div><\/div>\n<div>Mat\u00e9riau : TPR<\/div>\n<div>couleur : noir<\/div>\n<div><\/div>\n<div>Remarque \u00e9galement la <a href=\"https:\/\/poppers-online.ch\/fr\/produkt\/sport-fucker-energy-ring-rouge\/\">version rouge<\/a> de notre anneau \u00e9nerg\u00e9tique Sport Fucker.<\/div>\n","protected":false},"featured_media":60496,"comment_status":"open","ping_status":"closed","template":"","meta":{"_acf_changed":false,"iawp_total_views":5,"_glsr_average":0,"_glsr_ranking":0,"_glsr_reviews":0},"product_brand":[],"product_cat":[2088,2091,171],"product_tag":[708,709],"class_list":{"0":"post-60492","1":"product","2":"type-product","3":"status-publish","4":"has-post-thumbnail","6":"product_cat-ball-play","7":"product_cat-cock-play","8":"product_cat-sex-toys","9":"product_tag-sport-fucker-fr","10":"product_tag-sport-fucker-energy-ring-noir","12":"first","13":"instock","14":"taxable","15":"shipping-taxable","16":"purchasable","17":"product-type-simple"},"acf":[],"_links":{"self":[{"href":"https:\/\/poppers-online.ch\/fr\/wp-json\/wp\/v2\/product\/60492","targetHints":{"allow":["GET"]}}],"collection":[{"href":"https:\/\/poppers-online.ch\/fr\/wp-json\/wp\/v2\/product"}],"about":[{"href":"https:\/\/poppers-online.ch\/fr\/wp-json\/wp\/v2\/types\/product"}],"replies":[{"embeddable":true,"href":"https:\/\/poppers-online.ch\/fr\/wp-json\/wp\/v2\/comments?post=60492"}],"wp:featuredmedia":[{"embeddable":true,"href":"https:\/\/poppers-online.ch\/fr\/wp-json\/wp\/v2\/media\/60496"}],"wp:attachment":[{"href":"https:\/\/poppers-online.ch\/fr\/wp-json\/wp\/v2\/media?parent=60492"}],"wp:term":[{"taxonomy":"product_brand","embeddable":true,"href":"https:\/\/poppers-online.ch\/fr\/wp-json\/wp\/v2\/product_brand?post=60492"},{"taxonomy":"product_cat","embeddable":true,"href":"https:\/\/poppers-online.ch\/fr\/wp-json\/wp\/v2\/product_cat?post=60492"},{"taxonomy":"product_tag","embeddable":true,"href":"https:\/\/poppers-online.ch\/fr\/wp-json\/wp\/v2\/product_tag?post=60492"}],"curies":[{"name":"wp","href":"https:\/\/api.w.org\/{rel}","templated":true}]}}