{"id":60440,"date":"2023-07-06T13:06:18","date_gmt":"2023-07-06T11:06:18","guid":{"rendered":"https:\/\/poppers-online.ch\/?post_type=product&#038;p=60440"},"modified":"2024-10-16T00:11:25","modified_gmt":"2024-10-15T22:11:25","slug":"sport-fucker-chubby-cockring-3-pack-noir","status":"publish","type":"product","link":"https:\/\/poppers-online.ch\/fr\/produit\/sport-fucker-chubby-cockring-3-pack-noir\/","title":{"rendered":"Cockring Sport Fucker Chubby 3-Pack noir"},"content":{"rendered":"","protected":false},"excerpt":{"rendered":"<div>Le cockring Sport Fucker Chubby 3-Pack noir de Sport Fucker est extr\u00eamement extensible et peut \u00eatre utilis\u00e9 de mani\u00e8re polyvalente.<\/div>\n<div>L&rsquo;imagination n&rsquo;a pas de limites.<\/div>\n<div>Fabriqu\u00e9 en silicone m\u00e9dical TPR.<br \/>\ndiam\u00e8tre : 52mm<\/div>\n<div>Diam\u00e8tre int\u00e9rieur : 22mm<\/div>\n<div>\u00e9paisseur : 12mm<br \/>\ncouleur : noir<\/div>\n<div><\/div>\n<div>Tu peux aussi acheter le cockring Sport Fucker Chubby <a href=\"https:\/\/poppers-online.ch\/produkt\/sport-fucker-chubby-cockring-schwarz\/\">s\u00e9par\u00e9ment<\/a>. D\u00e9couvre d&rsquo;autres jouets Sport Fucker passionnants dans notre assortiment.<\/div>\n","protected":false},"featured_media":60448,"comment_status":"open","ping_status":"closed","template":"","meta":{"_acf_changed":false,"iawp_total_views":5,"_glsr_average":0,"_glsr_ranking":0,"_glsr_reviews":0},"product_brand":[],"product_cat":[2091,171],"product_tag":[712,708,717],"class_list":{"0":"post-60440","1":"product","2":"type-product","3":"status-publish","4":"has-post-thumbnail","6":"product_cat-cock-play","7":"product_cat-sex-toys","8":"product_tag-ball-stretcher-fr","9":"product_tag-sport-fucker-fr","10":"product_tag-sport-fucker-muscle-ball-stretcher-fr","12":"first","13":"instock","14":"taxable","15":"shipping-taxable","16":"purchasable","17":"product-type-simple"},"acf":[],"_links":{"self":[{"href":"https:\/\/poppers-online.ch\/fr\/wp-json\/wp\/v2\/product\/60440","targetHints":{"allow":["GET"]}}],"collection":[{"href":"https:\/\/poppers-online.ch\/fr\/wp-json\/wp\/v2\/product"}],"about":[{"href":"https:\/\/poppers-online.ch\/fr\/wp-json\/wp\/v2\/types\/product"}],"replies":[{"embeddable":true,"href":"https:\/\/poppers-online.ch\/fr\/wp-json\/wp\/v2\/comments?post=60440"}],"wp:featuredmedia":[{"embeddable":true,"href":"https:\/\/poppers-online.ch\/fr\/wp-json\/wp\/v2\/media\/60448"}],"wp:attachment":[{"href":"https:\/\/poppers-online.ch\/fr\/wp-json\/wp\/v2\/media?parent=60440"}],"wp:term":[{"taxonomy":"product_brand","embeddable":true,"href":"https:\/\/poppers-online.ch\/fr\/wp-json\/wp\/v2\/product_brand?post=60440"},{"taxonomy":"product_cat","embeddable":true,"href":"https:\/\/poppers-online.ch\/fr\/wp-json\/wp\/v2\/product_cat?post=60440"},{"taxonomy":"product_tag","embeddable":true,"href":"https:\/\/poppers-online.ch\/fr\/wp-json\/wp\/v2\/product_tag?post=60440"}],"curies":[{"name":"wp","href":"https:\/\/api.w.org\/{rel}","templated":true}]}}