{"id":60428,"date":"2023-07-06T13:00:04","date_gmt":"2023-07-06T11:00:04","guid":{"rendered":"https:\/\/poppers-online.ch\/?post_type=product&#038;p=60428"},"modified":"2024-10-16T00:11:26","modified_gmt":"2024-10-15T22:11:26","slug":"sport-fucker-muscle-ball-stretcher","status":"publish","type":"product","link":"https:\/\/poppers-online.ch\/fr\/produit\/sport-fucker-muscle-ball-stretcher\/","title":{"rendered":"Sport Fucker Muscle Ball Stretcher"},"content":{"rendered":"","protected":false},"excerpt":{"rendered":"<div>Avec le Sport Fucker Muscle Ball Stretcher, tes couilles sont \u00e9tir\u00e9es. Sens la pression sur tes couilles et profite de la sensation m\u00e9ga. Tr\u00e8s extensible, souple et stable.<\/div>\n<div><\/div>\n<div>couleur : noir<\/div>\n<div>diam\u00e8tre int\u00e9rieur : 3 cm<\/div>\n<div>Diam\u00e8tre ext\u00e9rieur : 4.4 &#8211; 5.6cm<\/div>\n<div>hauteur : 4 cm<\/div>\n<div><\/div>\n<div>Pourquoi ne pas essayer le <a href=\"https:\/\/poppers-online.ch\/fr\/produkt\/sport-fucker-chubby-cockring-noir\/\">cockring Sport Fucker Chubby noir<\/a> et \u00e9crire un commentaire sur ce produit ?<\/div>\n","protected":false},"featured_media":60432,"comment_status":"open","ping_status":"closed","template":"","meta":{"_acf_changed":false,"iawp_total_views":5,"_glsr_average":0,"_glsr_ranking":0,"_glsr_reviews":0},"product_brand":[],"product_cat":[2088,171],"product_tag":[712,708,717],"class_list":{"0":"post-60428","1":"product","2":"type-product","3":"status-publish","4":"has-post-thumbnail","6":"product_cat-ball-play","7":"product_cat-sex-toys","8":"product_tag-ball-stretcher-fr","9":"product_tag-sport-fucker-fr","10":"product_tag-sport-fucker-muscle-ball-stretcher-fr","12":"first","13":"outofstock","14":"taxable","15":"shipping-taxable","16":"purchasable","17":"product-type-simple"},"acf":[],"_links":{"self":[{"href":"https:\/\/poppers-online.ch\/fr\/wp-json\/wp\/v2\/product\/60428","targetHints":{"allow":["GET"]}}],"collection":[{"href":"https:\/\/poppers-online.ch\/fr\/wp-json\/wp\/v2\/product"}],"about":[{"href":"https:\/\/poppers-online.ch\/fr\/wp-json\/wp\/v2\/types\/product"}],"replies":[{"embeddable":true,"href":"https:\/\/poppers-online.ch\/fr\/wp-json\/wp\/v2\/comments?post=60428"}],"wp:featuredmedia":[{"embeddable":true,"href":"https:\/\/poppers-online.ch\/fr\/wp-json\/wp\/v2\/media\/60432"}],"wp:attachment":[{"href":"https:\/\/poppers-online.ch\/fr\/wp-json\/wp\/v2\/media?parent=60428"}],"wp:term":[{"taxonomy":"product_brand","embeddable":true,"href":"https:\/\/poppers-online.ch\/fr\/wp-json\/wp\/v2\/product_brand?post=60428"},{"taxonomy":"product_cat","embeddable":true,"href":"https:\/\/poppers-online.ch\/fr\/wp-json\/wp\/v2\/product_cat?post=60428"},{"taxonomy":"product_tag","embeddable":true,"href":"https:\/\/poppers-online.ch\/fr\/wp-json\/wp\/v2\/product_tag?post=60428"}],"curies":[{"name":"wp","href":"https:\/\/api.w.org\/{rel}","templated":true}]}}