{"id":60415,"date":"2023-07-06T12:55:00","date_gmt":"2023-07-06T10:55:01","guid":{"rendered":"https:\/\/poppers-online.ch\/?post_type=product&#038;p=60415"},"modified":"2024-10-16T00:11:27","modified_gmt":"2024-10-15T22:11:27","slug":"sport-fucker-trainer-ring-rouge","status":"publish","type":"product","link":"https:\/\/poppers-online.ch\/fr\/produit\/sport-fucker-trainer-ring-rouge\/","title":{"rendered":"Anneau Sport Fucker Trainer rouge"},"content":{"rendered":"","protected":false},"excerpt":{"rendered":"<div>L&rsquo;anneau Sport Fucker Trainer rouge est un anneau cock-ball extr\u00eamement extensible compos\u00e9 de deux anneaux reli\u00e9s entre eux, en caoutchouc TPR super r\u00e9sistant et tr\u00e8s flexible. Peut \u00eatre port\u00e9 de diff\u00e9rentes mani\u00e8res &#8211; voir les illustrations !<\/div>\n<div><\/div>\n<div>Mat\u00e9riau : TPR<\/div>\n<div>couleur : rouge<\/div>\n<div><\/div>\n<div>Tu pr\u00e9f\u00e8res la version noire ? Ensuite, va au <a href=\"https:\/\/poppers-online.ch\/fr\/produkt\/sport-fucker-trainer-ring-noir\/\">Sport Fucker Trainer Ring noir<\/a>.<\/div>\n","protected":false},"featured_media":60419,"comment_status":"open","ping_status":"closed","template":"","meta":{"_acf_changed":false,"iawp_total_views":8,"_glsr_average":0,"_glsr_ranking":0,"_glsr_reviews":0},"product_brand":[],"product_cat":[2088,2091,171],"product_tag":[720,718,719,708],"class_list":{"0":"post-60415","1":"product","2":"type-product","3":"status-publish","4":"has-post-thumbnail","6":"product_cat-ball-play","7":"product_cat-cock-play","8":"product_cat-sex-toys","9":"product_tag-anneau-sport-fucker-trainer-rouge","10":"product_tag-cock-ring-fr","11":"product_tag-cockring-fr","12":"product_tag-sport-fucker-fr","14":"first","15":"instock","16":"taxable","17":"shipping-taxable","18":"purchasable","19":"product-type-simple"},"acf":[],"_links":{"self":[{"href":"https:\/\/poppers-online.ch\/fr\/wp-json\/wp\/v2\/product\/60415","targetHints":{"allow":["GET"]}}],"collection":[{"href":"https:\/\/poppers-online.ch\/fr\/wp-json\/wp\/v2\/product"}],"about":[{"href":"https:\/\/poppers-online.ch\/fr\/wp-json\/wp\/v2\/types\/product"}],"replies":[{"embeddable":true,"href":"https:\/\/poppers-online.ch\/fr\/wp-json\/wp\/v2\/comments?post=60415"}],"wp:featuredmedia":[{"embeddable":true,"href":"https:\/\/poppers-online.ch\/fr\/wp-json\/wp\/v2\/media\/60419"}],"wp:attachment":[{"href":"https:\/\/poppers-online.ch\/fr\/wp-json\/wp\/v2\/media?parent=60415"}],"wp:term":[{"taxonomy":"product_brand","embeddable":true,"href":"https:\/\/poppers-online.ch\/fr\/wp-json\/wp\/v2\/product_brand?post=60415"},{"taxonomy":"product_cat","embeddable":true,"href":"https:\/\/poppers-online.ch\/fr\/wp-json\/wp\/v2\/product_cat?post=60415"},{"taxonomy":"product_tag","embeddable":true,"href":"https:\/\/poppers-online.ch\/fr\/wp-json\/wp\/v2\/product_tag?post=60415"}],"curies":[{"name":"wp","href":"https:\/\/api.w.org\/{rel}","templated":true}]}}